{"id":17594,"date":"2023-06-27T09:21:27","date_gmt":"2023-06-27T01:21:27","guid":{"rendered":"https:\/\/www.lidercare.com\/usine-certifiee\/"},"modified":"2026-03-31T15:49:14","modified_gmt":"2026-03-31T07:49:14","slug":"usine-certifiee","status":"publish","type":"page","link":"https:\/\/www.lidercare.com\/fr\/usine-certifiee\/","title":{"rendered":"Usine certifi\u00e9e"},"content":{"rendered":"\t\t<div data-elementor-type=\"wp-page\" data-elementor-id=\"17594\" class=\"elementor elementor-17594 elementor-1037\" data-elementor-post-type=\"page\">\n\t\t\t\t<div class=\"elementor-element elementor-element-5ee96bfa e-flex e-con-boxed e-con e-parent\" data-id=\"5ee96bfa\" data-element_type=\"container\" data-e-type=\"container\" data-settings=\"{&quot;background_background&quot;:&quot;gradient&quot;}\">\n\t\t\t\t\t<div class=\"e-con-inner\">\n\t\t\t\t<div class=\"elementor-element elementor-element-9021f00 elementor-widget elementor-widget-heading\" data-id=\"9021f00\" data-element_type=\"widget\" data-e-type=\"widget\" data-widget_type=\"heading.default\">\n\t\t\t\t<div class=\"elementor-widget-container\">\n\t\t\t\t\t<h1 class=\"elementor-heading-title elementor-size-default\">Certifications Lidercare<\/h1>\t\t\t\t<\/div>\n\t\t\t\t<\/div>\n\t\t\t\t<div class=\"elementor-element elementor-element-77c0284 elementor-widget elementor-widget-text-editor\" data-id=\"77c0284\" data-element_type=\"widget\" data-e-type=\"widget\" data-widget_type=\"text-editor.default\">\n\t\t\t\t<div class=\"elementor-widget-container\">\n\t\t\t\t\t\t\t\t\t<p>Engag\u00e9 en faveur de la s\u00e9curit\u00e9 et des normes de qualit\u00e9 les plus strictes.<\/p>\t\t\t\t\t\t\t\t<\/div>\n\t\t\t\t<\/div>\n\t\t\t\t<div class=\"elementor-element elementor-element-24bfef3 elementor-widget elementor-widget-breadcrumbs\" data-id=\"24bfef3\" data-element_type=\"widget\" data-e-type=\"widget\" data-widget_type=\"breadcrumbs.default\">\n\t\t\t\t<div class=\"elementor-widget-container\">\n\t\t\t\t\t<nav><span class=\"last\">Accueil<\/span><\/nav>\t\t\t\t<\/div>\n\t\t\t\t<\/div>\n\t\t\t\t\t<\/div>\n\t\t\t\t<\/div>\n\t\t<div class=\"elementor-element elementor-element-ce32426 e-flex e-con-boxed e-con e-parent\" data-id=\"ce32426\" data-element_type=\"container\" data-e-type=\"container\">\n\t\t\t\t\t<div class=\"e-con-inner\">\n\t\t\t\t<div class=\"elementor-element elementor-element-1663d40 elementor-widget elementor-widget-heading\" data-id=\"1663d40\" data-element_type=\"widget\" data-e-type=\"widget\" data-widget_type=\"heading.default\">\n\t\t\t\t<div class=\"elementor-widget-container\">\n\t\t\t\t\t<h2 class=\"elementor-heading-title elementor-size-default\">Brevets, certifications, r\u00e9compenses<\/h2>\t\t\t\t<\/div>\n\t\t\t\t<\/div>\n\t\t\t\t<div class=\"elementor-element elementor-element-5407e83 elementor-widget elementor-widget-text-editor\" data-id=\"5407e83\" data-element_type=\"widget\" data-e-type=\"widget\" data-widget_type=\"text-editor.default\">\n\t\t\t\t<div class=\"elementor-widget-container\">\n\t\t\t\t\t\t\t\t\t<p>Les produits d&rsquo;hygi\u00e8ne bucco-dentaire et de blanchiment des dents sont g\u00e9n\u00e9ralement consid\u00e9r\u00e9s comme s\u00fbrs et class\u00e9s dans la cat\u00e9gorie des produits cosm\u00e9tiques dans le monde.<\/p><p>Comme pour tous les produits entrant en contact avec le corps humain et susceptibles d&rsquo;\u00eatre ing\u00e9r\u00e9s, la s\u00e9curit\u00e9 d\u00e9pend de la fiabilit\u00e9 de la source du produit. Lidercare est fier de fabriquer tous ses produits de blanchiment des dents en Chine, sous une supervision et des protocoles de test rigoureux afin de garantir la s\u00e9curit\u00e9 et l&rsquo;efficacit\u00e9 maximales des produits.<br><br>Les produits de blanchiment des dents et d&rsquo;hygi\u00e8ne bucco-dentaire peuvent \u00eatre soumis \u00e0 des r\u00e9glementations gouvernementales dans certaines r\u00e9gions du monde. Notre usine est certifi\u00e9e ISO 22716\/cGMP ; nous fournissons des documents de conformit\u00e9 tels que des FDS, des COA et des rapports de stabilit\u00e9. <\/p>\t\t\t\t\t\t\t\t<\/div>\n\t\t\t\t<\/div>\n\t\t<div class=\"elementor-element elementor-element-3357bd9 e-flex e-con-boxed e-con e-child\" data-id=\"3357bd9\" data-element_type=\"container\" data-e-type=\"container\">\n\t\t\t\t\t<div class=\"e-con-inner\">\n\t\t<div class=\"elementor-element elementor-element-e12062e e-con-full e-flex e-con e-child\" data-id=\"e12062e\" data-element_type=\"container\" data-e-type=\"container\">\n\t\t\t\t<div class=\"elementor-element elementor-element-740edc5 elementor-widget elementor-widget-image\" data-id=\"740edc5\" data-element_type=\"widget\" data-e-type=\"widget\" data-widget_type=\"image.default\">\n\t\t\t\t<div class=\"elementor-widget-container\">\n\t\t\t\t\t\t\t\t\t\t\t\t\t\t\t<img fetchpriority=\"high\" decoding=\"async\" width=\"280\" height=\"396\" src=\"https:\/\/www.lidercare.com\/wp-content\/uploads\/FDA.webp\" class=\"attachment-large size-large wp-image-13196\" alt=\"FDA\" \/>\t\t\t\t\t\t\t\t\t\t\t\t\t\t\t<\/div>\n\t\t\t\t<\/div>\n\t\t\t\t<div class=\"elementor-element elementor-element-3fd9201 elementor-widget elementor-widget-heading\" data-id=\"3fd9201\" data-element_type=\"widget\" data-e-type=\"widget\" data-widget_type=\"heading.default\">\n\t\t\t\t<div class=\"elementor-widget-container\">\n\t\t\t\t\t<h6 class=\"elementor-heading-title elementor-size-default\">FDA<\/h6>\t\t\t\t<\/div>\n\t\t\t\t<\/div>\n\t\t\t\t<\/div>\n\t\t<div class=\"elementor-element elementor-element-4e666dc e-con-full e-flex e-con e-child\" data-id=\"4e666dc\" data-element_type=\"container\" data-e-type=\"container\">\n\t\t\t\t<div class=\"elementor-element elementor-element-ccf046b elementor-widget elementor-widget-image\" data-id=\"ccf046b\" data-element_type=\"widget\" data-e-type=\"widget\" data-widget_type=\"image.default\">\n\t\t\t\t<div class=\"elementor-widget-container\">\n\t\t\t\t\t\t\t\t\t\t\t\t\t\t\t<img decoding=\"async\" width=\"280\" height=\"396\" src=\"https:\/\/www.lidercare.com\/wp-content\/uploads\/CE-certification-mouthguard.webp\" class=\"attachment-large size-large wp-image-13171\" alt=\"CE-certification-mouthguard\" \/>\t\t\t\t\t\t\t\t\t\t\t\t\t\t\t<\/div>\n\t\t\t\t<\/div>\n\t\t\t\t<div class=\"elementor-element elementor-element-37b73f6 elementor-widget elementor-widget-heading\" data-id=\"37b73f6\" data-element_type=\"widget\" data-e-type=\"widget\" data-widget_type=\"heading.default\">\n\t\t\t\t<div class=\"elementor-widget-container\">\n\t\t\t\t\t<h6 class=\"elementor-heading-title elementor-size-default\">Prot\u00e8ge-dents certifi\u00e9 CE<\/h6>\t\t\t\t<\/div>\n\t\t\t\t<\/div>\n\t\t\t\t<\/div>\n\t\t<div class=\"elementor-element elementor-element-c7e0910 e-con-full e-flex e-con e-child\" data-id=\"c7e0910\" data-element_type=\"container\" data-e-type=\"container\">\n\t\t\t\t<div class=\"elementor-element elementor-element-684ce64 elementor-widget elementor-widget-image\" data-id=\"684ce64\" data-element_type=\"widget\" data-e-type=\"widget\" data-widget_type=\"image.default\">\n\t\t\t\t<div class=\"elementor-widget-container\">\n\t\t\t\t\t\t\t\t\t\t\t\t\t\t\t<img decoding=\"async\" width=\"280\" height=\"396\" src=\"https:\/\/www.lidercare.com\/wp-content\/uploads\/PPE-certification-sports-mouthguard.webp\" class=\"attachment-large size-large wp-image-13206\" alt=\"PPE-certification-sports-mouthguard\" \/>\t\t\t\t\t\t\t\t\t\t\t\t\t\t\t<\/div>\n\t\t\t\t<\/div>\n\t\t\t\t<div class=\"elementor-element elementor-element-e25f589 elementor-widget elementor-widget-heading\" data-id=\"e25f589\" data-element_type=\"widget\" data-e-type=\"widget\" data-widget_type=\"heading.default\">\n\t\t\t\t<div class=\"elementor-widget-container\">\n\t\t\t\t\t<h6 class=\"elementor-heading-title elementor-size-default\">Prot\u00e8ge-dents de sport certifi\u00e9 EPI<\/h6>\t\t\t\t<\/div>\n\t\t\t\t<\/div>\n\t\t\t\t<\/div>\n\t\t<div class=\"elementor-element elementor-element-45ddbc8 e-con-full e-flex e-con e-child\" data-id=\"45ddbc8\" data-element_type=\"container\" data-e-type=\"container\">\n\t\t\t\t<div class=\"elementor-element elementor-element-9de8084 elementor-widget elementor-widget-image\" data-id=\"9de8084\" data-element_type=\"widget\" data-e-type=\"widget\" data-widget_type=\"image.default\">\n\t\t\t\t<div class=\"elementor-widget-container\">\n\t\t\t\t\t\t\t\t\t\t\t\t\t\t\t<img loading=\"lazy\" decoding=\"async\" width=\"280\" height=\"396\" src=\"https:\/\/www.lidercare.com\/wp-content\/uploads\/CE.ATEX-BCT12JC-1921S.webp\" class=\"attachment-large size-large wp-image-13166\" alt=\"CE.ATEX-BCT12JC-1921S\" \/>\t\t\t\t\t\t\t\t\t\t\t\t\t\t\t<\/div>\n\t\t\t\t<\/div>\n\t\t\t\t<div class=\"elementor-element elementor-element-a518e8f elementor-widget elementor-widget-heading\" data-id=\"a518e8f\" data-element_type=\"widget\" data-e-type=\"widget\" data-widget_type=\"heading.default\">\n\t\t\t\t<div class=\"elementor-widget-container\">\n\t\t\t\t\t<h6 class=\"elementor-heading-title elementor-size-default\">CE ATEX BCT12JC 1921S<\/h6>\t\t\t\t<\/div>\n\t\t\t\t<\/div>\n\t\t\t\t<\/div>\n\t\t\t\t\t<\/div>\n\t\t\t\t<\/div>\n\t\t<div class=\"elementor-element elementor-element-e07d780 e-flex e-con-boxed e-con e-child\" data-id=\"e07d780\" data-element_type=\"container\" data-e-type=\"container\">\n\t\t\t\t\t<div class=\"e-con-inner\">\n\t\t<div class=\"elementor-element elementor-element-329469d e-con-full e-flex e-con e-child\" data-id=\"329469d\" data-element_type=\"container\" data-e-type=\"container\">\n\t\t\t\t<div class=\"elementor-element elementor-element-4ccdbf3 elementor-widget elementor-widget-image\" data-id=\"4ccdbf3\" data-element_type=\"widget\" data-e-type=\"widget\" data-widget_type=\"image.default\">\n\t\t\t\t<div class=\"elementor-widget-container\">\n\t\t\t\t\t\t\t\t\t\t\t\t\t\t\t<img loading=\"lazy\" decoding=\"async\" width=\"280\" height=\"396\" src=\"https:\/\/www.lidercare.com\/wp-content\/uploads\/CE-Medical.webp\" class=\"attachment-large size-large wp-image-13176\" alt=\"CE-Medical\" \/>\t\t\t\t\t\t\t\t\t\t\t\t\t\t\t<\/div>\n\t\t\t\t<\/div>\n\t\t\t\t<div class=\"elementor-element elementor-element-24dbbcb elementor-widget elementor-widget-heading\" data-id=\"24dbbcb\" data-element_type=\"widget\" data-e-type=\"widget\" data-widget_type=\"heading.default\">\n\t\t\t\t<div class=\"elementor-widget-container\">\n\t\t\t\t\t<h6 class=\"elementor-heading-title elementor-size-default\">CE M\u00e9dical<\/h6>\t\t\t\t<\/div>\n\t\t\t\t<\/div>\n\t\t\t\t<\/div>\n\t\t<div class=\"elementor-element elementor-element-7604303 e-con-full e-flex e-con e-child\" data-id=\"7604303\" data-element_type=\"container\" data-e-type=\"container\">\n\t\t\t\t<div class=\"elementor-element elementor-element-aa8dcff elementor-widget elementor-widget-image\" data-id=\"aa8dcff\" data-element_type=\"widget\" data-e-type=\"widget\" data-widget_type=\"image.default\">\n\t\t\t\t<div class=\"elementor-widget-container\">\n\t\t\t\t\t\t\t\t\t\t\t\t\t\t\t<img loading=\"lazy\" decoding=\"async\" width=\"280\" height=\"396\" src=\"https:\/\/www.lidercare.com\/wp-content\/uploads\/CHINA-Patent-teeth-whitening-light.webp\" class=\"attachment-large size-large wp-image-13181\" alt=\"CHINA-Patent-teeth-whitening-light\" \/>\t\t\t\t\t\t\t\t\t\t\t\t\t\t\t<\/div>\n\t\t\t\t<\/div>\n\t\t\t\t<div class=\"elementor-element elementor-element-71d0ad5 elementor-widget elementor-widget-heading\" data-id=\"71d0ad5\" data-element_type=\"widget\" data-e-type=\"widget\" data-widget_type=\"heading.default\">\n\t\t\t\t<div class=\"elementor-widget-container\">\n\t\t\t\t\t<h6 class=\"elementor-heading-title elementor-size-default\">Brevet CHINA Lumi\u00e8re de blanchiment des dents<\/h6>\t\t\t\t<\/div>\n\t\t\t\t<\/div>\n\t\t\t\t<\/div>\n\t\t<div class=\"elementor-element elementor-element-e7e28a7 e-con-full e-flex e-con e-child\" data-id=\"e7e28a7\" data-element_type=\"container\" data-e-type=\"container\">\n\t\t\t\t<div class=\"elementor-element elementor-element-9cbfc41 elementor-widget elementor-widget-image\" data-id=\"9cbfc41\" data-element_type=\"widget\" data-e-type=\"widget\" data-widget_type=\"image.default\">\n\t\t\t\t<div class=\"elementor-widget-container\">\n\t\t\t\t\t\t\t\t\t\t\t\t\t\t\t<img loading=\"lazy\" decoding=\"async\" width=\"280\" height=\"396\" src=\"https:\/\/www.lidercare.com\/wp-content\/uploads\/patent-1.webp\" class=\"attachment-large size-large wp-image-13201\" alt=\"patent-1\" \/>\t\t\t\t\t\t\t\t\t\t\t\t\t\t\t<\/div>\n\t\t\t\t<\/div>\n\t\t\t\t<div class=\"elementor-element elementor-element-cd7f9f6 elementor-widget elementor-widget-heading\" data-id=\"cd7f9f6\" data-element_type=\"widget\" data-e-type=\"widget\" data-widget_type=\"heading.default\">\n\t\t\t\t<div class=\"elementor-widget-container\">\n\t\t\t\t\t<h6 class=\"elementor-heading-title elementor-size-default\">Brevet<\/h6>\t\t\t\t<\/div>\n\t\t\t\t<\/div>\n\t\t\t\t<\/div>\n\t\t<div class=\"elementor-element elementor-element-7ad8ae5 e-con-full e-flex e-con e-child\" data-id=\"7ad8ae5\" data-element_type=\"container\" data-e-type=\"container\">\n\t\t\t\t<div class=\"elementor-element elementor-element-7d46f39 elementor-widget elementor-widget-image\" data-id=\"7d46f39\" data-element_type=\"widget\" data-e-type=\"widget\" data-widget_type=\"image.default\">\n\t\t\t\t<div class=\"elementor-widget-container\">\n\t\t\t\t\t\t\t\t\t\t\t\t\t\t\t<img loading=\"lazy\" decoding=\"async\" width=\"280\" height=\"396\" src=\"https:\/\/www.lidercare.com\/wp-content\/uploads\/teeth-whitening-gel-MSDS.webp\" class=\"attachment-large size-large wp-image-13211\" alt=\"teeth-whitening-gel-MSDS\" \/>\t\t\t\t\t\t\t\t\t\t\t\t\t\t\t<\/div>\n\t\t\t\t<\/div>\n\t\t\t\t<div class=\"elementor-element elementor-element-09dd401 elementor-widget elementor-widget-heading\" data-id=\"09dd401\" data-element_type=\"widget\" data-e-type=\"widget\" data-widget_type=\"heading.default\">\n\t\t\t\t<div class=\"elementor-widget-container\">\n\t\t\t\t\t<h6 class=\"elementor-heading-title elementor-size-default\">Gel de blanchiment des dents MSDS<\/h6>\t\t\t\t<\/div>\n\t\t\t\t<\/div>\n\t\t\t\t<\/div>\n\t\t\t\t\t<\/div>\n\t\t\t\t<\/div>\n\t\t\t\t\t<\/div>\n\t\t\t\t<\/div>\n\t\t<div class=\"elementor-element elementor-element-a31e144 e-flex e-con-boxed e-con e-parent\" data-id=\"a31e144\" data-element_type=\"container\" data-e-type=\"container\">\n\t\t\t\t\t<div class=\"e-con-inner\">\n\t\t\t\t<div class=\"elementor-element elementor-element-bf66aea elementor-widget elementor-widget-heading\" data-id=\"bf66aea\" data-element_type=\"widget\" data-e-type=\"widget\" data-widget_type=\"heading.default\">\n\t\t\t\t<div class=\"elementor-widget-container\">\n\t\t\t\t\t<h2 class=\"elementor-heading-title elementor-size-default\">Rapports sur le gel blanchissant PAP+<\/h2>\t\t\t\t<\/div>\n\t\t\t\t<\/div>\n\t\t<div class=\"elementor-element elementor-element-855fe92 e-flex e-con-boxed e-con e-child\" data-id=\"855fe92\" data-element_type=\"container\" data-e-type=\"container\">\n\t\t\t\t\t<div class=\"e-con-inner\">\n\t\t<div class=\"elementor-element elementor-element-c7322e8 e-con-full e-flex e-con e-child\" data-id=\"c7322e8\" data-element_type=\"container\" data-e-type=\"container\">\n\t\t\t\t<div class=\"elementor-element elementor-element-bfcf25f elementor-widget elementor-widget-image\" data-id=\"bfcf25f\" data-element_type=\"widget\" data-e-type=\"widget\" data-widget_type=\"image.default\">\n\t\t\t\t<div class=\"elementor-widget-container\">\n\t\t\t\t\t\t\t\t\t\t\t\t\t\t\t<img loading=\"lazy\" decoding=\"async\" width=\"280\" height=\"396\" src=\"https:\/\/www.lidercare.com\/wp-content\/uploads\/TRA-of-Australia-1.webp\" class=\"attachment-large size-large wp-image-13216\" alt=\"TRA-of-Australia\" \/>\t\t\t\t\t\t\t\t\t\t\t\t\t\t\t<\/div>\n\t\t\t\t<\/div>\n\t\t\t\t<div class=\"elementor-element elementor-element-e622bb3 elementor-widget elementor-widget-heading\" data-id=\"e622bb3\" data-element_type=\"widget\" data-e-type=\"widget\" data-widget_type=\"heading.default\">\n\t\t\t\t<div class=\"elementor-widget-container\">\n\t\t\t\t\t<h6 class=\"elementor-heading-title elementor-size-default\">TRA d'Australie<\/h6>\t\t\t\t<\/div>\n\t\t\t\t<\/div>\n\t\t\t\t<\/div>\n\t\t<div class=\"elementor-element elementor-element-7817e84 e-con-full e-flex e-con e-child\" data-id=\"7817e84\" data-element_type=\"container\" data-e-type=\"container\">\n\t\t\t\t<div class=\"elementor-element elementor-element-5623299 elementor-widget elementor-widget-image\" data-id=\"5623299\" data-element_type=\"widget\" data-e-type=\"widget\" data-widget_type=\"image.default\">\n\t\t\t\t<div class=\"elementor-widget-container\">\n\t\t\t\t\t\t\t\t\t\t\t\t\t\t\t<img loading=\"lazy\" decoding=\"async\" width=\"280\" height=\"396\" src=\"https:\/\/www.lidercare.com\/wp-content\/uploads\/TRA-of-US-1.webp\" class=\"attachment-large size-large wp-image-13221\" alt=\"TRA-of-US\" \/>\t\t\t\t\t\t\t\t\t\t\t\t\t\t\t<\/div>\n\t\t\t\t<\/div>\n\t\t\t\t<div class=\"elementor-element elementor-element-8e1d2b4 elementor-widget elementor-widget-heading\" data-id=\"8e1d2b4\" data-element_type=\"widget\" data-e-type=\"widget\" data-widget_type=\"heading.default\">\n\t\t\t\t<div class=\"elementor-widget-container\">\n\t\t\t\t\t<h6 class=\"elementor-heading-title elementor-size-default\">TRA des \u00c9tats-Unis<\/h6>\t\t\t\t<\/div>\n\t\t\t\t<\/div>\n\t\t\t\t<\/div>\n\t\t<div class=\"elementor-element elementor-element-b8eb78c e-con-full e-flex e-con e-child\" data-id=\"b8eb78c\" data-element_type=\"container\" data-e-type=\"container\">\n\t\t\t\t<div class=\"elementor-element elementor-element-94f5b94 elementor-widget elementor-widget-image\" data-id=\"94f5b94\" data-element_type=\"widget\" data-e-type=\"widget\" data-widget_type=\"image.default\">\n\t\t\t\t<div class=\"elementor-widget-container\">\n\t\t\t\t\t\t\t\t\t\t\t\t\t\t\t<img loading=\"lazy\" decoding=\"async\" width=\"280\" height=\"396\" src=\"https:\/\/www.lidercare.com\/wp-content\/uploads\/CPSR-of-EU-1.webp\" class=\"attachment-large size-large wp-image-13186\" alt=\"CPSR-of-EU\" \/>\t\t\t\t\t\t\t\t\t\t\t\t\t\t\t<\/div>\n\t\t\t\t<\/div>\n\t\t\t\t<div class=\"elementor-element elementor-element-4e0f6cc elementor-widget elementor-widget-heading\" data-id=\"4e0f6cc\" data-element_type=\"widget\" data-e-type=\"widget\" data-widget_type=\"heading.default\">\n\t\t\t\t<div class=\"elementor-widget-container\">\n\t\t\t\t\t<h6 class=\"elementor-heading-title elementor-size-default\">CPSR de l'UE<\/h6>\t\t\t\t<\/div>\n\t\t\t\t<\/div>\n\t\t\t\t<\/div>\n\t\t<div class=\"elementor-element elementor-element-c33e643 e-con-full e-flex e-con e-child\" data-id=\"c33e643\" data-element_type=\"container\" data-e-type=\"container\">\n\t\t\t\t<div class=\"elementor-element elementor-element-c2f2b29 elementor-widget elementor-widget-image\" data-id=\"c2f2b29\" data-element_type=\"widget\" data-e-type=\"widget\" data-widget_type=\"image.default\">\n\t\t\t\t<div class=\"elementor-widget-container\">\n\t\t\t\t\t\t\t\t\t\t\t\t\t\t\t<img loading=\"lazy\" decoding=\"async\" width=\"280\" height=\"396\" src=\"https:\/\/www.lidercare.com\/wp-content\/uploads\/CPSR-of-UK-1.webp\" class=\"attachment-large size-large wp-image-13191\" alt=\"CPSR-of-UK\" \/>\t\t\t\t\t\t\t\t\t\t\t\t\t\t\t<\/div>\n\t\t\t\t<\/div>\n\t\t\t\t<div class=\"elementor-element elementor-element-40f9fe8 elementor-widget elementor-widget-heading\" data-id=\"40f9fe8\" data-element_type=\"widget\" data-e-type=\"widget\" data-widget_type=\"heading.default\">\n\t\t\t\t<div class=\"elementor-widget-container\">\n\t\t\t\t\t<h6 class=\"elementor-heading-title elementor-size-default\">CPSR du Royaume-Uni<\/h6>\t\t\t\t<\/div>\n\t\t\t\t<\/div>\n\t\t\t\t<\/div>\n\t\t\t\t\t<\/div>\n\t\t\t\t<\/div>\n\t\t\t\t\t<\/div>\n\t\t\t\t<\/div>\n\t\t<div class=\"elementor-element elementor-element-6701719a e-flex e-con-boxed e-con e-parent\" data-id=\"6701719a\" data-element_type=\"container\" data-e-type=\"container\">\n\t\t\t\t\t<div class=\"e-con-inner\">\n\t\t<div class=\"elementor-element elementor-element-e001b98 e-con-full e-flex e-con e-child\" data-id=\"e001b98\" data-element_type=\"container\" data-e-type=\"container\">\n\t\t\t\t<div class=\"elementor-element elementor-element-44292eec elementor-widget elementor-widget-heading\" data-id=\"44292eec\" data-element_type=\"widget\" data-e-type=\"widget\" data-widget_type=\"heading.default\">\n\t\t\t\t<div class=\"elementor-widget-container\">\n\t\t\t\t\t<h2 class=\"elementor-heading-title elementor-size-default\">\u00c9chantillons avant commande en gros<\/h2>\t\t\t\t<\/div>\n\t\t\t\t<\/div>\n\t\t\t\t<div class=\"elementor-element elementor-element-c712d3f elementor-widget elementor-widget-text-editor\" data-id=\"c712d3f\" data-element_type=\"widget\" data-e-type=\"widget\" data-widget_type=\"text-editor.default\">\n\t\t\t\t<div class=\"elementor-widget-container\">\n\t\t\t\t\t\t\t\t\t<p>Nous disposons d&rsquo;une large s\u00e9lection d&rsquo;\u00e9chantillons de produits bucco-dentaires pour renforcer les avantages d&rsquo;un partenariat avec Lidercare - nous vous invitons \u00e0 demander nos \u00e9chantillons pour vous aider \u00e0 faire des d\u00e9monstrations pratiques.<br><br>Contactez directement notre \u00e9quipe de vente et nous vous r\u00e9pondrons dans les minutes qui suivent !<\/p>\t\t\t\t\t\t\t\t<\/div>\n\t\t\t\t<\/div>\n\t\t\t\t<div class=\"elementor-element elementor-element-4806b3d0 elementor-widget elementor-widget-button\" data-id=\"4806b3d0\" data-element_type=\"widget\" data-e-type=\"widget\" data-widget_type=\"button.default\">\n\t\t\t\t<div class=\"elementor-widget-container\">\n\t\t\t\t\t\t\t\t\t<div class=\"elementor-button-wrapper\">\n\t\t\t\t\t<a class=\"elementor-button elementor-button-link elementor-size-sm\" href=\"#elementor-action%3Aaction%3Dpopup%3Aopen%26settings%3DeyJpZCI6NzQwNTAsInRvZ2dsZSI6ZmFsc2V9\">\n\t\t\t\t\t\t<span class=\"elementor-button-content-wrapper\">\n\t\t\t\t\t\t\t\t\t<span class=\"elementor-button-text\">Demande d'\u00e9chantillons<\/span>\n\t\t\t\t\t<\/span>\n\t\t\t\t\t<\/a>\n\t\t\t\t<\/div>\n\t\t\t\t\t\t\t\t<\/div>\n\t\t\t\t<\/div>\n\t\t\t\t<\/div>\n\t\t<div class=\"elementor-element elementor-element-1aa15798 e-con-full e-flex e-con e-child\" data-id=\"1aa15798\" data-element_type=\"container\" data-e-type=\"container\">\n\t\t\t\t<div class=\"elementor-element elementor-element-2ef26f64 elementor-widget elementor-widget-image\" data-id=\"2ef26f64\" data-element_type=\"widget\" data-e-type=\"widget\" data-widget_type=\"image.default\">\n\t\t\t\t<div class=\"elementor-widget-container\">\n\t\t\t\t\t\t\t\t\t\t\t\t\t\t\t<img loading=\"lazy\" decoding=\"async\" width=\"800\" height=\"800\" src=\"https:\/\/www.lidercare.com\/wp-content\/uploads\/Multifunctional-Toothpaste-Set-1.webp\" class=\"attachment-large size-large wp-image-15245\" alt=\"Multifunctional Toothpaste Set (1)\" srcset=\"https:\/\/www.lidercare.com\/wp-content\/uploads\/Multifunctional-Toothpaste-Set-1.webp 800w, https:\/\/www.lidercare.com\/wp-content\/uploads\/Multifunctional-Toothpaste-Set-1-300x300.webp 300w, https:\/\/www.lidercare.com\/wp-content\/uploads\/Multifunctional-Toothpaste-Set-1-100x100.webp 100w, https:\/\/www.lidercare.com\/wp-content\/uploads\/Multifunctional-Toothpaste-Set-1-600x600.webp 600w, https:\/\/www.lidercare.com\/wp-content\/uploads\/Multifunctional-Toothpaste-Set-1-500x500.webp 500w, https:\/\/www.lidercare.com\/wp-content\/uploads\/Multifunctional-Toothpaste-Set-1-768x768.webp 768w\" sizes=\"(max-width: 800px) 100vw, 800px\" \/>\t\t\t\t\t\t\t\t\t\t\t\t\t\t\t<\/div>\n\t\t\t\t<\/div>\n\t\t\t\t<\/div>\n\t\t\t\t\t<\/div>\n\t\t\t\t<\/div>\n\t\t\t\t<\/div>\n\t\t","protected":false},"excerpt":{"rendered":"<p>Certifications Lidercare Engag\u00e9 en faveur de la s\u00e9curit\u00e9 et des normes de qualit\u00e9 les plus strictes. Home Brevets, certifications, r\u00e9compenses Les produits d&rsquo;hygi\u00e8ne bucco-dentaire et de blanchiment des dents sont g\u00e9n\u00e9ralement consid\u00e9r\u00e9s comme s\u00fbrs et class\u00e9s dans la cat\u00e9gorie des produits cosm\u00e9tiques dans le monde. Comme pour tous les produits entrant en contact avec le [&hellip;]<\/p>\n","protected":false},"author":1,"featured_media":13425,"parent":0,"menu_order":0,"comment_status":"closed","ping_status":"closed","template":"","meta":{"_acf_changed":false,"footnotes":""},"class_list":["post-17594","page","type-page","status-publish","has-post-thumbnail","hentry"],"acf":[],"_links":{"self":[{"href":"https:\/\/www.lidercare.com\/fr\/wp-json\/wp\/v2\/pages\/17594","targetHints":{"allow":["GET"]}}],"collection":[{"href":"https:\/\/www.lidercare.com\/fr\/wp-json\/wp\/v2\/pages"}],"about":[{"href":"https:\/\/www.lidercare.com\/fr\/wp-json\/wp\/v2\/types\/page"}],"author":[{"embeddable":true,"href":"https:\/\/www.lidercare.com\/fr\/wp-json\/wp\/v2\/users\/1"}],"replies":[{"embeddable":true,"href":"https:\/\/www.lidercare.com\/fr\/wp-json\/wp\/v2\/comments?post=17594"}],"version-history":[{"count":13,"href":"https:\/\/www.lidercare.com\/fr\/wp-json\/wp\/v2\/pages\/17594\/revisions"}],"predecessor-version":[{"id":95464,"href":"https:\/\/www.lidercare.com\/fr\/wp-json\/wp\/v2\/pages\/17594\/revisions\/95464"}],"wp:featuredmedia":[{"embeddable":true,"href":"https:\/\/www.lidercare.com\/fr\/wp-json\/wp\/v2\/media\/13425"}],"wp:attachment":[{"href":"https:\/\/www.lidercare.com\/fr\/wp-json\/wp\/v2\/media?parent=17594"}],"curies":[{"name":"wp","href":"https:\/\/api.w.org\/{rel}","templated":true}]}}