{"id":17243,"date":"2023-09-05T16:57:02","date_gmt":"2023-09-05T08:57:02","guid":{"rendered":"https:\/\/www.lidercare.com\/durabilite\/"},"modified":"2026-03-31T17:40:59","modified_gmt":"2026-03-31T09:40:59","slug":"durabilite","status":"publish","type":"page","link":"https:\/\/www.lidercare.com\/fr\/durabilite\/","title":{"rendered":"Durabilit\u00e9"},"content":{"rendered":"\t\t<div data-elementor-type=\"wp-page\" data-elementor-id=\"17243\" class=\"elementor elementor-17243 elementor-4860\" data-elementor-post-type=\"page\">\n\t\t\t\t<div class=\"elementor-element elementor-element-3ec8080c e-flex e-con-boxed e-con e-parent\" data-id=\"3ec8080c\" data-element_type=\"container\" data-e-type=\"container\" data-settings=\"{&quot;background_background&quot;:&quot;gradient&quot;}\">\n\t\t\t\t\t<div class=\"e-con-inner\">\n\t\t\t\t<div class=\"elementor-element elementor-element-3ba6b50e elementor-widget elementor-widget-heading\" data-id=\"3ba6b50e\" data-element_type=\"widget\" data-e-type=\"widget\" data-widget_type=\"heading.default\">\n\t\t\t\t<div class=\"elementor-widget-container\">\n\t\t\t\t\t<h1 class=\"elementor-heading-title elementor-size-default\">La durabilit\u00e9 dans tous les domaines<\/h1>\t\t\t\t<\/div>\n\t\t\t\t<\/div>\n\t\t\t\t<div class=\"elementor-element elementor-element-4b2f41c elementor-widget elementor-widget-text-editor\" data-id=\"4b2f41c\" data-element_type=\"widget\" data-e-type=\"widget\" data-widget_type=\"text-editor.default\">\n\t\t\t\t<div class=\"elementor-widget-container\">\n\t\t\t\t\t\t\t\t\t<p>Travaillez ensemble pour faire plus pour l&rsquo;environnement !<\/p>\t\t\t\t\t\t\t\t<\/div>\n\t\t\t\t<\/div>\n\t\t\t\t<div class=\"elementor-element elementor-element-1b8010a elementor-mobile-align-left elementor-widget elementor-widget-breadcrumbs\" data-id=\"1b8010a\" data-element_type=\"widget\" data-e-type=\"widget\" data-widget_type=\"breadcrumbs.default\">\n\t\t\t\t<div class=\"elementor-widget-container\">\n\t\t\t\t\t<nav><span class=\"last\">Accueil<\/span><\/nav>\t\t\t\t<\/div>\n\t\t\t\t<\/div>\n\t\t\t\t\t<\/div>\n\t\t\t\t<\/div>\n\t\t<div class=\"elementor-element elementor-element-23d9256 e-flex e-con-boxed e-con e-parent\" data-id=\"23d9256\" data-element_type=\"container\" data-e-type=\"container\">\n\t\t\t\t\t<div class=\"e-con-inner\">\n\t\t<div class=\"elementor-element elementor-element-8979832 e-flex e-con-boxed e-con e-child\" data-id=\"8979832\" data-element_type=\"container\" data-e-type=\"container\">\n\t\t\t\t\t<div class=\"e-con-inner\">\n\t\t<div class=\"elementor-element elementor-element-8df8778 e-flex e-con-boxed e-con e-child\" data-id=\"8df8778\" data-element_type=\"container\" data-e-type=\"container\">\n\t\t\t\t\t<div class=\"e-con-inner\">\n\t\t\t\t<div class=\"elementor-element elementor-element-6559394 elementor-view-default elementor-widget elementor-widget-icon\" data-id=\"6559394\" data-element_type=\"widget\" data-e-type=\"widget\" data-widget_type=\"icon.default\">\n\t\t\t\t<div class=\"elementor-widget-container\">\n\t\t\t\t\t\t\t<div class=\"elementor-icon-wrapper\">\n\t\t\t<div class=\"elementor-icon\">\n\t\t\t<svg aria-hidden=\"true\" class=\"e-font-icon-svg e-fas-quote-left\" viewBox=\"0 0 512 512\" xmlns=\"http:\/\/www.w3.org\/2000\/svg\"><path d=\"M464 256h-80v-64c0-35.3 28.7-64 64-64h8c13.3 0 24-10.7 24-24V56c0-13.3-10.7-24-24-24h-8c-88.4 0-160 71.6-160 160v240c0 26.5 21.5 48 48 48h128c26.5 0 48-21.5 48-48V304c0-26.5-21.5-48-48-48zm-288 0H96v-64c0-35.3 28.7-64 64-64h8c13.3 0 24-10.7 24-24V56c0-13.3-10.7-24-24-24h-8C71.6 32 0 103.6 0 192v240c0 26.5 21.5 48 48 48h128c26.5 0 48-21.5 48-48V304c0-26.5-21.5-48-48-48z\"><\/path><\/svg>\t\t\t<\/div>\n\t\t<\/div>\n\t\t\t\t\t\t<\/div>\n\t\t\t\t<\/div>\n\t\t\t\t<div class=\"elementor-element elementor-element-c26fb40 elementor-widget elementor-widget-text-editor\" data-id=\"c26fb40\" data-element_type=\"widget\" data-e-type=\"widget\" data-widget_type=\"text-editor.default\">\n\t\t\t\t<div class=\"elementor-widget-container\">\n\t\t\t\t\t\t\t\t\t<p>Lidercare s&rsquo;engage \u00e0 respecter toutes les r\u00e8gles et r\u00e9glementations environnementales applicables \u00e0 la fabrication, \u00e0 la commercialisation de ses produits et \u00e0 l&rsquo;exploitation de ses installations. Lidercare applique des normes rigoureuses en mati\u00e8re de performances environnementales et tous ses sites disposent de syst\u00e8mes de gestion environnementale enti\u00e8rement mis en \u0153uvre, couvrant un large \u00e9ventail de cat\u00e9gories telles que l&rsquo;efficacit\u00e9 \u00e9nerg\u00e9tique, le climat, la gestion de l&rsquo;eau et la gestion des d\u00e9chets. <\/p>\t\t\t\t\t\t\t\t<\/div>\n\t\t\t\t<\/div>\n\t\t\t\t<div class=\"elementor-element elementor-element-52505c4 elementor-view-default elementor-widget elementor-widget-icon\" data-id=\"52505c4\" data-element_type=\"widget\" data-e-type=\"widget\" data-widget_type=\"icon.default\">\n\t\t\t\t<div class=\"elementor-widget-container\">\n\t\t\t\t\t\t\t<div class=\"elementor-icon-wrapper\">\n\t\t\t<div class=\"elementor-icon\">\n\t\t\t<svg aria-hidden=\"true\" class=\"e-font-icon-svg e-fas-quote-right\" viewBox=\"0 0 512 512\" xmlns=\"http:\/\/www.w3.org\/2000\/svg\"><path d=\"M464 32H336c-26.5 0-48 21.5-48 48v128c0 26.5 21.5 48 48 48h80v64c0 35.3-28.7 64-64 64h-8c-13.3 0-24 10.7-24 24v48c0 13.3 10.7 24 24 24h8c88.4 0 160-71.6 160-160V80c0-26.5-21.5-48-48-48zm-288 0H48C21.5 32 0 53.5 0 80v128c0 26.5 21.5 48 48 48h80v64c0 35.3-28.7 64-64 64h-8c-13.3 0-24 10.7-24 24v48c0 13.3 10.7 24 24 24h8c88.4 0 160-71.6 160-160V80c0-26.5-21.5-48-48-48z\"><\/path><\/svg>\t\t\t<\/div>\n\t\t<\/div>\n\t\t\t\t\t\t<\/div>\n\t\t\t\t<\/div>\n\t\t\t\t\t<\/div>\n\t\t\t\t<\/div>\n\t\t<div class=\"elementor-element elementor-element-c33f9a6 e-flex e-con-boxed e-con e-child\" data-id=\"c33f9a6\" data-element_type=\"container\" data-e-type=\"container\">\n\t\t\t\t\t<div class=\"e-con-inner\">\n\t\t\t\t<div class=\"elementor-element elementor-element-959fa38 elementor-widget elementor-widget-image\" data-id=\"959fa38\" data-element_type=\"widget\" data-e-type=\"widget\" data-widget_type=\"image.default\">\n\t\t\t\t<div class=\"elementor-widget-container\">\n\t\t\t\t\t\t\t\t\t\t\t\t\t\t\t<img fetchpriority=\"high\" decoding=\"async\" width=\"768\" height=\"512\" src=\"https:\/\/www.lidercare.com\/wp-content\/uploads\/Sustainability-768x512.webp\" class=\"attachment-medium_large size-medium_large wp-image-13360\" alt=\"Sustainability\" srcset=\"https:\/\/www.lidercare.com\/wp-content\/uploads\/Sustainability-768x512.webp 768w, https:\/\/www.lidercare.com\/wp-content\/uploads\/Sustainability-600x400.webp 600w, https:\/\/www.lidercare.com\/wp-content\/uploads\/Sustainability.webp 800w\" sizes=\"(max-width: 768px) 100vw, 768px\" \/>\t\t\t\t\t\t\t\t\t\t\t\t\t\t\t<\/div>\n\t\t\t\t<\/div>\n\t\t\t\t\t<\/div>\n\t\t\t\t<\/div>\n\t\t\t\t\t<\/div>\n\t\t\t\t<\/div>\n\t\t\t\t\t<\/div>\n\t\t\t\t<\/div>\n\t\t<div class=\"elementor-element elementor-element-655c600 e-flex e-con-boxed e-con e-parent\" data-id=\"655c600\" data-element_type=\"container\" data-e-type=\"container\">\n\t\t\t\t\t<div class=\"e-con-inner\">\n\t\t\t\t<div class=\"elementor-element elementor-element-22ad5bf elementor-widget elementor-widget-heading\" data-id=\"22ad5bf\" data-element_type=\"widget\" data-e-type=\"widget\" data-widget_type=\"heading.default\">\n\t\t\t\t<div class=\"elementor-widget-container\">\n\t\t\t\t\t<h2 class=\"elementor-heading-title elementor-size-default\">R\u00e9duction de l'impact sur l'environnement<\/h2>\t\t\t\t<\/div>\n\t\t\t\t<\/div>\n\t\t\t\t<div class=\"elementor-element elementor-element-ba506b2 elementor-widget elementor-widget-text-editor\" data-id=\"ba506b2\" data-element_type=\"widget\" data-e-type=\"widget\" data-widget_type=\"text-editor.default\">\n\t\t\t\t<div class=\"elementor-widget-container\">\n\t\t\t\t\t\t\t\t\t<p>Nous sommes conscients de notre impact sur l&rsquo;environnement et comprenons la n\u00e9cessit\u00e9 de le prot\u00e9ger. Nous nous engageons \u00e0 faire de la plan\u00e8te un endroit plus heureux et \u00e0 faire notre part pour y parvenir. <\/p>\t\t\t\t\t\t\t\t<\/div>\n\t\t\t\t<\/div>\n\t\t<div class=\"elementor-element elementor-element-05ea64e e-grid e-con-full e-con e-child\" data-id=\"05ea64e\" data-element_type=\"container\" data-e-type=\"container\">\n\t\t<div class=\"elementor-element elementor-element-ec4c003 e-con-full e-flex e-con e-child\" data-id=\"ec4c003\" data-element_type=\"container\" data-e-type=\"container\">\n\t\t\t\t<div class=\"elementor-element elementor-element-bc91deb elementor-widget elementor-widget-image\" data-id=\"bc91deb\" data-element_type=\"widget\" data-e-type=\"widget\" data-widget_type=\"image.default\">\n\t\t\t\t<div class=\"elementor-widget-container\">\n\t\t\t\t\t\t\t\t\t\t\t\t\t\t\t<img decoding=\"async\" src=\"https:\/\/www.lidercare.com\/wp-content\/uploads\/elementor\/thumbs\/organic-icon-qfo1yn24sbu3r0fsi7v8jllyqhmxqx1kb33072zluk.webp\" title=\"organic icon\" alt=\"organic icon\" loading=\"lazy\" \/>\t\t\t\t\t\t\t\t\t\t\t\t\t\t\t<\/div>\n\t\t\t\t<\/div>\n\t\t\t\t<div class=\"elementor-element elementor-element-182ce62 elementor-widget elementor-widget-heading\" data-id=\"182ce62\" data-element_type=\"widget\" data-e-type=\"widget\" data-widget_type=\"heading.default\">\n\t\t\t\t<div class=\"elementor-widget-container\">\n\t\t\t\t\t<h3 class=\"elementor-heading-title elementor-size-default\">v\u00e9g\u00e9talien<\/h3>\t\t\t\t<\/div>\n\t\t\t\t<\/div>\n\t\t\t\t<div class=\"elementor-element elementor-element-7ef6024 elementor-widget elementor-widget-text-editor\" data-id=\"7ef6024\" data-element_type=\"widget\" data-e-type=\"widget\" data-widget_type=\"text-editor.default\">\n\t\t\t\t<div class=\"elementor-widget-container\">\n\t\t\t\t\t\t\t\t\t<p>Nombre de nos produits sont v\u00e9g\u00e9taliens et ne contiennent aucun ingr\u00e9dient provenant d&rsquo;animaux, de sous-produits animaux ou d&rsquo;additifs.<\/p>\t\t\t\t\t\t\t\t<\/div>\n\t\t\t\t<\/div>\n\t\t\t\t<\/div>\n\t\t<div class=\"elementor-element elementor-element-32cf705 e-con-full e-flex e-con e-child\" data-id=\"32cf705\" data-element_type=\"container\" data-e-type=\"container\">\n\t\t\t\t<div class=\"elementor-element elementor-element-769bf4a elementor-widget elementor-widget-image\" data-id=\"769bf4a\" data-element_type=\"widget\" data-e-type=\"widget\" data-widget_type=\"image.default\">\n\t\t\t\t<div class=\"elementor-widget-container\">\n\t\t\t\t\t\t\t\t\t\t\t\t\t\t\t<img decoding=\"async\" src=\"https:\/\/www.lidercare.com\/wp-content\/uploads\/elementor\/thumbs\/Gluten-free-qfo1yk8m7tq8s6jvyoncu4bkyc0u3tqdap4jr93sd8.webp\" title=\"Gluten-free\" alt=\"Gluten-free\" loading=\"lazy\" \/>\t\t\t\t\t\t\t\t\t\t\t\t\t\t\t<\/div>\n\t\t\t\t<\/div>\n\t\t\t\t<div class=\"elementor-element elementor-element-b63db3e elementor-widget elementor-widget-heading\" data-id=\"b63db3e\" data-element_type=\"widget\" data-e-type=\"widget\" data-widget_type=\"heading.default\">\n\t\t\t\t<div class=\"elementor-widget-container\">\n\t\t\t\t\t<h3 class=\"elementor-heading-title elementor-size-default\">Sans gluten<\/h3>\t\t\t\t<\/div>\n\t\t\t\t<\/div>\n\t\t\t\t<div class=\"elementor-element elementor-element-58444e4 elementor-widget elementor-widget-text-editor\" data-id=\"58444e4\" data-element_type=\"widget\" data-e-type=\"widget\" data-widget_type=\"text-editor.default\">\n\t\t\t\t<div class=\"elementor-widget-container\">\n\t\t\t\t\t\t\t\t\t<p>Nos produits sont exempts de gluten pr\u00e9sent dans le bl\u00e9, le seigle et l&rsquo;orge.<\/p>\t\t\t\t\t\t\t\t<\/div>\n\t\t\t\t<\/div>\n\t\t\t\t<\/div>\n\t\t<div class=\"elementor-element elementor-element-b4c9086 e-con-full e-flex e-con e-child\" data-id=\"b4c9086\" data-element_type=\"container\" data-e-type=\"container\">\n\t\t\t\t<div class=\"elementor-element elementor-element-6309bf3 elementor-widget elementor-widget-image\" data-id=\"6309bf3\" data-element_type=\"widget\" data-e-type=\"widget\" data-widget_type=\"image.default\">\n\t\t\t\t<div class=\"elementor-widget-container\">\n\t\t\t\t\t\t\t\t\t\t\t\t\t\t\t<img decoding=\"async\" src=\"https:\/\/www.lidercare.com\/wp-content\/uploads\/elementor\/thumbs\/Sugar-free-qfo1ynzyz5ve2mefcq9v43dfbviaym5an7qhocy7oc.webp\" title=\"Sugar free\" alt=\"Sugar free\" loading=\"lazy\" \/>\t\t\t\t\t\t\t\t\t\t\t\t\t\t\t<\/div>\n\t\t\t\t<\/div>\n\t\t\t\t<div class=\"elementor-element elementor-element-08297bb elementor-widget elementor-widget-heading\" data-id=\"08297bb\" data-element_type=\"widget\" data-e-type=\"widget\" data-widget_type=\"heading.default\">\n\t\t\t\t<div class=\"elementor-widget-container\">\n\t\t\t\t\t<h3 class=\"elementor-heading-title elementor-size-default\">Sans sucre<\/h3>\t\t\t\t<\/div>\n\t\t\t\t<\/div>\n\t\t\t\t<div class=\"elementor-element elementor-element-07114c9 elementor-widget elementor-widget-text-editor\" data-id=\"07114c9\" data-element_type=\"widget\" data-e-type=\"widget\" data-widget_type=\"text-editor.default\">\n\t\t\t\t<div class=\"elementor-widget-container\">\n\t\t\t\t\t\t\t\t\t<p>Nous n&rsquo;ajoutons pas de sucre \u00e0 nos produits, mais nous utilisons des substituts de sucre ou des \u00e9dulcorants artificiels et naturels pour en am\u00e9liorer la saveur.<\/p>\t\t\t\t\t\t\t\t<\/div>\n\t\t\t\t<\/div>\n\t\t\t\t<\/div>\n\t\t<div class=\"elementor-element elementor-element-d4859b6 e-con-full e-flex e-con e-child\" data-id=\"d4859b6\" data-element_type=\"container\" data-e-type=\"container\">\n\t\t\t\t<div class=\"elementor-element elementor-element-28d1075 elementor-widget elementor-widget-image\" data-id=\"28d1075\" data-element_type=\"widget\" data-e-type=\"widget\" data-widget_type=\"image.default\">\n\t\t\t\t<div class=\"elementor-widget-container\">\n\t\t\t\t\t\t\t\t\t\t\t\t\t\t\t<img decoding=\"async\" width=\"128\" height=\"96\" src=\"https:\/\/www.lidercare.com\/wp-content\/uploads\/CrueltyFreeLogo_jpg.webp\" class=\"attachment-thumbnail size-thumbnail wp-image-13335\" alt=\"CrueltyFreeLogo_jpg\" \/>\t\t\t\t\t\t\t\t\t\t\t\t\t\t\t<\/div>\n\t\t\t\t<\/div>\n\t\t\t\t<div class=\"elementor-element elementor-element-6989552 elementor-widget elementor-widget-heading\" data-id=\"6989552\" data-element_type=\"widget\" data-e-type=\"widget\" data-widget_type=\"heading.default\">\n\t\t\t\t<div class=\"elementor-widget-container\">\n\t\t\t\t\t<h3 class=\"elementor-heading-title elementor-size-default\">Pas de tests sur les animaux<\/h3>\t\t\t\t<\/div>\n\t\t\t\t<\/div>\n\t\t\t\t<div class=\"elementor-element elementor-element-4f3fbec elementor-widget elementor-widget-text-editor\" data-id=\"4f3fbec\" data-element_type=\"widget\" data-e-type=\"widget\" data-widget_type=\"text-editor.default\">\n\t\t\t\t<div class=\"elementor-widget-container\">\n\t\t\t\t\t\t\t\t\t<p>Nous soutenons activement et respectons les r\u00e9glementations et directives internationales en mati\u00e8re d&rsquo;exp\u00e9rimentation sans animaux afin de garantir que nos produits sont exempts de cruaut\u00e9 dans le monde entier !<\/p>\t\t\t\t\t\t\t\t<\/div>\n\t\t\t\t<\/div>\n\t\t\t\t<\/div>\n\t\t\t\t<\/div>\n\t\t\t\t\t<\/div>\n\t\t\t\t<\/div>\n\t\t<div class=\"elementor-element elementor-element-7c29da6 e-flex e-con-boxed e-con e-parent\" data-id=\"7c29da6\" data-element_type=\"container\" data-e-type=\"container\">\n\t\t\t\t\t<div class=\"e-con-inner\">\n\t\t\t\t<div class=\"elementor-element elementor-element-4a4369b elementor-widget elementor-widget-heading\" data-id=\"4a4369b\" data-element_type=\"widget\" data-e-type=\"widget\" data-widget_type=\"heading.default\">\n\t\t\t\t<div class=\"elementor-widget-container\">\n\t\t\t\t\t<h2 class=\"elementor-heading-title elementor-size-default\">Nous fabriquons de mani\u00e8re responsable<\/h2>\t\t\t\t<\/div>\n\t\t\t\t<\/div>\n\t\t\t\t<div class=\"elementor-element elementor-element-b6a591a elementor-widget elementor-widget-text-editor\" data-id=\"b6a591a\" data-element_type=\"widget\" data-e-type=\"widget\" data-widget_type=\"text-editor.default\">\n\t\t\t\t<div class=\"elementor-widget-container\">\n\t\t\t\t\t\t\t\t\t<p>Nos sites de production sont des environnements de travail s\u00fbrs pour nos \u00e9quipes. Nous avons r\u00e9alis\u00e9 des progr\u00e8s significatifs en mati\u00e8re d&rsquo;efficacit\u00e9 \u00e9nerg\u00e9tique et d&rsquo;utilisation de l&rsquo;eau dans le cadre de notre objectif de devenir une entreprise \u00ab\u00a0z\u00e9ro d\u00e9chet\u00a0\u00bb. <\/p>\t\t\t\t\t\t\t\t<\/div>\n\t\t\t\t<\/div>\n\t\t<div class=\"elementor-element elementor-element-0eb82df e-grid e-con-full e-con e-child\" data-id=\"0eb82df\" data-element_type=\"container\" data-e-type=\"container\">\n\t\t<div class=\"elementor-element elementor-element-4f14b4f e-con-full e-flex e-con e-child\" data-id=\"4f14b4f\" data-element_type=\"container\" data-e-type=\"container\">\n\t\t\t\t<div class=\"elementor-element elementor-element-fbf861f elementor-widget elementor-widget-image\" data-id=\"fbf861f\" data-element_type=\"widget\" data-e-type=\"widget\" data-widget_type=\"image.default\">\n\t\t\t\t<div class=\"elementor-widget-container\">\n\t\t\t\t\t\t\t\t\t\t\t\t\t\t\t<img decoding=\"async\" width=\"150\" height=\"150\" src=\"https:\/\/www.lidercare.com\/wp-content\/uploads\/New-Recyclable-Tubes.webp\" class=\"attachment-large size-large wp-image-13345\" alt=\"New Recyclable Tubes\" srcset=\"https:\/\/www.lidercare.com\/wp-content\/uploads\/New-Recyclable-Tubes.webp 150w, https:\/\/www.lidercare.com\/wp-content\/uploads\/New-Recyclable-Tubes-100x100.webp 100w\" sizes=\"(max-width: 150px) 100vw, 150px\" \/>\t\t\t\t\t\t\t\t\t\t\t\t\t\t\t<\/div>\n\t\t\t\t<\/div>\n\t\t\t\t<div class=\"elementor-element elementor-element-9171da4 elementor-widget elementor-widget-heading\" data-id=\"9171da4\" data-element_type=\"widget\" data-e-type=\"widget\" data-widget_type=\"heading.default\">\n\t\t\t\t<div class=\"elementor-widget-container\">\n\t\t\t\t\t<h3 class=\"elementor-heading-title elementor-size-default\">Nouveaux tubes recyclables<\/h3>\t\t\t\t<\/div>\n\t\t\t\t<\/div>\n\t\t\t\t<div class=\"elementor-element elementor-element-9fa0f87 elementor-widget elementor-widget-text-editor\" data-id=\"9fa0f87\" data-element_type=\"widget\" data-e-type=\"widget\" data-widget_type=\"text-editor.default\">\n\t\t\t\t<div class=\"elementor-widget-container\">\n\t\t\t\t\t\t\t\t\t<p>Le tuyau est principalement fabriqu\u00e9 en PEHD (poly\u00e9thyl\u00e8ne haute densit\u00e9), un plastique recyclable #2, et le bouchon est fabriqu\u00e9 en PP (polypropyl\u00e8ne), un plastique recyclable #5. Apr\u00e8s le recyclage, les tuyaux sont envoy\u00e9s \u00e0 un recycleur de d\u00e9chets pour \u00eatre tri\u00e9s, puis \u00e0 une usine de traitement o\u00f9 les mat\u00e9riaux PEHD, tels que les bouteilles en plastique, sont convertis en petites mati\u00e8res premi\u00e8res granul\u00e9es pour \u00eatre transform\u00e9es en nouveaux produits et emballages. <\/p>\t\t\t\t\t\t\t\t<\/div>\n\t\t\t\t<\/div>\n\t\t\t\t<\/div>\n\t\t<div class=\"elementor-element elementor-element-9459aeb e-con-full e-flex e-con e-child\" data-id=\"9459aeb\" data-element_type=\"container\" data-e-type=\"container\">\n\t\t\t\t<div class=\"elementor-element elementor-element-238307d elementor-widget elementor-widget-image\" data-id=\"238307d\" data-element_type=\"widget\" data-e-type=\"widget\" data-widget_type=\"image.default\">\n\t\t\t\t<div class=\"elementor-widget-container\">\n\t\t\t\t\t\t\t\t\t\t\t\t\t\t\t<img loading=\"lazy\" decoding=\"async\" width=\"254\" height=\"150\" src=\"https:\/\/www.lidercare.com\/wp-content\/uploads\/Water-conservation.webp\" class=\"attachment-large size-large wp-image-13370\" alt=\"Water conservation\" \/>\t\t\t\t\t\t\t\t\t\t\t\t\t\t\t<\/div>\n\t\t\t\t<\/div>\n\t\t\t\t<div class=\"elementor-element elementor-element-1cd6ad5 elementor-widget elementor-widget-heading\" data-id=\"1cd6ad5\" data-element_type=\"widget\" data-e-type=\"widget\" data-widget_type=\"heading.default\">\n\t\t\t\t<div class=\"elementor-widget-container\">\n\t\t\t\t\t<h3 class=\"elementor-heading-title elementor-size-default\">Conservation de l'eau<\/h3>\t\t\t\t<\/div>\n\t\t\t\t<\/div>\n\t\t\t\t<div class=\"elementor-element elementor-element-4ad300d elementor-widget elementor-widget-text-editor\" data-id=\"4ad300d\" data-element_type=\"widget\" data-e-type=\"widget\" data-widget_type=\"text-editor.default\">\n\t\t\t\t<div class=\"elementor-widget-container\">\n\t\t\t\t\t\t\t\t\t<p>Nous continuerons \u00e0 am\u00e9liorer nos processus de fabrication afin d&rsquo;augmenter l&rsquo;efficacit\u00e9 de l&rsquo;eau de 35 % d&rsquo;ici \u00e0 2030. Toutefois, en travaillant ensemble, nous pouvons avoir un impact encore plus important sur la consommation d&rsquo;eau. Le simple fait de fermer le robinet pendant que vous vous brossez les dents peut permettre d&rsquo;\u00e9conomiser jusqu&rsquo;\u00e0 huit gallons d&rsquo;eau par jour !  <\/p>\t\t\t\t\t\t\t\t<\/div>\n\t\t\t\t<\/div>\n\t\t\t\t<\/div>\n\t\t<div class=\"elementor-element elementor-element-27d06b4 e-con-full e-flex e-con e-child\" data-id=\"27d06b4\" data-element_type=\"container\" data-e-type=\"container\">\n\t\t\t\t<div class=\"elementor-element elementor-element-0995756 elementor-widget elementor-widget-image\" data-id=\"0995756\" data-element_type=\"widget\" data-e-type=\"widget\" data-widget_type=\"image.default\">\n\t\t\t\t<div class=\"elementor-widget-container\">\n\t\t\t\t\t\t\t\t\t\t\t\t\t\t\t<img loading=\"lazy\" decoding=\"async\" width=\"264\" height=\"150\" src=\"https:\/\/www.lidercare.com\/wp-content\/uploads\/Use-of-clean-energy.webp\" class=\"attachment-large size-large wp-image-13365\" alt=\"Use of clean energy\" \/>\t\t\t\t\t\t\t\t\t\t\t\t\t\t\t<\/div>\n\t\t\t\t<\/div>\n\t\t\t\t<div class=\"elementor-element elementor-element-7d9720a elementor-widget elementor-widget-heading\" data-id=\"7d9720a\" data-element_type=\"widget\" data-e-type=\"widget\" data-widget_type=\"heading.default\">\n\t\t\t\t<div class=\"elementor-widget-container\">\n\t\t\t\t\t<h3 class=\"elementor-heading-title elementor-size-default\">Utilisation d'\u00e9nergies propres<\/h3>\t\t\t\t<\/div>\n\t\t\t\t<\/div>\n\t\t\t\t<div class=\"elementor-element elementor-element-a7e83c5 elementor-widget elementor-widget-text-editor\" data-id=\"a7e83c5\" data-element_type=\"widget\" data-e-type=\"widget\" data-widget_type=\"text-editor.default\">\n\t\t\t\t<div class=\"elementor-widget-container\">\n\t\t\t\t\t\t\t\t\t<p>Nos sites de production sont aliment\u00e9s \u00e0 100 % par des \u00e9nergies renouvelables pour fabriquer le dentifrice et les brosses \u00e0 dents, ce qui permet de r\u00e9duire les \u00e9missions de gaz \u00e0 effet de serre \u00e9quivalentes \u00e0 la quantit\u00e9 de gaz \u00e0 effet de serre \u00e9mise par 10 000 voitures en circulation tout au long de l&rsquo;ann\u00e9e !<\/p>\t\t\t\t\t\t\t\t<\/div>\n\t\t\t\t<\/div>\n\t\t\t\t<\/div>\n\t\t\t\t<\/div>\n\t\t\t\t\t<\/div>\n\t\t\t\t<\/div>\n\t\t\t\t<\/div>\n\t\t","protected":false},"excerpt":{"rendered":"<p>La durabilit\u00e9 dans tous les domaines Travaillez ensemble pour faire plus pour l&rsquo;environnement ! Home Lidercare s&rsquo;engage \u00e0 respecter toutes les r\u00e8gles et r\u00e9glementations environnementales applicables \u00e0 la fabrication, \u00e0 la commercialisation de ses produits et \u00e0 l&rsquo;exploitation de ses installations. Lidercare applique des normes rigoureuses en mati\u00e8re de performances environnementales et tous ses sites [&hellip;]<\/p>\n","protected":false},"author":1,"featured_media":13360,"parent":0,"menu_order":0,"comment_status":"closed","ping_status":"closed","template":"elementor_theme","meta":{"_acf_changed":false,"footnotes":""},"class_list":["post-17243","page","type-page","status-publish","has-post-thumbnail","hentry"],"acf":[],"_links":{"self":[{"href":"https:\/\/www.lidercare.com\/fr\/wp-json\/wp\/v2\/pages\/17243","targetHints":{"allow":["GET"]}}],"collection":[{"href":"https:\/\/www.lidercare.com\/fr\/wp-json\/wp\/v2\/pages"}],"about":[{"href":"https:\/\/www.lidercare.com\/fr\/wp-json\/wp\/v2\/types\/page"}],"author":[{"embeddable":true,"href":"https:\/\/www.lidercare.com\/fr\/wp-json\/wp\/v2\/users\/1"}],"replies":[{"embeddable":true,"href":"https:\/\/www.lidercare.com\/fr\/wp-json\/wp\/v2\/comments?post=17243"}],"version-history":[{"count":4,"href":"https:\/\/www.lidercare.com\/fr\/wp-json\/wp\/v2\/pages\/17243\/revisions"}],"predecessor-version":[{"id":95713,"href":"https:\/\/www.lidercare.com\/fr\/wp-json\/wp\/v2\/pages\/17243\/revisions\/95713"}],"wp:featuredmedia":[{"embeddable":true,"href":"https:\/\/www.lidercare.com\/fr\/wp-json\/wp\/v2\/media\/13360"}],"wp:attachment":[{"href":"https:\/\/www.lidercare.com\/fr\/wp-json\/wp\/v2\/media?parent=17243"}],"curies":[{"name":"wp","href":"https:\/\/api.w.org\/{rel}","templated":true}]}}