{"id":17227,"date":"2023-09-06T15:01:29","date_gmt":"2023-09-06T07:01:29","guid":{"rendered":"https:\/\/www.lidercare.com\/gestion-de-la-qualite\/"},"modified":"2026-03-31T17:30:15","modified_gmt":"2026-03-31T09:30:15","slug":"gestion-de-la-qualite","status":"publish","type":"page","link":"https:\/\/www.lidercare.com\/fr\/gestion-de-la-qualite\/","title":{"rendered":"Gestion de la qualit\u00e9"},"content":{"rendered":"\t\t<div data-elementor-type=\"wp-page\" data-elementor-id=\"17227\" class=\"elementor elementor-17227 elementor-4983\" data-elementor-post-type=\"page\">\n\t\t\t\t<div class=\"elementor-element elementor-element-3827361f e-flex e-con-boxed e-con e-parent\" data-id=\"3827361f\" data-element_type=\"container\" data-e-type=\"container\" data-settings=\"{&quot;background_background&quot;:&quot;gradient&quot;}\">\n\t\t\t\t\t<div class=\"e-con-inner\">\n\t\t\t\t<div class=\"elementor-element elementor-element-84469c0 elementor-widget elementor-widget-heading\" data-id=\"84469c0\" data-element_type=\"widget\" data-e-type=\"widget\" data-widget_type=\"heading.default\">\n\t\t\t\t<div class=\"elementor-widget-container\">\n\t\t\t\t\t<h1 class=\"elementor-heading-title elementor-size-default\">Gestion de la qualit\u00e9 dans la fabrication du dentifrice<\/h1>\t\t\t\t<\/div>\n\t\t\t\t<\/div>\n\t\t\t\t<div class=\"elementor-element elementor-element-2af4f6de elementor-widget elementor-widget-heading\" data-id=\"2af4f6de\" data-element_type=\"widget\" data-e-type=\"widget\" data-widget_type=\"heading.default\">\n\t\t\t\t<div class=\"elementor-widget-container\">\n\t\t\t\t\t<p class=\"elementor-heading-title elementor-size-default\">La fourniture de produits de qualit\u00e9 ne garantit pas seulement la satisfaction du client, mais stimule \u00e9galement la croissance de notre entreprise !<\/p>\t\t\t\t<\/div>\n\t\t\t\t<\/div>\n\t\t\t\t<div class=\"elementor-element elementor-element-53c2ca5 elementor-widget elementor-widget-breadcrumbs\" data-id=\"53c2ca5\" data-element_type=\"widget\" data-e-type=\"widget\" data-widget_type=\"breadcrumbs.default\">\n\t\t\t\t<div class=\"elementor-widget-container\">\n\t\t\t\t\t<nav><span class=\"last\">Accueil<\/span><\/nav>\t\t\t\t<\/div>\n\t\t\t\t<\/div>\n\t\t\t\t\t<\/div>\n\t\t\t\t<\/div>\n\t\t<div class=\"elementor-element elementor-element-27b9db8 e-flex e-con-boxed e-con e-parent\" data-id=\"27b9db8\" data-element_type=\"container\" data-e-type=\"container\">\n\t\t\t\t\t<div class=\"e-con-inner\">\n\t\t\t\t<div class=\"elementor-element elementor-element-d22205c elementor-widget elementor-widget-heading\" data-id=\"d22205c\" data-element_type=\"widget\" data-e-type=\"widget\" data-widget_type=\"heading.default\">\n\t\t\t\t<div class=\"elementor-widget-container\">\n\t\t\t\t\t<h2 class=\"elementor-heading-title elementor-size-default\">Service du contr\u00f4le de la qualit\u00e9 (QC)<\/h2>\t\t\t\t<\/div>\n\t\t\t\t<\/div>\n\t\t\t\t<div class=\"elementor-element elementor-element-d4778d6 elementor-widget elementor-widget-text-editor\" data-id=\"d4778d6\" data-element_type=\"widget\" data-e-type=\"widget\" data-widget_type=\"text-editor.default\">\n\t\t\t\t<div class=\"elementor-widget-container\">\n\t\t\t\t\t\t\t\t\t<p>Le service de contr\u00f4le de la qualit\u00e9 est le gardien vigilant de nos normes. Gr\u00e2ce \u00e0 une inspection m\u00e9ticuleuse et \u00e0 des tests rigoureux, ils s&rsquo;assurent que chaque dentifrice respecte les crit\u00e8res de qualit\u00e9 les plus \u00e9lev\u00e9s.<\/p>\t\t\t\t\t\t\t\t<\/div>\n\t\t\t\t<\/div>\n\t\t<div class=\"elementor-element elementor-element-78871cf e-flex e-con-boxed e-con e-child\" data-id=\"78871cf\" data-element_type=\"container\" data-e-type=\"container\">\n\t\t\t\t\t<div class=\"e-con-inner\">\n\t\t<div class=\"elementor-element elementor-element-2130ee7 e-flex e-con-boxed e-con e-child\" data-id=\"2130ee7\" data-element_type=\"container\" data-e-type=\"container\">\n\t\t\t\t\t<div class=\"e-con-inner\">\n\t\t\t\t<div class=\"elementor-element elementor-element-7479582 elementor-widget elementor-widget-heading\" data-id=\"7479582\" data-element_type=\"widget\" data-e-type=\"widget\" data-widget_type=\"heading.default\">\n\t\t\t\t<div class=\"elementor-widget-container\">\n\t\t\t\t\t<h3 class=\"elementor-heading-title elementor-size-default\">Gardiens de la qualit\u00e9<\/h3>\t\t\t\t<\/div>\n\t\t\t\t<\/div>\n\t\t\t\t<div class=\"elementor-element elementor-element-e5f7825 elementor-widget elementor-widget-text-editor\" data-id=\"e5f7825\" data-element_type=\"widget\" data-e-type=\"widget\" data-widget_type=\"text-editor.default\">\n\t\t\t\t<div class=\"elementor-widget-container\">\n\t\t\t\t\t\t\t\t\t<p>Notre service de contr\u00f4le de qualit\u00e9 est le gardien de la qualit\u00e9 \u00e0 chaque \u00e9tape du processus de production. Des experts du CQ m\u00e9ticuleusement form\u00e9s inspectent rigoureusement les mati\u00e8res premi\u00e8res, contr\u00f4lent les processus de production et \u00e9valuent les produits finis. Leur objectif est d&rsquo;identifier et de rectifier tout \u00e9cart par rapport \u00e0 nos normes de qualit\u00e9 strictes, afin de garantir que seul le meilleur dentifrice parvienne \u00e0 nos clients.  <\/p>\t\t\t\t\t\t\t\t<\/div>\n\t\t\t\t<\/div>\n\t\t\t\t\t<\/div>\n\t\t\t\t<\/div>\n\t\t<div class=\"elementor-element elementor-element-af6ec10 e-flex e-con-boxed e-con e-child\" data-id=\"af6ec10\" data-element_type=\"container\" data-e-type=\"container\">\n\t\t\t\t\t<div class=\"e-con-inner\">\n\t\t\t\t<div class=\"elementor-element elementor-element-7576123 elementor-widget elementor-widget-image\" data-id=\"7576123\" data-element_type=\"widget\" data-e-type=\"widget\" data-widget_type=\"image.default\">\n\t\t\t\t<div class=\"elementor-widget-container\">\n\t\t\t\t\t\t\t\t\t\t\t\t\t\t\t<img fetchpriority=\"high\" decoding=\"async\" width=\"800\" height=\"533\" src=\"https:\/\/www.lidercare.com\/wp-content\/uploads\/Guardians-of-Quality.webp\" class=\"attachment-large size-large wp-image-12962\" alt=\"Guardians of Quality\" srcset=\"https:\/\/www.lidercare.com\/wp-content\/uploads\/Guardians-of-Quality.webp 800w, https:\/\/www.lidercare.com\/wp-content\/uploads\/Guardians-of-Quality-600x400.webp 600w, https:\/\/www.lidercare.com\/wp-content\/uploads\/Guardians-of-Quality-768x512.webp 768w\" sizes=\"(max-width: 800px) 100vw, 800px\" \/>\t\t\t\t\t\t\t\t\t\t\t\t\t\t\t<\/div>\n\t\t\t\t<\/div>\n\t\t\t\t\t<\/div>\n\t\t\t\t<\/div>\n\t\t\t\t\t<\/div>\n\t\t\t\t<\/div>\n\t\t<div class=\"elementor-element elementor-element-b2b608d e-flex e-con-boxed e-con e-child\" data-id=\"b2b608d\" data-element_type=\"container\" data-e-type=\"container\">\n\t\t\t\t\t<div class=\"e-con-inner\">\n\t\t<div class=\"elementor-element elementor-element-39371ca e-flex e-con-boxed e-con e-child\" data-id=\"39371ca\" data-element_type=\"container\" data-e-type=\"container\">\n\t\t\t\t\t<div class=\"e-con-inner\">\n\t\t\t\t<div class=\"elementor-element elementor-element-3ef319a elementor-widget elementor-widget-image\" data-id=\"3ef319a\" data-element_type=\"widget\" data-e-type=\"widget\" data-widget_type=\"image.default\">\n\t\t\t\t<div class=\"elementor-widget-container\">\n\t\t\t\t\t\t\t\t\t\t\t\t\t\t\t<img decoding=\"async\" width=\"1024\" height=\"576\" src=\"https:\/\/www.lidercare.com\/wp-content\/uploads\/Advanced-Testing-Facilities.jpg\" class=\"attachment-large size-large wp-image-12977\" alt=\"Advanced Testing Facilities\" srcset=\"https:\/\/www.lidercare.com\/wp-content\/uploads\/Advanced-Testing-Facilities.jpg 1024w, https:\/\/www.lidercare.com\/wp-content\/uploads\/Advanced-Testing-Facilities-600x338.jpg 600w, https:\/\/www.lidercare.com\/wp-content\/uploads\/Advanced-Testing-Facilities-768x432.jpg 768w\" sizes=\"(max-width: 1024px) 100vw, 1024px\" \/>\t\t\t\t\t\t\t\t\t\t\t\t\t\t\t<\/div>\n\t\t\t\t<\/div>\n\t\t\t\t\t<\/div>\n\t\t\t\t<\/div>\n\t\t<div class=\"elementor-element elementor-element-5b622e4 e-flex e-con-boxed e-con e-child\" data-id=\"5b622e4\" data-element_type=\"container\" data-e-type=\"container\">\n\t\t\t\t\t<div class=\"e-con-inner\">\n\t\t\t\t<div class=\"elementor-element elementor-element-bcd994a elementor-widget elementor-widget-heading\" data-id=\"bcd994a\" data-element_type=\"widget\" data-e-type=\"widget\" data-widget_type=\"heading.default\">\n\t\t\t\t<div class=\"elementor-widget-container\">\n\t\t\t\t\t<h3 class=\"elementor-heading-title elementor-size-default\">Installations d'essai avanc\u00e9es<\/h3>\t\t\t\t<\/div>\n\t\t\t\t<\/div>\n\t\t\t\t<div class=\"elementor-element elementor-element-d747099 elementor-widget elementor-widget-text-editor\" data-id=\"d747099\" data-element_type=\"widget\" data-e-type=\"widget\" data-widget_type=\"text-editor.default\">\n\t\t\t\t<div class=\"elementor-widget-container\">\n\t\t\t\t\t\t\t\t\t<p>Pour maintenir notre r\u00e9putation d&rsquo;excellence, notre service de contr\u00f4le de la qualit\u00e9 utilise des \u00e9quipements d&rsquo;essai de pointe. Il s&rsquo;agit notamment de spectrom\u00e8tres, de chromatographes et d&rsquo;outils d&rsquo;analyse microbiologique de pointe. Ces technologies avanc\u00e9es nous permettent de r\u00e9aliser des tests complets, de l&rsquo;analyse de la composition chimique \u00e0 l&rsquo;\u00e9valuation de la s\u00e9curit\u00e9 microbiologique.  <\/p>\t\t\t\t\t\t\t\t<\/div>\n\t\t\t\t<\/div>\n\t\t\t\t\t<\/div>\n\t\t\t\t<\/div>\n\t\t\t\t\t<\/div>\n\t\t\t\t<\/div>\n\t\t\t\t\t<\/div>\n\t\t\t\t<\/div>\n\t\t<div class=\"elementor-element elementor-element-e986a6c e-flex e-con-boxed e-con e-parent\" data-id=\"e986a6c\" data-element_type=\"container\" data-e-type=\"container\" data-settings=\"{&quot;background_background&quot;:&quot;classic&quot;}\">\n\t\t\t\t\t<div class=\"e-con-inner\">\n\t\t\t\t<div class=\"elementor-element elementor-element-be8a12f elementor-widget elementor-widget-heading\" data-id=\"be8a12f\" data-element_type=\"widget\" data-e-type=\"widget\" data-widget_type=\"heading.default\">\n\t\t\t\t<div class=\"elementor-widget-container\">\n\t\t\t\t\t<h2 class=\"elementor-heading-title elementor-size-default\">Salle blanche de classe 100 000<\/h2>\t\t\t\t<\/div>\n\t\t\t\t<\/div>\n\t\t\t\t<div class=\"elementor-element elementor-element-72dfc44 elementor-widget elementor-widget-text-editor\" data-id=\"72dfc44\" data-element_type=\"widget\" data-e-type=\"widget\" data-widget_type=\"text-editor.default\">\n\t\t\t\t<div class=\"elementor-widget-container\">\n\t\t\t\t\t\t\t\t\t<p>Notre salle blanche de niveau 10 000 est une merveille d&rsquo;ing\u00e9nierie, m\u00e9ticuleusement con\u00e7ue pour cr\u00e9er un environnement exempt de contaminants.<\/p>\t\t\t\t\t\t\t\t<\/div>\n\t\t\t\t<\/div>\n\t\t<div class=\"elementor-element elementor-element-f68fab6 e-flex e-con-boxed e-con e-child\" data-id=\"f68fab6\" data-element_type=\"container\" data-e-type=\"container\">\n\t\t\t\t\t<div class=\"e-con-inner\">\n\t\t<div class=\"elementor-element elementor-element-dcb987a e-flex e-con-boxed e-con e-child\" data-id=\"dcb987a\" data-element_type=\"container\" data-e-type=\"container\">\n\t\t\t\t\t<div class=\"e-con-inner\">\n\t\t\t\t<div class=\"elementor-element elementor-element-02e1025 elementor-widget elementor-widget-heading\" data-id=\"02e1025\" data-element_type=\"widget\" data-e-type=\"widget\" data-widget_type=\"heading.default\">\n\t\t\t\t<div class=\"elementor-widget-container\">\n\t\t\t\t\t<h3 class=\"elementor-heading-title elementor-size-default\">\u00c9tablir de nouvelles normes<\/h3>\t\t\t\t<\/div>\n\t\t\t\t<\/div>\n\t\t\t\t<div class=\"elementor-element elementor-element-122c37f elementor-widget elementor-widget-text-editor\" data-id=\"122c37f\" data-element_type=\"widget\" data-e-type=\"widget\" data-widget_type=\"text-editor.default\">\n\t\t\t\t<div class=\"elementor-widget-container\">\n\t\t\t\t\t\t\t\t\t<p>Notre engagement en faveur de la qualit\u00e9 est encore plus \u00e9vident dans notre salle blanche de niveau 10 000. Cette installation est sp\u00e9cialement con\u00e7ue pour maintenir un environnement st\u00e9rile et contr\u00f4l\u00e9 tout au long du <a href=\"https:\/\/www.lidercare.com\/fr\/toothpaste-manufacturing-process-2\/\">processus de fabrication du dentifrice<\/a>. En minimisant le risque de contamination, nous garantissons que nos produits r\u00e9pondent aux normes de puret\u00e9 et de s\u00e9curit\u00e9 les plus strictes.  <\/p>\t\t\t\t\t\t\t\t<\/div>\n\t\t\t\t<\/div>\n\t\t\t\t\t<\/div>\n\t\t\t\t<\/div>\n\t\t<div class=\"elementor-element elementor-element-4ce9b4a e-flex e-con-boxed e-con e-child\" data-id=\"4ce9b4a\" data-element_type=\"container\" data-e-type=\"container\">\n\t\t\t\t\t<div class=\"e-con-inner\">\n\t\t\t\t<div class=\"elementor-element elementor-element-343daec elementor-widget elementor-widget-image\" data-id=\"343daec\" data-element_type=\"widget\" data-e-type=\"widget\" data-widget_type=\"image.default\">\n\t\t\t\t<div class=\"elementor-widget-container\">\n\t\t\t\t\t\t\t\t\t\t\t\t\t\t\t<img decoding=\"async\" width=\"774\" height=\"499\" src=\"https:\/\/www.lidercare.com\/wp-content\/uploads\/Setting-New-Standards.webp\" class=\"attachment-large size-large wp-image-12967\" alt=\"Setting New Standards\" srcset=\"https:\/\/www.lidercare.com\/wp-content\/uploads\/Setting-New-Standards.webp 774w, https:\/\/www.lidercare.com\/wp-content\/uploads\/Setting-New-Standards-600x387.webp 600w, https:\/\/www.lidercare.com\/wp-content\/uploads\/Setting-New-Standards-768x495.webp 768w\" sizes=\"(max-width: 774px) 100vw, 774px\" \/>\t\t\t\t\t\t\t\t\t\t\t\t\t\t\t<\/div>\n\t\t\t\t<\/div>\n\t\t\t\t\t<\/div>\n\t\t\t\t<\/div>\n\t\t\t\t\t<\/div>\n\t\t\t\t<\/div>\n\t\t<div class=\"elementor-element elementor-element-07559af e-flex e-con-boxed e-con e-child\" data-id=\"07559af\" data-element_type=\"container\" data-e-type=\"container\">\n\t\t\t\t\t<div class=\"e-con-inner\">\n\t\t<div class=\"elementor-element elementor-element-8d96ad7 e-flex e-con-boxed e-con e-child\" data-id=\"8d96ad7\" data-element_type=\"container\" data-e-type=\"container\">\n\t\t\t\t\t<div class=\"e-con-inner\">\n\t\t\t\t<div class=\"elementor-element elementor-element-3a1eab6 elementor-widget elementor-widget-image\" data-id=\"3a1eab6\" data-element_type=\"widget\" data-e-type=\"widget\" data-widget_type=\"image.default\">\n\t\t\t\t<div class=\"elementor-widget-container\">\n\t\t\t\t\t\t\t\t\t\t\t\t\t\t\t<img loading=\"lazy\" decoding=\"async\" width=\"612\" height=\"408\" src=\"https:\/\/www.lidercare.com\/wp-content\/uploads\/Stringent-Cleanroom-Protocols.jpg\" class=\"attachment-large size-large wp-image-12972\" alt=\"pharmaceutical factory equipment working with unrecognizable technician in blue\" srcset=\"https:\/\/www.lidercare.com\/wp-content\/uploads\/Stringent-Cleanroom-Protocols.jpg 612w, https:\/\/www.lidercare.com\/wp-content\/uploads\/Stringent-Cleanroom-Protocols-600x400.jpg 600w\" sizes=\"(max-width: 612px) 100vw, 612px\" \/>\t\t\t\t\t\t\t\t\t\t\t\t\t\t\t<\/div>\n\t\t\t\t<\/div>\n\t\t\t\t\t<\/div>\n\t\t\t\t<\/div>\n\t\t<div class=\"elementor-element elementor-element-9e40e45 e-flex e-con-boxed e-con e-child\" data-id=\"9e40e45\" data-element_type=\"container\" data-e-type=\"container\">\n\t\t\t\t\t<div class=\"e-con-inner\">\n\t\t\t\t<div class=\"elementor-element elementor-element-38c26f3 elementor-widget elementor-widget-heading\" data-id=\"38c26f3\" data-element_type=\"widget\" data-e-type=\"widget\" data-widget_type=\"heading.default\">\n\t\t\t\t<div class=\"elementor-widget-container\">\n\t\t\t\t\t<h3 class=\"elementor-heading-title elementor-size-default\">Protocoles rigoureux pour les salles blanches<\/h3>\t\t\t\t<\/div>\n\t\t\t\t<\/div>\n\t\t\t\t<div class=\"elementor-element elementor-element-8e48e6f elementor-widget elementor-widget-text-editor\" data-id=\"8e48e6f\" data-element_type=\"widget\" data-e-type=\"widget\" data-widget_type=\"text-editor.default\">\n\t\t\t\t<div class=\"elementor-widget-container\">\n\t\t\t\t\t\t\t\t\t<p>Notre salle blanche respecte des protocoles rigoureux, notamment des contr\u00f4les r\u00e9guliers de la qualit\u00e9 de l&rsquo;air, des proc\u00e9dures d&rsquo;habillage des employ\u00e9s et la st\u00e9rilisation syst\u00e9matique des \u00e9quipements. Ces mesures, associ\u00e9es \u00e0 un personnel hautement qualifi\u00e9, nous aident \u00e0 maintenir une hygi\u00e8ne et une coh\u00e9rence optimales pour nos produits. <\/p>\t\t\t\t\t\t\t\t<\/div>\n\t\t\t\t<\/div>\n\t\t\t\t\t<\/div>\n\t\t\t\t<\/div>\n\t\t\t\t\t<\/div>\n\t\t\t\t<\/div>\n\t\t\t\t\t<\/div>\n\t\t\t\t<\/div>\n\t\t\t\t<\/div>\n\t\t","protected":false},"excerpt":{"rendered":"<p>Gestion de la qualit\u00e9 dans la fabrication du dentifrice La fourniture de produits de qualit\u00e9 ne garantit pas seulement la satisfaction du client, mais stimule \u00e9galement la croissance de notre entreprise ! Home Service du contr\u00f4le de la qualit\u00e9 (QC) Le service de contr\u00f4le de la qualit\u00e9 est le gardien vigilant de nos normes. Gr\u00e2ce [&hellip;]<\/p>\n","protected":false},"author":1,"featured_media":12962,"parent":0,"menu_order":0,"comment_status":"closed","ping_status":"closed","template":"elementor_theme","meta":{"_acf_changed":false,"footnotes":""},"class_list":["post-17227","page","type-page","status-publish","has-post-thumbnail","hentry"],"acf":[],"_links":{"self":[{"href":"https:\/\/www.lidercare.com\/fr\/wp-json\/wp\/v2\/pages\/17227","targetHints":{"allow":["GET"]}}],"collection":[{"href":"https:\/\/www.lidercare.com\/fr\/wp-json\/wp\/v2\/pages"}],"about":[{"href":"https:\/\/www.lidercare.com\/fr\/wp-json\/wp\/v2\/types\/page"}],"author":[{"embeddable":true,"href":"https:\/\/www.lidercare.com\/fr\/wp-json\/wp\/v2\/users\/1"}],"replies":[{"embeddable":true,"href":"https:\/\/www.lidercare.com\/fr\/wp-json\/wp\/v2\/comments?post=17227"}],"version-history":[{"count":5,"href":"https:\/\/www.lidercare.com\/fr\/wp-json\/wp\/v2\/pages\/17227\/revisions"}],"predecessor-version":[{"id":95668,"href":"https:\/\/www.lidercare.com\/fr\/wp-json\/wp\/v2\/pages\/17227\/revisions\/95668"}],"wp:featuredmedia":[{"embeddable":true,"href":"https:\/\/www.lidercare.com\/fr\/wp-json\/wp\/v2\/media\/12962"}],"wp:attachment":[{"href":"https:\/\/www.lidercare.com\/fr\/wp-json\/wp\/v2\/media?parent=17227"}],"curies":[{"name":"wp","href":"https:\/\/api.w.org\/{rel}","templated":true}]}}