{"id":88438,"date":"2026-03-09T14:34:57","date_gmt":"2026-03-09T06:34:57","guid":{"rendered":"https:\/\/www.lidercare.com\/product\/pasta-dentifrica-de-bicarbonato-sodico-baja-en-fluor\/"},"modified":"2026-04-16T11:29:58","modified_gmt":"2026-04-16T03:29:58","slug":"pasta-dentifrica-de-bicarbonato-sodico-baja-en-fluor","status":"publish","type":"product","link":"https:\/\/www.lidercare.com\/es\/producto\/pasta-dentifrica-de-bicarbonato-sodico-baja-en-fluor\/","title":{"rendered":"Pasta dent\u00edfrica de bicarbonato s\u00f3dico baja en fl\u00faor"},"featured_media":11699,"template":"","meta":{"_acf_changed":false},"product-category":[363],"class_list":["post-88438","product","type-product","status-publish","has-post-thumbnail","hentry","product-category-pasta-de-dientes-blanqueadora"],"acf":[],"_links":{"self":[{"href":"https:\/\/www.lidercare.com\/es\/wp-json\/wp\/v2\/product\/88438","targetHints":{"allow":["GET"]}}],"collection":[{"href":"https:\/\/www.lidercare.com\/es\/wp-json\/wp\/v2\/product"}],"about":[{"href":"https:\/\/www.lidercare.com\/es\/wp-json\/wp\/v2\/types\/product"}],"wp:featuredmedia":[{"embeddable":true,"href":"https:\/\/www.lidercare.com\/es\/wp-json\/wp\/v2\/media\/11699"}],"wp:attachment":[{"href":"https:\/\/www.lidercare.com\/es\/wp-json\/wp\/v2\/media?parent=88438"}],"wp:term":[{"taxonomy":"product-category","embeddable":true,"href":"https:\/\/www.lidercare.com\/es\/wp-json\/wp\/v2\/product-category?post=88438"}],"curies":[{"name":"wp","href":"https:\/\/api.w.org\/{rel}","templated":true}]}}