{"id":87667,"date":"2026-03-10T17:32:10","date_gmt":"2026-03-10T09:32:10","guid":{"rendered":"https:\/\/www.lidercare.com\/product\/polvo-dentifrico-de-carbon-de-bambu-2\/"},"modified":"2026-04-16T09:20:07","modified_gmt":"2026-04-16T01:20:07","slug":"polvo-dentifrico-de-carbon-de-bambu-2","status":"publish","type":"product","link":"https:\/\/www.lidercare.com\/es\/producto\/polvo-dentifrico-de-carbon-de-bambu-2\/","title":{"rendered":"Polvo dent\u00edfrico de carb\u00f3n de bamb\u00fa"},"featured_media":15497,"template":"","meta":{"_acf_changed":false},"product-category":[383],"class_list":["post-87667","product","type-product","status-publish","has-post-thumbnail","hentry","product-category-cepillo-de-dientes"],"acf":[],"_links":{"self":[{"href":"https:\/\/www.lidercare.com\/es\/wp-json\/wp\/v2\/product\/87667","targetHints":{"allow":["GET"]}}],"collection":[{"href":"https:\/\/www.lidercare.com\/es\/wp-json\/wp\/v2\/product"}],"about":[{"href":"https:\/\/www.lidercare.com\/es\/wp-json\/wp\/v2\/types\/product"}],"wp:featuredmedia":[{"embeddable":true,"href":"https:\/\/www.lidercare.com\/es\/wp-json\/wp\/v2\/media\/15497"}],"wp:attachment":[{"href":"https:\/\/www.lidercare.com\/es\/wp-json\/wp\/v2\/media?parent=87667"}],"wp:term":[{"taxonomy":"product-category","embeddable":true,"href":"https:\/\/www.lidercare.com\/es\/wp-json\/wp\/v2\/product-category?post=87667"}],"curies":[{"name":"wp","href":"https:\/\/api.w.org\/{rel}","templated":true}]}}