{"id":86250,"date":"2026-03-10T10:21:46","date_gmt":"2026-03-10T02:21:46","guid":{"rendered":"https:\/\/www.lidercare.com\/product\/pasta-dentifrica-de-carbon-de-bambu\/"},"modified":"2026-04-16T10:25:14","modified_gmt":"2026-04-16T02:25:14","slug":"pasta-dentifrica-de-carbon-de-bambu","status":"publish","type":"product","link":"https:\/\/www.lidercare.com\/es\/producto\/pasta-dentifrica-de-carbon-de-bambu\/","title":{"rendered":"Pasta dent\u00edfrica de carb\u00f3n de bamb\u00fa"},"featured_media":13558,"template":"","meta":{"_acf_changed":false},"product-category":[363],"class_list":["post-86250","product","type-product","status-publish","has-post-thumbnail","hentry","product-category-pasta-de-dientes-blanqueadora"],"acf":[],"_links":{"self":[{"href":"https:\/\/www.lidercare.com\/es\/wp-json\/wp\/v2\/product\/86250","targetHints":{"allow":["GET"]}}],"collection":[{"href":"https:\/\/www.lidercare.com\/es\/wp-json\/wp\/v2\/product"}],"about":[{"href":"https:\/\/www.lidercare.com\/es\/wp-json\/wp\/v2\/types\/product"}],"wp:featuredmedia":[{"embeddable":true,"href":"https:\/\/www.lidercare.com\/es\/wp-json\/wp\/v2\/media\/13558"}],"wp:attachment":[{"href":"https:\/\/www.lidercare.com\/es\/wp-json\/wp\/v2\/media?parent=86250"}],"wp:term":[{"taxonomy":"product-category","embeddable":true,"href":"https:\/\/www.lidercare.com\/es\/wp-json\/wp\/v2\/product-category?post=86250"}],"curies":[{"name":"wp","href":"https:\/\/api.w.org\/{rel}","templated":true}]}}