{"id":17660,"date":"2023-06-15T16:53:59","date_gmt":"2023-06-15T08:53:59","guid":{"rendered":"https:\/\/www.lidercare.com\/por-que-lidercare\/"},"modified":"2026-03-31T18:08:31","modified_gmt":"2026-03-31T10:08:31","slug":"por-que-lidercare","status":"publish","type":"page","link":"https:\/\/www.lidercare.com\/es\/por-que-lidercare\/","title":{"rendered":"Por qu\u00e9 Lidercare"},"content":{"rendered":"\t\t<div data-elementor-type=\"wp-page\" data-elementor-id=\"17660\" class=\"elementor elementor-17660 elementor-53\" data-elementor-post-type=\"page\">\n\t\t\t\t<div class=\"elementor-element elementor-element-781608dc e-flex e-con-boxed e-con e-parent\" data-id=\"781608dc\" data-element_type=\"container\" data-e-type=\"container\" data-settings=\"{&quot;background_background&quot;:&quot;gradient&quot;}\">\n\t\t\t\t\t<div class=\"e-con-inner\">\n\t\t\t\t<div class=\"elementor-element elementor-element-4e468a92 elementor-widget elementor-widget-heading\" data-id=\"4e468a92\" data-element_type=\"widget\" data-e-type=\"widget\" data-widget_type=\"heading.default\">\n\t\t\t\t<div class=\"elementor-widget-container\">\n\t\t\t\t\t<h1 class=\"elementor-heading-title elementor-size-default\">F\u00e1brica certificada ISO y GMP<\/h1>\t\t\t\t<\/div>\n\t\t\t\t<\/div>\n\t\t\t\t<div class=\"elementor-element elementor-element-58eb543 elementor-widget elementor-widget-text-editor\" data-id=\"58eb543\" data-element_type=\"widget\" data-e-type=\"widget\" data-widget_type=\"text-editor.default\">\n\t\t\t\t<div class=\"elementor-widget-container\">\n\t\t\t\t\t\t\t\t\t<p>Reduce tus costes, acelera la llegada de tus productos al mercado y ay\u00fadate a obtener una ventaja competitiva.<\/p>\t\t\t\t\t\t\t\t<\/div>\n\t\t\t\t<\/div>\n\t\t\t\t<div class=\"elementor-element elementor-element-1f7c90a elementor-widget elementor-widget-breadcrumbs\" data-id=\"1f7c90a\" data-element_type=\"widget\" data-e-type=\"widget\" data-widget_type=\"breadcrumbs.default\">\n\t\t\t\t<div class=\"elementor-widget-container\">\n\t\t\t\t\t<nav><span class=\"last\">Inicio<\/span><\/nav>\t\t\t\t<\/div>\n\t\t\t\t<\/div>\n\t\t\t\t\t<\/div>\n\t\t\t\t<\/div>\n\t\t<div class=\"elementor-element elementor-element-7b48be5 e-flex e-con-boxed e-con e-parent\" data-id=\"7b48be5\" data-element_type=\"container\" data-e-type=\"container\">\n\t\t\t\t\t<div class=\"e-con-inner\">\n\t\t\t\t<div class=\"elementor-element elementor-element-a8cf61b elementor-widget elementor-widget-heading\" data-id=\"a8cf61b\" data-element_type=\"widget\" data-e-type=\"widget\" data-widget_type=\"heading.default\">\n\t\t\t\t<div class=\"elementor-widget-container\">\n\t\t\t\t\t<h2 class=\"elementor-heading-title elementor-size-default\">Vista r\u00e1pida de nuestra f\u00e1brica<\/h2>\t\t\t\t<\/div>\n\t\t\t\t<\/div>\n\t\t<div class=\"elementor-element elementor-element-49d43b5 e-flex e-con-boxed e-con e-child\" data-id=\"49d43b5\" data-element_type=\"container\" data-e-type=\"container\">\n\t\t\t\t\t<div class=\"e-con-inner\">\n\t\t<div class=\"elementor-element elementor-element-6da5638 e-flex e-con-boxed e-con e-child\" data-id=\"6da5638\" data-element_type=\"container\" data-e-type=\"container\">\n\t\t\t\t\t<div class=\"e-con-inner\">\n\t\t\t\t<div class=\"elementor-element elementor-element-855eb5e elementor-widget elementor-widget-image\" data-id=\"855eb5e\" data-element_type=\"widget\" data-e-type=\"widget\" data-widget_type=\"image.default\">\n\t\t\t\t<div class=\"elementor-widget-container\">\n\t\t\t\t\t\t\t\t\t\t\t\t\t\t\t<img fetchpriority=\"high\" decoding=\"async\" width=\"768\" height=\"495\" src=\"https:\/\/www.lidercare.com\/wp-content\/uploads\/toothpaste-Mixing-Workshop-768x495-1.webp\" class=\"attachment-large size-large wp-image-13154\" alt=\"toothpaste-Mixing-Workshop-768x495\" srcset=\"https:\/\/www.lidercare.com\/wp-content\/uploads\/toothpaste-Mixing-Workshop-768x495-1.webp 768w, https:\/\/www.lidercare.com\/wp-content\/uploads\/toothpaste-Mixing-Workshop-768x495-1-600x387.webp 600w\" sizes=\"(max-width: 768px) 100vw, 768px\" \/>\t\t\t\t\t\t\t\t\t\t\t\t\t\t\t<\/div>\n\t\t\t\t<\/div>\n\t\t\t\t<div class=\"elementor-element elementor-element-dcc335c elementor-widget elementor-widget-heading\" data-id=\"dcc335c\" data-element_type=\"widget\" data-e-type=\"widget\" data-widget_type=\"heading.default\">\n\t\t\t\t<div class=\"elementor-widget-container\">\n\t\t\t\t\t<h3 class=\"elementor-heading-title elementor-size-default\">Taller de mezclas<\/h3>\t\t\t\t<\/div>\n\t\t\t\t<\/div>\n\t\t\t\t\t<\/div>\n\t\t\t\t<\/div>\n\t\t<div class=\"elementor-element elementor-element-eeaf1cd e-flex e-con-boxed e-con e-child\" data-id=\"eeaf1cd\" data-element_type=\"container\" data-e-type=\"container\">\n\t\t\t\t\t<div class=\"e-con-inner\">\n\t\t\t\t<div class=\"elementor-element elementor-element-4522ec5 elementor-widget elementor-widget-image\" data-id=\"4522ec5\" data-element_type=\"widget\" data-e-type=\"widget\" data-widget_type=\"image.default\">\n\t\t\t\t<div class=\"elementor-widget-container\">\n\t\t\t\t\t\t\t\t\t\t\t\t\t\t\t<img decoding=\"async\" width=\"768\" height=\"495\" src=\"https:\/\/www.lidercare.com\/wp-content\/uploads\/Active-Ingredient-Addition-Workshop-768x495-1.webp\" class=\"attachment-large size-large wp-image-13134\" alt=\"Active-Ingredient-Addition-Workshop-768x495\" srcset=\"https:\/\/www.lidercare.com\/wp-content\/uploads\/Active-Ingredient-Addition-Workshop-768x495-1.webp 768w, https:\/\/www.lidercare.com\/wp-content\/uploads\/Active-Ingredient-Addition-Workshop-768x495-1-600x387.webp 600w\" sizes=\"(max-width: 768px) 100vw, 768px\" \/>\t\t\t\t\t\t\t\t\t\t\t\t\t\t\t<\/div>\n\t\t\t\t<\/div>\n\t\t\t\t<div class=\"elementor-element elementor-element-edf5708 elementor-widget elementor-widget-heading\" data-id=\"edf5708\" data-element_type=\"widget\" data-e-type=\"widget\" data-widget_type=\"heading.default\">\n\t\t\t\t<div class=\"elementor-widget-container\">\n\t\t\t\t\t<h3 class=\"elementor-heading-title elementor-size-default\">Taller de adici\u00f3n de principios activos<\/h3>\t\t\t\t<\/div>\n\t\t\t\t<\/div>\n\t\t\t\t\t<\/div>\n\t\t\t\t<\/div>\n\t\t<div class=\"elementor-element elementor-element-30f9ee1 e-flex e-con-boxed e-con e-child\" data-id=\"30f9ee1\" data-element_type=\"container\" data-e-type=\"container\">\n\t\t\t\t\t<div class=\"e-con-inner\">\n\t\t\t\t<div class=\"elementor-element elementor-element-250a946 elementor-widget elementor-widget-image\" data-id=\"250a946\" data-element_type=\"widget\" data-e-type=\"widget\" data-widget_type=\"image.default\">\n\t\t\t\t<div class=\"elementor-widget-container\">\n\t\t\t\t\t\t\t\t\t\t\t\t\t\t\t<img decoding=\"async\" width=\"768\" height=\"495\" src=\"https:\/\/www.lidercare.com\/wp-content\/uploads\/Flavoring-and-Coloring-Workshop-768x495-1.webp\" class=\"attachment-large size-large wp-image-13144\" alt=\"Flavoring-and-Coloring-Workshop-768x495\" srcset=\"https:\/\/www.lidercare.com\/wp-content\/uploads\/Flavoring-and-Coloring-Workshop-768x495-1.webp 768w, https:\/\/www.lidercare.com\/wp-content\/uploads\/Flavoring-and-Coloring-Workshop-768x495-1-600x387.webp 600w\" sizes=\"(max-width: 768px) 100vw, 768px\" \/>\t\t\t\t\t\t\t\t\t\t\t\t\t\t\t<\/div>\n\t\t\t\t<\/div>\n\t\t\t\t<div class=\"elementor-element elementor-element-446118a elementor-widget elementor-widget-heading\" data-id=\"446118a\" data-element_type=\"widget\" data-e-type=\"widget\" data-widget_type=\"heading.default\">\n\t\t\t\t<div class=\"elementor-widget-container\">\n\t\t\t\t\t<h3 class=\"elementor-heading-title elementor-size-default\">Taller de aromatizaci\u00f3n y coloraci\u00f3n<\/h3>\t\t\t\t<\/div>\n\t\t\t\t<\/div>\n\t\t\t\t\t<\/div>\n\t\t\t\t<\/div>\n\t\t\t\t\t<\/div>\n\t\t\t\t<\/div>\n\t\t<div class=\"elementor-element elementor-element-6a30bd3 e-flex e-con-boxed e-con e-child\" data-id=\"6a30bd3\" data-element_type=\"container\" data-e-type=\"container\">\n\t\t\t\t\t<div class=\"e-con-inner\">\n\t\t<div class=\"elementor-element elementor-element-4b56f25 e-flex e-con-boxed e-con e-child\" data-id=\"4b56f25\" data-element_type=\"container\" data-e-type=\"container\">\n\t\t\t\t\t<div class=\"e-con-inner\">\n\t\t\t\t<div class=\"elementor-element elementor-element-ce705dd elementor-widget elementor-widget-image\" data-id=\"ce705dd\" data-element_type=\"widget\" data-e-type=\"widget\" data-widget_type=\"image.default\">\n\t\t\t\t<div class=\"elementor-widget-container\">\n\t\t\t\t\t\t\t\t\t\t\t\t\t\t\t<img loading=\"lazy\" decoding=\"async\" width=\"768\" height=\"495\" src=\"https:\/\/www.lidercare.com\/wp-content\/uploads\/Filling-and-Packaging-Workshop-768x495-1.webp\" class=\"attachment-large size-large wp-image-13139\" alt=\"Filling-and-Packaging-Workshop-768x495\" srcset=\"https:\/\/www.lidercare.com\/wp-content\/uploads\/Filling-and-Packaging-Workshop-768x495-1.webp 768w, https:\/\/www.lidercare.com\/wp-content\/uploads\/Filling-and-Packaging-Workshop-768x495-1-600x387.webp 600w\" sizes=\"(max-width: 768px) 100vw, 768px\" \/>\t\t\t\t\t\t\t\t\t\t\t\t\t\t\t<\/div>\n\t\t\t\t<\/div>\n\t\t\t\t<div class=\"elementor-element elementor-element-ba929a7 elementor-widget elementor-widget-heading\" data-id=\"ba929a7\" data-element_type=\"widget\" data-e-type=\"widget\" data-widget_type=\"heading.default\">\n\t\t\t\t<div class=\"elementor-widget-container\">\n\t\t\t\t\t<h3 class=\"elementor-heading-title elementor-size-default\">Taller de llenado y envasado<\/h3>\t\t\t\t<\/div>\n\t\t\t\t<\/div>\n\t\t\t\t\t<\/div>\n\t\t\t\t<\/div>\n\t\t<div class=\"elementor-element elementor-element-5fb3245 e-flex e-con-boxed e-con e-child\" data-id=\"5fb3245\" data-element_type=\"container\" data-e-type=\"container\">\n\t\t\t\t\t<div class=\"e-con-inner\">\n\t\t\t\t<div class=\"elementor-element elementor-element-50da2d6 elementor-widget elementor-widget-image\" data-id=\"50da2d6\" data-element_type=\"widget\" data-e-type=\"widget\" data-widget_type=\"image.default\">\n\t\t\t\t<div class=\"elementor-widget-container\">\n\t\t\t\t\t\t\t\t\t\t\t\t\t\t\t<img loading=\"lazy\" decoding=\"async\" width=\"768\" height=\"495\" src=\"https:\/\/www.lidercare.com\/wp-content\/uploads\/Quality-Control-Workshop-768x495-1.webp\" class=\"attachment-large size-large wp-image-13149\" alt=\"Quality-Control-Workshop-768x495\" srcset=\"https:\/\/www.lidercare.com\/wp-content\/uploads\/Quality-Control-Workshop-768x495-1.webp 768w, https:\/\/www.lidercare.com\/wp-content\/uploads\/Quality-Control-Workshop-768x495-1-600x387.webp 600w\" sizes=\"(max-width: 768px) 100vw, 768px\" \/>\t\t\t\t\t\t\t\t\t\t\t\t\t\t\t<\/div>\n\t\t\t\t<\/div>\n\t\t\t\t<div class=\"elementor-element elementor-element-1d17942 elementor-widget elementor-widget-heading\" data-id=\"1d17942\" data-element_type=\"widget\" data-e-type=\"widget\" data-widget_type=\"heading.default\">\n\t\t\t\t<div class=\"elementor-widget-container\">\n\t\t\t\t\t<h3 class=\"elementor-heading-title elementor-size-default\">Taller de Control de Calidad<\/h3>\t\t\t\t<\/div>\n\t\t\t\t<\/div>\n\t\t\t\t\t<\/div>\n\t\t\t\t<\/div>\n\t\t<div class=\"elementor-element elementor-element-b6cdfdf e-flex e-con-boxed e-con e-child\" data-id=\"b6cdfdf\" data-element_type=\"container\" data-e-type=\"container\">\n\t\t\t\t\t<div class=\"e-con-inner\">\n\t\t\t\t<div class=\"elementor-element elementor-element-474effd elementor-widget elementor-widget-image\" data-id=\"474effd\" data-element_type=\"widget\" data-e-type=\"widget\" data-widget_type=\"image.default\">\n\t\t\t\t<div class=\"elementor-widget-container\">\n\t\t\t\t\t\t\t\t\t\t\t\t\t\t\t<img loading=\"lazy\" decoding=\"async\" width=\"768\" height=\"495\" src=\"https:\/\/www.lidercare.com\/wp-content\/uploads\/Warehouse-and-Logistics-Workshop-768x495-1.webp\" class=\"attachment-large size-large wp-image-13159\" alt=\"Warehouse-and-Logistics-Workshop-768x495\" srcset=\"https:\/\/www.lidercare.com\/wp-content\/uploads\/Warehouse-and-Logistics-Workshop-768x495-1.webp 768w, https:\/\/www.lidercare.com\/wp-content\/uploads\/Warehouse-and-Logistics-Workshop-768x495-1-600x387.webp 600w\" sizes=\"(max-width: 768px) 100vw, 768px\" \/>\t\t\t\t\t\t\t\t\t\t\t\t\t\t\t<\/div>\n\t\t\t\t<\/div>\n\t\t\t\t<div class=\"elementor-element elementor-element-52befb4 elementor-widget elementor-widget-heading\" data-id=\"52befb4\" data-element_type=\"widget\" data-e-type=\"widget\" data-widget_type=\"heading.default\">\n\t\t\t\t<div class=\"elementor-widget-container\">\n\t\t\t\t\t<h3 class=\"elementor-heading-title elementor-size-default\">Taller de Almac\u00e9n y Log\u00edstica<\/h3>\t\t\t\t<\/div>\n\t\t\t\t<\/div>\n\t\t\t\t\t<\/div>\n\t\t\t\t<\/div>\n\t\t\t\t\t<\/div>\n\t\t\t\t<\/div>\n\t\t\t\t\t<\/div>\n\t\t\t\t<\/div>\n\t\t<div class=\"elementor-element elementor-element-7fc4994 e-flex e-con-boxed e-con e-parent\" data-id=\"7fc4994\" data-element_type=\"container\" data-e-type=\"container\" data-settings=\"{&quot;background_background&quot;:&quot;classic&quot;}\">\n\t\t\t\t\t<div class=\"e-con-inner\">\n\t\t<div class=\"elementor-element elementor-element-48376c7 e-flex e-con-boxed e-con e-child\" data-id=\"48376c7\" data-element_type=\"container\" data-e-type=\"container\">\n\t\t\t\t\t<div class=\"e-con-inner\">\n\t\t\t\t<div class=\"elementor-element elementor-element-8fed564 elementor-widget elementor-widget-heading\" data-id=\"8fed564\" data-element_type=\"widget\" data-e-type=\"widget\" data-widget_type=\"heading.default\">\n\t\t\t\t<div class=\"elementor-widget-container\">\n\t\t\t\t\t<h2 class=\"elementor-heading-title elementor-size-default\">\u25c9 Conoce nuestra f\u00e1brica en v\u00eddeo<\/h2>\t\t\t\t<\/div>\n\t\t\t\t<\/div>\n\t\t\t\t<div class=\"elementor-element elementor-element-b7f0dd3 elementor-widget elementor-widget-text-editor\" data-id=\"b7f0dd3\" data-element_type=\"widget\" data-e-type=\"widget\" data-widget_type=\"text-editor.default\">\n\t\t\t\t<div class=\"elementor-widget-container\">\n\t\t\t\t\t\t\t\t\t<p>Lidercare dispone de instalaciones con la tecnolog\u00eda m\u00e1s avanzada de China, con una capacidad de producci\u00f3n que nos convierte en uno de los <a href=\"https:\/\/www.lidercare.com\/product-category\/whitening-toothpaste\/\">principales fabricantes de dent\u00edfricos<\/a>. Nuestras instalaciones est\u00e1n estrat\u00e9gicamente situadas para ofrecer un excelente servicio a nuestros clientes por mar y tierra en los mercados internacionales.<\/p><p>Conoce nuestro proceso de fabricaci\u00f3n para ofrecerte productos con el mejor dise\u00f1o, calidad y servicio del mercado.<\/p>\t\t\t\t\t\t\t\t<\/div>\n\t\t\t\t<\/div>\n\t\t\t\t\t<\/div>\n\t\t\t\t<\/div>\n\t\t<div class=\"elementor-element elementor-element-aad3928 e-flex e-con-boxed e-con e-child\" data-id=\"aad3928\" data-element_type=\"container\" data-e-type=\"container\">\n\t\t\t\t\t<div class=\"e-con-inner\">\n\t\t\t\t<div class=\"elementor-element elementor-element-b0f2915 elementor-widget elementor-widget-video\" data-id=\"b0f2915\" data-element_type=\"widget\" data-e-type=\"widget\" data-settings=\"{&quot;youtube_url&quot;:&quot;https:\\\/\\\/youtu.be\\\/TgzVhhJG2Ug&quot;,&quot;video_type&quot;:&quot;youtube&quot;,&quot;controls&quot;:&quot;yes&quot;}\" data-widget_type=\"video.default\">\n\t\t\t\t<div class=\"elementor-widget-container\">\n\t\t\t\t\t\t\t<div class=\"elementor-wrapper elementor-open-inline\">\n\t\t\t<div class=\"elementor-video\"><\/div>\t\t<\/div>\n\t\t\t\t\t\t<\/div>\n\t\t\t\t<\/div>\n\t\t\t\t\t<\/div>\n\t\t\t\t<\/div>\n\t\t\t\t\t<\/div>\n\t\t\t\t<\/div>\n\t\t<div class=\"elementor-element elementor-element-57acc23 e-flex e-con-boxed e-con e-parent\" data-id=\"57acc23\" data-element_type=\"container\" data-e-type=\"container\">\n\t\t\t\t\t<div class=\"e-con-inner\">\n\t\t<div class=\"elementor-element elementor-element-a47e50e e-con-full e-flex e-con e-child\" data-id=\"a47e50e\" data-element_type=\"container\" data-e-type=\"container\">\n\t\t\t\t<div class=\"elementor-element elementor-element-81336fe elementor-widget elementor-widget-image\" data-id=\"81336fe\" data-element_type=\"widget\" data-e-type=\"widget\" data-widget_type=\"image.default\">\n\t\t\t\t<div class=\"elementor-widget-container\">\n\t\t\t\t\t\t\t\t\t\t\t\t\t\t\t<img loading=\"lazy\" decoding=\"async\" width=\"800\" height=\"533\" src=\"https:\/\/www.lidercare.com\/wp-content\/uploads\/Guardians-of-Quality.webp\" class=\"attachment-large size-large wp-image-12964\" alt=\"Guardians of Quality\" srcset=\"https:\/\/www.lidercare.com\/wp-content\/uploads\/Guardians-of-Quality.webp 800w, https:\/\/www.lidercare.com\/wp-content\/uploads\/Guardians-of-Quality-600x400.webp 600w, https:\/\/www.lidercare.com\/wp-content\/uploads\/Guardians-of-Quality-768x512.webp 768w\" sizes=\"(max-width: 800px) 100vw, 800px\" \/>\t\t\t\t\t\t\t\t\t\t\t\t\t\t\t<\/div>\n\t\t\t\t<\/div>\n\t\t\t\t<\/div>\n\t\t<div class=\"elementor-element elementor-element-3485754 e-con-full e-flex e-con e-child\" data-id=\"3485754\" data-element_type=\"container\" data-e-type=\"container\">\n\t\t\t\t<div class=\"elementor-element elementor-element-8fb5127 elementor-widget elementor-widget-heading\" data-id=\"8fb5127\" data-element_type=\"widget\" data-e-type=\"widget\" data-widget_type=\"heading.default\">\n\t\t\t\t<div class=\"elementor-widget-container\">\n\t\t\t\t\t<h2 class=\"elementor-heading-title elementor-size-default\">Control de calidad estricto<\/h2>\t\t\t\t<\/div>\n\t\t\t\t<\/div>\n\t\t\t\t<div class=\"elementor-element elementor-element-86a789d elementor-widget elementor-widget-text-editor\" data-id=\"86a789d\" data-element_type=\"widget\" data-e-type=\"widget\" data-widget_type=\"text-editor.default\">\n\t\t\t\t<div class=\"elementor-widget-container\">\n\t\t\t\t\t\t\t\t\t<p>Para suministrar nuestros productos con eficacia, nos ajustamos a estrictas normas de control de calidad.<br><br>Los clientes que valoran mucho la calidad del material y la eficacia nos eligen como su \u00fanico proveedor dental. Tenemos la confianza de ofrecer un cambio del 100% de los art\u00edculos defectuosos. <\/p>\t\t\t\t\t\t\t\t<\/div>\n\t\t\t\t<\/div>\n\t\t\t\t<\/div>\n\t\t\t\t\t<\/div>\n\t\t\t\t<\/div>\n\t\t\t\t<\/div>\n\t\t","protected":false},"excerpt":{"rendered":"<p>F\u00e1brica certificada ISO y GMP Reduce tus costes, acelera la llegada de tus productos al mercado y ay\u00fadate a obtener una ventaja competitiva. Home Vista r\u00e1pida de nuestra f\u00e1brica Taller de mezclas Taller de adici\u00f3n de principios activos Taller de aromatizaci\u00f3n y coloraci\u00f3n Taller de llenado y envasado Taller de Control de Calidad Taller de [&hellip;]<\/p>\n","protected":false},"author":1,"featured_media":13437,"parent":0,"menu_order":0,"comment_status":"closed","ping_status":"closed","template":"","meta":{"_acf_changed":false,"footnotes":""},"class_list":["post-17660","page","type-page","status-publish","has-post-thumbnail","hentry"],"acf":[],"_links":{"self":[{"href":"https:\/\/www.lidercare.com\/es\/wp-json\/wp\/v2\/pages\/17660","targetHints":{"allow":["GET"]}}],"collection":[{"href":"https:\/\/www.lidercare.com\/es\/wp-json\/wp\/v2\/pages"}],"about":[{"href":"https:\/\/www.lidercare.com\/es\/wp-json\/wp\/v2\/types\/page"}],"author":[{"embeddable":true,"href":"https:\/\/www.lidercare.com\/es\/wp-json\/wp\/v2\/users\/1"}],"replies":[{"embeddable":true,"href":"https:\/\/www.lidercare.com\/es\/wp-json\/wp\/v2\/comments?post=17660"}],"version-history":[{"count":6,"href":"https:\/\/www.lidercare.com\/es\/wp-json\/wp\/v2\/pages\/17660\/revisions"}],"predecessor-version":[{"id":95783,"href":"https:\/\/www.lidercare.com\/es\/wp-json\/wp\/v2\/pages\/17660\/revisions\/95783"}],"wp:featuredmedia":[{"embeddable":true,"href":"https:\/\/www.lidercare.com\/es\/wp-json\/wp\/v2\/media\/13437"}],"wp:attachment":[{"href":"https:\/\/www.lidercare.com\/es\/wp-json\/wp\/v2\/media?parent=17660"}],"curies":[{"name":"wp","href":"https:\/\/api.w.org\/{rel}","templated":true}]}}