{"id":17584,"date":"2023-06-28T13:34:24","date_gmt":"2023-06-28T05:34:24","guid":{"rendered":"https:\/\/www.lidercare.com\/liderazgo\/"},"modified":"2026-03-31T17:12:09","modified_gmt":"2026-03-31T09:12:09","slug":"liderazgo","status":"publish","type":"page","link":"https:\/\/www.lidercare.com\/es\/liderazgo\/","title":{"rendered":"Liderazgo"},"content":{"rendered":"\t\t<div data-elementor-type=\"wp-page\" data-elementor-id=\"17584\" class=\"elementor elementor-17584 elementor-1181\" data-elementor-post-type=\"page\">\n\t\t\t\t<div class=\"elementor-element elementor-element-281ed5c6 e-flex e-con-boxed e-con e-parent\" data-id=\"281ed5c6\" data-element_type=\"container\" data-e-type=\"container\" data-settings=\"{&quot;background_background&quot;:&quot;gradient&quot;}\">\n\t\t\t\t\t<div class=\"e-con-inner\">\n\t\t\t\t<div class=\"elementor-element elementor-element-47d54f5a elementor-widget elementor-widget-heading\" data-id=\"47d54f5a\" data-element_type=\"widget\" data-e-type=\"widget\" data-widget_type=\"heading.default\">\n\t\t\t\t<div class=\"elementor-widget-container\">\n\t\t\t\t\t<h1 class=\"elementor-heading-title elementor-size-default\">Liderazgo Lidercare<\/h1>\t\t\t\t<\/div>\n\t\t\t\t<\/div>\n\t\t\t\t<div class=\"elementor-element elementor-element-42ad5da elementor-widget elementor-widget-text-editor\" data-id=\"42ad5da\" data-element_type=\"widget\" data-e-type=\"widget\" data-widget_type=\"text-editor.default\">\n\t\t\t\t<div class=\"elementor-widget-container\">\n\t\t\t\t\t\t\t\t\t<p>Los l\u00edderes de Lidercare predican con el ejemplo, modelando la integridad, la experiencia y el compromiso de servicio de sus empleados.<\/p>\t\t\t\t\t\t\t\t<\/div>\n\t\t\t\t<\/div>\n\t\t\t\t<div class=\"elementor-element elementor-element-1950c57 elementor-widget elementor-widget-breadcrumbs\" data-id=\"1950c57\" data-element_type=\"widget\" data-e-type=\"widget\" data-widget_type=\"breadcrumbs.default\">\n\t\t\t\t<div class=\"elementor-widget-container\">\n\t\t\t\t\t<nav><span class=\"last\">Inicio<\/span><\/nav>\t\t\t\t<\/div>\n\t\t\t\t<\/div>\n\t\t\t\t\t<\/div>\n\t\t\t\t<\/div>\n\t\t<div class=\"elementor-element elementor-element-e798203 e-flex e-con-boxed e-con e-parent\" data-id=\"e798203\" data-element_type=\"container\" data-e-type=\"container\">\n\t\t\t\t\t<div class=\"e-con-inner\">\n\t\t<div class=\"elementor-element elementor-element-7b49e09 e-con-full e-flex e-con e-child\" data-id=\"7b49e09\" data-element_type=\"container\" data-e-type=\"container\">\n\t\t\t\t<div class=\"elementor-element elementor-element-394e761 elementor-widget elementor-widget-image\" data-id=\"394e761\" data-element_type=\"widget\" data-e-type=\"widget\" data-widget_type=\"image.default\">\n\t\t\t\t<div class=\"elementor-widget-container\">\n\t\t\t\t\t\t\t\t\t\t\t\t\t\t\t<img fetchpriority=\"high\" decoding=\"async\" width=\"800\" height=\"800\" src=\"https:\/\/www.lidercare.com\/wp-content\/uploads\/sophia-li.webp\" class=\"attachment-large size-large wp-image-13329\" alt=\"sophia li\" srcset=\"https:\/\/www.lidercare.com\/wp-content\/uploads\/sophia-li.webp 800w, https:\/\/www.lidercare.com\/wp-content\/uploads\/sophia-li-300x300.webp 300w, https:\/\/www.lidercare.com\/wp-content\/uploads\/sophia-li-100x100.webp 100w, https:\/\/www.lidercare.com\/wp-content\/uploads\/sophia-li-600x600.webp 600w, https:\/\/www.lidercare.com\/wp-content\/uploads\/sophia-li-500x500.webp 500w, https:\/\/www.lidercare.com\/wp-content\/uploads\/sophia-li-768x768.webp 768w\" sizes=\"(max-width: 800px) 100vw, 800px\" \/>\t\t\t\t\t\t\t\t\t\t\t\t\t\t\t<\/div>\n\t\t\t\t<\/div>\n\t\t\t\t<\/div>\n\t\t<div class=\"elementor-element elementor-element-08adc52 e-con-full e-flex e-con e-child\" data-id=\"08adc52\" data-element_type=\"container\" data-e-type=\"container\">\n\t\t\t\t<div class=\"elementor-element elementor-element-9f113d9 elementor-widget elementor-widget-heading\" data-id=\"9f113d9\" data-element_type=\"widget\" data-e-type=\"widget\" data-widget_type=\"heading.default\">\n\t\t\t\t<div class=\"elementor-widget-container\">\n\t\t\t\t\t<h2 class=\"elementor-heading-title elementor-size-default\">Sophia Li<\/h2>\t\t\t\t<\/div>\n\t\t\t\t<\/div>\n\t\t\t\t<div class=\"elementor-element elementor-element-ff0a844 elementor-widget elementor-widget-heading\" data-id=\"ff0a844\" data-element_type=\"widget\" data-e-type=\"widget\" data-widget_type=\"heading.default\">\n\t\t\t\t<div class=\"elementor-widget-container\">\n\t\t\t\t\t<h3 class=\"elementor-heading-title elementor-size-default\">Presidente<\/h3>\t\t\t\t<\/div>\n\t\t\t\t<\/div>\n\t\t\t\t<div class=\"elementor-element elementor-element-60fce70 elementor-view-default elementor-widget elementor-widget-icon\" data-id=\"60fce70\" data-element_type=\"widget\" data-e-type=\"widget\" data-widget_type=\"icon.default\">\n\t\t\t\t<div class=\"elementor-widget-container\">\n\t\t\t\t\t\t\t<div class=\"elementor-icon-wrapper\">\n\t\t\t<div class=\"elementor-icon\">\n\t\t\t<svg aria-hidden=\"true\" class=\"e-font-icon-svg e-fas-quote-left\" viewBox=\"0 0 512 512\" xmlns=\"http:\/\/www.w3.org\/2000\/svg\"><path d=\"M464 256h-80v-64c0-35.3 28.7-64 64-64h8c13.3 0 24-10.7 24-24V56c0-13.3-10.7-24-24-24h-8c-88.4 0-160 71.6-160 160v240c0 26.5 21.5 48 48 48h128c26.5 0 48-21.5 48-48V304c0-26.5-21.5-48-48-48zm-288 0H96v-64c0-35.3 28.7-64 64-64h8c13.3 0 24-10.7 24-24V56c0-13.3-10.7-24-24-24h-8C71.6 32 0 103.6 0 192v240c0 26.5 21.5 48 48 48h128c26.5 0 48-21.5 48-48V304c0-26.5-21.5-48-48-48z\"><\/path><\/svg>\t\t\t<\/div>\n\t\t<\/div>\n\t\t\t\t\t\t<\/div>\n\t\t\t\t<\/div>\n\t\t\t\t<div class=\"elementor-element elementor-element-62c42d3 elementor-widget elementor-widget-heading\" data-id=\"62c42d3\" data-element_type=\"widget\" data-e-type=\"widget\" data-widget_type=\"heading.default\">\n\t\t\t\t<div class=\"elementor-widget-container\">\n\t\t\t\t\t<h3 class=\"elementor-heading-title elementor-size-default\">La funci\u00f3n m\u00e1s importante de un gran equipo es que sus jugadores ordinarios produzcan resultados extraordinarios.<\/h3>\t\t\t\t<\/div>\n\t\t\t\t<\/div>\n\t\t\t\t<div class=\"elementor-element elementor-element-980d3fd elementor-widget elementor-widget-text-editor\" data-id=\"980d3fd\" data-element_type=\"widget\" data-e-type=\"widget\" data-widget_type=\"text-editor.default\">\n\t\t\t\t<div class=\"elementor-widget-container\">\n\t\t\t\t\t\t\t\t\t<p>Como Directora General, la misi\u00f3n principal de Sophia es mejorar el rendimiento del negocio de dent\u00edfricos personalizados para lograr una situaci\u00f3n beneficiosa para todos, clientes, empleados y la comunidad. Cree firmemente en la sostenibilidad de la producci\u00f3n de dent\u00edfricos y est\u00e1 comprometida con la mejora de los envases. Desde que asumi\u00f3 el cargo de Directora de Operaciones en 2013, ha desempe\u00f1ado un papel de liderazgo en el negocio de dent\u00edfricos personalizados de Lidercare en Guangzhou (Guangdong, China).  <br><br>Ha sido una l\u00edder comprometida y mentora de todos los empleados de Lidercare. En la actualidad, es responsable de ser pionera en nuevas posibilidades de dise\u00f1o y envasado de dent\u00edfricos, de construir la cadena de suministro para servir mejor a los clientes y de dirigir la econom\u00eda local hacia un importante crecimiento org\u00e1nico y de fusiones y adquisiciones. <\/p>\t\t\t\t\t\t\t\t<\/div>\n\t\t\t\t<\/div>\n\t\t\t\t<\/div>\n\t\t\t\t\t<\/div>\n\t\t\t\t<\/div>\n\t\t<div class=\"elementor-element elementor-element-9924ed7 e-flex e-con-boxed e-con e-parent\" data-id=\"9924ed7\" data-element_type=\"container\" data-e-type=\"container\">\n\t\t\t\t\t<div class=\"e-con-inner\">\n\t\t<div class=\"elementor-element elementor-element-0d3ace8 e-con-full e-flex e-con e-child\" data-id=\"0d3ace8\" data-element_type=\"container\" data-e-type=\"container\">\n\t\t\t\t<div class=\"elementor-element elementor-element-6b7f07f elementor-widget elementor-widget-image\" data-id=\"6b7f07f\" data-element_type=\"widget\" data-e-type=\"widget\" data-widget_type=\"image.default\">\n\t\t\t\t<div class=\"elementor-widget-container\">\n\t\t\t\t\t\t\t\t\t\t\t\t\t\t\t<img decoding=\"async\" width=\"800\" height=\"800\" src=\"https:\/\/www.lidercare.com\/wp-content\/uploads\/David-Shi.webp\" class=\"attachment-large size-large wp-image-13324\" alt=\"David Shi\" srcset=\"https:\/\/www.lidercare.com\/wp-content\/uploads\/David-Shi.webp 800w, https:\/\/www.lidercare.com\/wp-content\/uploads\/David-Shi-300x300.webp 300w, https:\/\/www.lidercare.com\/wp-content\/uploads\/David-Shi-100x100.webp 100w, https:\/\/www.lidercare.com\/wp-content\/uploads\/David-Shi-600x600.webp 600w, https:\/\/www.lidercare.com\/wp-content\/uploads\/David-Shi-500x500.webp 500w, https:\/\/www.lidercare.com\/wp-content\/uploads\/David-Shi-768x768.webp 768w\" sizes=\"(max-width: 800px) 100vw, 800px\" \/>\t\t\t\t\t\t\t\t\t\t\t\t\t\t\t<\/div>\n\t\t\t\t<\/div>\n\t\t\t\t<\/div>\n\t\t<div class=\"elementor-element elementor-element-5543026 e-con-full e-flex e-con e-child\" data-id=\"5543026\" data-element_type=\"container\" data-e-type=\"container\">\n\t\t\t\t<div class=\"elementor-element elementor-element-3027881 elementor-widget elementor-widget-heading\" data-id=\"3027881\" data-element_type=\"widget\" data-e-type=\"widget\" data-widget_type=\"heading.default\">\n\t\t\t\t<div class=\"elementor-widget-container\">\n\t\t\t\t\t<h2 class=\"elementor-heading-title elementor-size-default\">David Shi<\/h2>\t\t\t\t<\/div>\n\t\t\t\t<\/div>\n\t\t\t\t<div class=\"elementor-element elementor-element-5923527 elementor-widget elementor-widget-heading\" data-id=\"5923527\" data-element_type=\"widget\" data-e-type=\"widget\" data-widget_type=\"heading.default\">\n\t\t\t\t<div class=\"elementor-widget-container\">\n\t\t\t\t\t<h3 class=\"elementor-heading-title elementor-size-default\">Consejero Delegado<\/h3>\t\t\t\t<\/div>\n\t\t\t\t<\/div>\n\t\t\t\t<div class=\"elementor-element elementor-element-3f8680a elementor-view-default elementor-widget elementor-widget-icon\" data-id=\"3f8680a\" data-element_type=\"widget\" data-e-type=\"widget\" data-widget_type=\"icon.default\">\n\t\t\t\t<div class=\"elementor-widget-container\">\n\t\t\t\t\t\t\t<div class=\"elementor-icon-wrapper\">\n\t\t\t<div class=\"elementor-icon\">\n\t\t\t<svg aria-hidden=\"true\" class=\"e-font-icon-svg e-fas-quote-left\" viewBox=\"0 0 512 512\" xmlns=\"http:\/\/www.w3.org\/2000\/svg\"><path d=\"M464 256h-80v-64c0-35.3 28.7-64 64-64h8c13.3 0 24-10.7 24-24V56c0-13.3-10.7-24-24-24h-8c-88.4 0-160 71.6-160 160v240c0 26.5 21.5 48 48 48h128c26.5 0 48-21.5 48-48V304c0-26.5-21.5-48-48-48zm-288 0H96v-64c0-35.3 28.7-64 64-64h8c13.3 0 24-10.7 24-24V56c0-13.3-10.7-24-24-24h-8C71.6 32 0 103.6 0 192v240c0 26.5 21.5 48 48 48h128c26.5 0 48-21.5 48-48V304c0-26.5-21.5-48-48-48z\"><\/path><\/svg>\t\t\t<\/div>\n\t\t<\/div>\n\t\t\t\t\t\t<\/div>\n\t\t\t\t<\/div>\n\t\t\t\t<div class=\"elementor-element elementor-element-cbc4975 elementor-widget elementor-widget-heading\" data-id=\"cbc4975\" data-element_type=\"widget\" data-e-type=\"widget\" data-widget_type=\"heading.default\">\n\t\t\t\t<div class=\"elementor-widget-container\">\n\t\t\t\t\t<h3 class=\"elementor-heading-title elementor-size-default\">Si uno se limita a comprender la situaci\u00f3n de la empresa, puede caer f\u00e1cilmente en un estado de tranquilidad ciega.<\/h3>\t\t\t\t<\/div>\n\t\t\t\t<\/div>\n\t\t\t\t<div class=\"elementor-element elementor-element-8503ac2 elementor-widget elementor-widget-text-editor\" data-id=\"8503ac2\" data-element_type=\"widget\" data-e-type=\"widget\" data-widget_type=\"text-editor.default\">\n\t\t\t\t<div class=\"elementor-widget-container\">\n\t\t\t\t\t\t\t\t\t<p>David Shi se incorpor\u00f3 a Lidercare como Consejero Delegado en 2018. Aporta m\u00e1s de 10 a\u00f1os de experiencia en la cadena de suministro del sector del cuidado bucal. Como l\u00edder de empresas de fabricaci\u00f3n en m\u00faltiples sectores, David Shi prev\u00e9 el futuro del envasado y las marcas, especialmente las necesidades r\u00e1pidamente cambiantes de nuestros clientes.  <br><br>Desde que se incorpor\u00f3 a Lidercare, David Shi ha construido una cadena completa de suministro de dent\u00edfricos, implantando s\u00f3lidas pr\u00e1cticas de gesti\u00f3n centradas en una disponibilidad m\u00e1s r\u00e1pida del producto. Hace hincapi\u00e9 en nuestra misi\u00f3n de proporcionar a las marcas mundiales productos de cuidado bucal de la m\u00e1xima calidad, sin dejar piedra sin remover para aumentar el valor de su marca. <\/p>\t\t\t\t\t\t\t\t<\/div>\n\t\t\t\t<\/div>\n\t\t\t\t<\/div>\n\t\t\t\t\t<\/div>\n\t\t\t\t<\/div>\n\t\t<div class=\"elementor-element elementor-element-950e4b0 e-flex e-con-boxed e-con e-parent\" data-id=\"950e4b0\" data-element_type=\"container\" data-e-type=\"container\">\n\t\t\t\t\t<div class=\"e-con-inner\">\n\t\t<div class=\"elementor-element elementor-element-df07afa e-con-full e-flex e-con e-child\" data-id=\"df07afa\" data-element_type=\"container\" data-e-type=\"container\">\n\t\t\t\t<div class=\"elementor-element elementor-element-d56d8d3 elementor-widget elementor-widget-image\" data-id=\"d56d8d3\" data-element_type=\"widget\" data-e-type=\"widget\" data-widget_type=\"image.default\">\n\t\t\t\t<div class=\"elementor-widget-container\">\n\t\t\t\t\t\t\t\t\t\t\t\t\t\t\t<img decoding=\"async\" width=\"800\" height=\"800\" src=\"https:\/\/www.lidercare.com\/wp-content\/uploads\/Cindy-Chen.webp\" class=\"attachment-large size-large wp-image-13319\" alt=\"Cindy Chen\" srcset=\"https:\/\/www.lidercare.com\/wp-content\/uploads\/Cindy-Chen.webp 800w, https:\/\/www.lidercare.com\/wp-content\/uploads\/Cindy-Chen-300x300.webp 300w, https:\/\/www.lidercare.com\/wp-content\/uploads\/Cindy-Chen-100x100.webp 100w, https:\/\/www.lidercare.com\/wp-content\/uploads\/Cindy-Chen-600x600.webp 600w, https:\/\/www.lidercare.com\/wp-content\/uploads\/Cindy-Chen-500x500.webp 500w, https:\/\/www.lidercare.com\/wp-content\/uploads\/Cindy-Chen-768x768.webp 768w\" sizes=\"(max-width: 800px) 100vw, 800px\" \/>\t\t\t\t\t\t\t\t\t\t\t\t\t\t\t<\/div>\n\t\t\t\t<\/div>\n\t\t\t\t<\/div>\n\t\t<div class=\"elementor-element elementor-element-598480a e-con-full e-flex e-con e-child\" data-id=\"598480a\" data-element_type=\"container\" data-e-type=\"container\">\n\t\t\t\t<div class=\"elementor-element elementor-element-ca080e8 elementor-widget elementor-widget-heading\" data-id=\"ca080e8\" data-element_type=\"widget\" data-e-type=\"widget\" data-widget_type=\"heading.default\">\n\t\t\t\t<div class=\"elementor-widget-container\">\n\t\t\t\t\t<h2 class=\"elementor-heading-title elementor-size-default\">Cindy Chen<\/h2>\t\t\t\t<\/div>\n\t\t\t\t<\/div>\n\t\t\t\t<div class=\"elementor-element elementor-element-6c7453f elementor-widget elementor-widget-heading\" data-id=\"6c7453f\" data-element_type=\"widget\" data-e-type=\"widget\" data-widget_type=\"heading.default\">\n\t\t\t\t<div class=\"elementor-widget-container\">\n\t\t\t\t\t<h3 class=\"elementor-heading-title elementor-size-default\">Director General<\/h3>\t\t\t\t<\/div>\n\t\t\t\t<\/div>\n\t\t\t\t<div class=\"elementor-element elementor-element-fcaa00b elementor-view-default elementor-widget elementor-widget-icon\" data-id=\"fcaa00b\" data-element_type=\"widget\" data-e-type=\"widget\" data-widget_type=\"icon.default\">\n\t\t\t\t<div class=\"elementor-widget-container\">\n\t\t\t\t\t\t\t<div class=\"elementor-icon-wrapper\">\n\t\t\t<div class=\"elementor-icon\">\n\t\t\t<svg aria-hidden=\"true\" class=\"e-font-icon-svg e-fas-quote-left\" viewBox=\"0 0 512 512\" xmlns=\"http:\/\/www.w3.org\/2000\/svg\"><path d=\"M464 256h-80v-64c0-35.3 28.7-64 64-64h8c13.3 0 24-10.7 24-24V56c0-13.3-10.7-24-24-24h-8c-88.4 0-160 71.6-160 160v240c0 26.5 21.5 48 48 48h128c26.5 0 48-21.5 48-48V304c0-26.5-21.5-48-48-48zm-288 0H96v-64c0-35.3 28.7-64 64-64h8c13.3 0 24-10.7 24-24V56c0-13.3-10.7-24-24-24h-8C71.6 32 0 103.6 0 192v240c0 26.5 21.5 48 48 48h128c26.5 0 48-21.5 48-48V304c0-26.5-21.5-48-48-48z\"><\/path><\/svg>\t\t\t<\/div>\n\t\t<\/div>\n\t\t\t\t\t\t<\/div>\n\t\t\t\t<\/div>\n\t\t\t\t<div class=\"elementor-element elementor-element-383b875 elementor-widget elementor-widget-heading\" data-id=\"383b875\" data-element_type=\"widget\" data-e-type=\"widget\" data-widget_type=\"heading.default\">\n\t\t\t\t<div class=\"elementor-widget-container\">\n\t\t\t\t\t<h3 class=\"elementor-heading-title elementor-size-default\">Un cliente satisfecho es la mejor estrategia empresarial de todas.<\/h3>\t\t\t\t<\/div>\n\t\t\t\t<\/div>\n\t\t\t\t<div class=\"elementor-element elementor-element-9ce1819 elementor-widget elementor-widget-text-editor\" data-id=\"9ce1819\" data-element_type=\"widget\" data-e-type=\"widget\" data-widget_type=\"text-editor.default\">\n\t\t\t\t<div class=\"elementor-widget-container\">\n\t\t\t\t\t\t\t\t\t<p>Cindy ocupa el cargo de Directora General de Lidercare desde 2019 y es responsable de las operaciones generales de la empresa, incluida la mejora de la eficacia y el aumento de los beneficios. Tambi\u00e9n es responsable de las ventas globales. <\/p><p>Cindy es una veterana de la industria del cuidado bucal y ha dirigido a su equipo para lograr un crecimiento sostenible y escalable de los ingresos. Impulsa la colaboraci\u00f3n y la alineaci\u00f3n del equipo de Lidercare utilizando el pensamiento estrat\u00e9gico y un marco de venta de valor. Centrada en el servicio, su equipo atrae constantemente a nuevos clientes y ofrece un servicio excepcional.  <\/p>\t\t\t\t\t\t\t\t<\/div>\n\t\t\t\t<\/div>\n\t\t\t\t<\/div>\n\t\t\t\t\t<\/div>\n\t\t\t\t<\/div>\n\t\t\t\t<\/div>\n\t\t","protected":false},"excerpt":{"rendered":"<p>Liderazgo Lidercare Los l\u00edderes de Lidercare predican con el ejemplo, modelando la integridad, la experiencia y el compromiso de servicio de sus empleados. Home Sophia Li Presidente La funci\u00f3n m\u00e1s importante de un gran equipo es que sus jugadores ordinarios produzcan resultados extraordinarios. Como Directora General, la misi\u00f3n principal de Sophia es mejorar el rendimiento [&hellip;]<\/p>\n","protected":false},"author":1,"featured_media":13329,"parent":0,"menu_order":0,"comment_status":"closed","ping_status":"closed","template":"","meta":{"_acf_changed":false,"footnotes":""},"class_list":["post-17584","page","type-page","status-publish","has-post-thumbnail","hentry"],"acf":[],"_links":{"self":[{"href":"https:\/\/www.lidercare.com\/es\/wp-json\/wp\/v2\/pages\/17584","targetHints":{"allow":["GET"]}}],"collection":[{"href":"https:\/\/www.lidercare.com\/es\/wp-json\/wp\/v2\/pages"}],"about":[{"href":"https:\/\/www.lidercare.com\/es\/wp-json\/wp\/v2\/types\/page"}],"author":[{"embeddable":true,"href":"https:\/\/www.lidercare.com\/es\/wp-json\/wp\/v2\/users\/1"}],"replies":[{"embeddable":true,"href":"https:\/\/www.lidercare.com\/es\/wp-json\/wp\/v2\/comments?post=17584"}],"version-history":[{"count":4,"href":"https:\/\/www.lidercare.com\/es\/wp-json\/wp\/v2\/pages\/17584\/revisions"}],"predecessor-version":[{"id":95591,"href":"https:\/\/www.lidercare.com\/es\/wp-json\/wp\/v2\/pages\/17584\/revisions\/95591"}],"wp:featuredmedia":[{"embeddable":true,"href":"https:\/\/www.lidercare.com\/es\/wp-json\/wp\/v2\/media\/13329"}],"wp:attachment":[{"href":"https:\/\/www.lidercare.com\/es\/wp-json\/wp\/v2\/media?parent=17584"}],"curies":[{"name":"wp","href":"https:\/\/api.w.org\/{rel}","templated":true}]}}