{"id":17234,"date":"2023-09-06T15:01:29","date_gmt":"2023-09-06T07:01:29","guid":{"rendered":"https:\/\/www.lidercare.com\/gestion-de-la-calidad\/"},"modified":"2026-03-31T17:30:14","modified_gmt":"2026-03-31T09:30:14","slug":"gestion-de-la-calidad","status":"publish","type":"page","link":"https:\/\/www.lidercare.com\/es\/gestion-de-la-calidad\/","title":{"rendered":"Gesti\u00f3n de la calidad"},"content":{"rendered":"\t\t<div data-elementor-type=\"wp-page\" data-elementor-id=\"17234\" class=\"elementor elementor-17234 elementor-4983\" data-elementor-post-type=\"page\">\n\t\t\t\t<div class=\"elementor-element elementor-element-3827361f e-flex e-con-boxed e-con e-parent\" data-id=\"3827361f\" data-element_type=\"container\" data-e-type=\"container\" data-settings=\"{&quot;background_background&quot;:&quot;gradient&quot;}\">\n\t\t\t\t\t<div class=\"e-con-inner\">\n\t\t\t\t<div class=\"elementor-element elementor-element-84469c0 elementor-widget elementor-widget-heading\" data-id=\"84469c0\" data-element_type=\"widget\" data-e-type=\"widget\" data-widget_type=\"heading.default\">\n\t\t\t\t<div class=\"elementor-widget-container\">\n\t\t\t\t\t<h1 class=\"elementor-heading-title elementor-size-default\">Gesti\u00f3n de la calidad en la fabricaci\u00f3n de dent\u00edfricos<\/h1>\t\t\t\t<\/div>\n\t\t\t\t<\/div>\n\t\t\t\t<div class=\"elementor-element elementor-element-2af4f6de elementor-widget elementor-widget-heading\" data-id=\"2af4f6de\" data-element_type=\"widget\" data-e-type=\"widget\" data-widget_type=\"heading.default\">\n\t\t\t\t<div class=\"elementor-widget-container\">\n\t\t\t\t\t<p class=\"elementor-heading-title elementor-size-default\">Ofrecer productos de calidad no s\u00f3lo garantiza la satisfacci\u00f3n del cliente, sino que tambi\u00e9n impulsa el crecimiento de nuestro negocio.<\/p>\t\t\t\t<\/div>\n\t\t\t\t<\/div>\n\t\t\t\t<div class=\"elementor-element elementor-element-53c2ca5 elementor-widget elementor-widget-breadcrumbs\" data-id=\"53c2ca5\" data-element_type=\"widget\" data-e-type=\"widget\" data-widget_type=\"breadcrumbs.default\">\n\t\t\t\t<div class=\"elementor-widget-container\">\n\t\t\t\t\t<nav><span class=\"last\">Inicio<\/span><\/nav>\t\t\t\t<\/div>\n\t\t\t\t<\/div>\n\t\t\t\t\t<\/div>\n\t\t\t\t<\/div>\n\t\t<div class=\"elementor-element elementor-element-27b9db8 e-flex e-con-boxed e-con e-parent\" data-id=\"27b9db8\" data-element_type=\"container\" data-e-type=\"container\">\n\t\t\t\t\t<div class=\"e-con-inner\">\n\t\t\t\t<div class=\"elementor-element elementor-element-d22205c elementor-widget elementor-widget-heading\" data-id=\"d22205c\" data-element_type=\"widget\" data-e-type=\"widget\" data-widget_type=\"heading.default\">\n\t\t\t\t<div class=\"elementor-widget-container\">\n\t\t\t\t\t<h2 class=\"elementor-heading-title elementor-size-default\">Departamento de Control de Calidad (CC)<\/h2>\t\t\t\t<\/div>\n\t\t\t\t<\/div>\n\t\t\t\t<div class=\"elementor-element elementor-element-d4778d6 elementor-widget elementor-widget-text-editor\" data-id=\"d4778d6\" data-element_type=\"widget\" data-e-type=\"widget\" data-widget_type=\"text-editor.default\">\n\t\t\t\t<div class=\"elementor-widget-container\">\n\t\t\t\t\t\t\t\t\t<p>El Departamento de Control de Calidad es el guardi\u00e1n vigilante de nuestras normas. Mediante una inspecci\u00f3n meticulosa y pruebas rigurosas, garantizan que cada producto dent\u00edfrico cumpla los m\u00e1s altos est\u00e1ndares de calidad. <\/p>\t\t\t\t\t\t\t\t<\/div>\n\t\t\t\t<\/div>\n\t\t<div class=\"elementor-element elementor-element-78871cf e-flex e-con-boxed e-con e-child\" data-id=\"78871cf\" data-element_type=\"container\" data-e-type=\"container\">\n\t\t\t\t\t<div class=\"e-con-inner\">\n\t\t<div class=\"elementor-element elementor-element-2130ee7 e-flex e-con-boxed e-con e-child\" data-id=\"2130ee7\" data-element_type=\"container\" data-e-type=\"container\">\n\t\t\t\t\t<div class=\"e-con-inner\">\n\t\t\t\t<div class=\"elementor-element elementor-element-7479582 elementor-widget elementor-widget-heading\" data-id=\"7479582\" data-element_type=\"widget\" data-e-type=\"widget\" data-widget_type=\"heading.default\">\n\t\t\t\t<div class=\"elementor-widget-container\">\n\t\t\t\t\t<h3 class=\"elementor-heading-title elementor-size-default\">Guardianes de la calidad<\/h3>\t\t\t\t<\/div>\n\t\t\t\t<\/div>\n\t\t\t\t<div class=\"elementor-element elementor-element-e5f7825 elementor-widget elementor-widget-text-editor\" data-id=\"e5f7825\" data-element_type=\"widget\" data-e-type=\"widget\" data-widget_type=\"text-editor.default\">\n\t\t\t\t<div class=\"elementor-widget-container\">\n\t\t\t\t\t\t\t\t\t<p>Nuestro Departamento de Control de Calidad es el guardi\u00e1n de la calidad en todas las fases del proceso de producci\u00f3n. Expertos en control de calidad meticulosamente formados inspeccionan rigurosamente las materias primas, supervisan los procesos de producci\u00f3n y eval\u00faan los productos acabados. Su objetivo es identificar y rectificar cualquier desviaci\u00f3n de nuestras estrictas normas de calidad, garantizando que s\u00f3lo la mejor pasta de dientes llegue a nuestros clientes.  <\/p>\t\t\t\t\t\t\t\t<\/div>\n\t\t\t\t<\/div>\n\t\t\t\t\t<\/div>\n\t\t\t\t<\/div>\n\t\t<div class=\"elementor-element elementor-element-af6ec10 e-flex e-con-boxed e-con e-child\" data-id=\"af6ec10\" data-element_type=\"container\" data-e-type=\"container\">\n\t\t\t\t\t<div class=\"e-con-inner\">\n\t\t\t\t<div class=\"elementor-element elementor-element-7576123 elementor-widget elementor-widget-image\" data-id=\"7576123\" data-element_type=\"widget\" data-e-type=\"widget\" data-widget_type=\"image.default\">\n\t\t\t\t<div class=\"elementor-widget-container\">\n\t\t\t\t\t\t\t\t\t\t\t\t\t\t\t<img fetchpriority=\"high\" decoding=\"async\" width=\"800\" height=\"533\" src=\"https:\/\/www.lidercare.com\/wp-content\/uploads\/Guardians-of-Quality.webp\" class=\"attachment-large size-large wp-image-12964\" alt=\"Guardians of Quality\" srcset=\"https:\/\/www.lidercare.com\/wp-content\/uploads\/Guardians-of-Quality.webp 800w, https:\/\/www.lidercare.com\/wp-content\/uploads\/Guardians-of-Quality-600x400.webp 600w, https:\/\/www.lidercare.com\/wp-content\/uploads\/Guardians-of-Quality-768x512.webp 768w\" sizes=\"(max-width: 800px) 100vw, 800px\" \/>\t\t\t\t\t\t\t\t\t\t\t\t\t\t\t<\/div>\n\t\t\t\t<\/div>\n\t\t\t\t\t<\/div>\n\t\t\t\t<\/div>\n\t\t\t\t\t<\/div>\n\t\t\t\t<\/div>\n\t\t<div class=\"elementor-element elementor-element-b2b608d e-flex e-con-boxed e-con e-child\" data-id=\"b2b608d\" data-element_type=\"container\" data-e-type=\"container\">\n\t\t\t\t\t<div class=\"e-con-inner\">\n\t\t<div class=\"elementor-element elementor-element-39371ca e-flex e-con-boxed e-con e-child\" data-id=\"39371ca\" data-element_type=\"container\" data-e-type=\"container\">\n\t\t\t\t\t<div class=\"e-con-inner\">\n\t\t\t\t<div class=\"elementor-element elementor-element-3ef319a elementor-widget elementor-widget-image\" data-id=\"3ef319a\" data-element_type=\"widget\" data-e-type=\"widget\" data-widget_type=\"image.default\">\n\t\t\t\t<div class=\"elementor-widget-container\">\n\t\t\t\t\t\t\t\t\t\t\t\t\t\t\t<img decoding=\"async\" width=\"1024\" height=\"576\" src=\"https:\/\/www.lidercare.com\/wp-content\/uploads\/Advanced-Testing-Facilities.jpg\" class=\"attachment-large size-large wp-image-12979\" alt=\"Advanced Testing Facilities\" srcset=\"https:\/\/www.lidercare.com\/wp-content\/uploads\/Advanced-Testing-Facilities.jpg 1024w, https:\/\/www.lidercare.com\/wp-content\/uploads\/Advanced-Testing-Facilities-600x338.jpg 600w, https:\/\/www.lidercare.com\/wp-content\/uploads\/Advanced-Testing-Facilities-768x432.jpg 768w\" sizes=\"(max-width: 1024px) 100vw, 1024px\" \/>\t\t\t\t\t\t\t\t\t\t\t\t\t\t\t<\/div>\n\t\t\t\t<\/div>\n\t\t\t\t\t<\/div>\n\t\t\t\t<\/div>\n\t\t<div class=\"elementor-element elementor-element-5b622e4 e-flex e-con-boxed e-con e-child\" data-id=\"5b622e4\" data-element_type=\"container\" data-e-type=\"container\">\n\t\t\t\t\t<div class=\"e-con-inner\">\n\t\t\t\t<div class=\"elementor-element elementor-element-bcd994a elementor-widget elementor-widget-heading\" data-id=\"bcd994a\" data-element_type=\"widget\" data-e-type=\"widget\" data-widget_type=\"heading.default\">\n\t\t\t\t<div class=\"elementor-widget-container\">\n\t\t\t\t\t<h3 class=\"elementor-heading-title elementor-size-default\">Instalaciones de ensayo avanzadas<\/h3>\t\t\t\t<\/div>\n\t\t\t\t<\/div>\n\t\t\t\t<div class=\"elementor-element elementor-element-d747099 elementor-widget elementor-widget-text-editor\" data-id=\"d747099\" data-element_type=\"widget\" data-e-type=\"widget\" data-widget_type=\"text-editor.default\">\n\t\t\t\t<div class=\"elementor-widget-container\">\n\t\t\t\t\t\t\t\t\t<p>Para mantener nuestra reputaci\u00f3n de excelencia, nuestro Departamento de Control de Calidad emplea equipos de ensayo de vanguardia. Esto incluye espectr\u00f3metros, cromat\u00f3grafos y herramientas de an\u00e1lisis microbiol\u00f3gico de \u00faltima generaci\u00f3n. Estas tecnolog\u00edas avanzadas nos permiten realizar pruebas exhaustivas, desde an\u00e1lisis de composici\u00f3n qu\u00edmica hasta evaluaciones de seguridad microbiol\u00f3gica.  <\/p>\t\t\t\t\t\t\t\t<\/div>\n\t\t\t\t<\/div>\n\t\t\t\t\t<\/div>\n\t\t\t\t<\/div>\n\t\t\t\t\t<\/div>\n\t\t\t\t<\/div>\n\t\t\t\t\t<\/div>\n\t\t\t\t<\/div>\n\t\t<div class=\"elementor-element elementor-element-e986a6c e-flex e-con-boxed e-con e-parent\" data-id=\"e986a6c\" data-element_type=\"container\" data-e-type=\"container\" data-settings=\"{&quot;background_background&quot;:&quot;classic&quot;}\">\n\t\t\t\t\t<div class=\"e-con-inner\">\n\t\t\t\t<div class=\"elementor-element elementor-element-be8a12f elementor-widget elementor-widget-heading\" data-id=\"be8a12f\" data-element_type=\"widget\" data-e-type=\"widget\" data-widget_type=\"heading.default\">\n\t\t\t\t<div class=\"elementor-widget-container\">\n\t\t\t\t\t<h2 class=\"elementor-heading-title elementor-size-default\">Instalaciones de sala blanca de clase 100.000<\/h2>\t\t\t\t<\/div>\n\t\t\t\t<\/div>\n\t\t\t\t<div class=\"elementor-element elementor-element-72dfc44 elementor-widget elementor-widget-text-editor\" data-id=\"72dfc44\" data-element_type=\"widget\" data-e-type=\"widget\" data-widget_type=\"text-editor.default\">\n\t\t\t\t<div class=\"elementor-widget-container\">\n\t\t\t\t\t\t\t\t\t<p>Nuestra sala limpia de grado diez mil es una maravilla de la ingenier\u00eda, meticulosamente dise\u00f1ada para crear un entorno libre de contaminantes.<\/p>\t\t\t\t\t\t\t\t<\/div>\n\t\t\t\t<\/div>\n\t\t<div class=\"elementor-element elementor-element-f68fab6 e-flex e-con-boxed e-con e-child\" data-id=\"f68fab6\" data-element_type=\"container\" data-e-type=\"container\">\n\t\t\t\t\t<div class=\"e-con-inner\">\n\t\t<div class=\"elementor-element elementor-element-dcb987a e-flex e-con-boxed e-con e-child\" data-id=\"dcb987a\" data-element_type=\"container\" data-e-type=\"container\">\n\t\t\t\t\t<div class=\"e-con-inner\">\n\t\t\t\t<div class=\"elementor-element elementor-element-02e1025 elementor-widget elementor-widget-heading\" data-id=\"02e1025\" data-element_type=\"widget\" data-e-type=\"widget\" data-widget_type=\"heading.default\">\n\t\t\t\t<div class=\"elementor-widget-container\">\n\t\t\t\t\t<h3 class=\"elementor-heading-title elementor-size-default\">Establecer nuevas normas<\/h3>\t\t\t\t<\/div>\n\t\t\t\t<\/div>\n\t\t\t\t<div class=\"elementor-element elementor-element-122c37f elementor-widget elementor-widget-text-editor\" data-id=\"122c37f\" data-element_type=\"widget\" data-e-type=\"widget\" data-widget_type=\"text-editor.default\">\n\t\t\t\t<div class=\"elementor-widget-container\">\n\t\t\t\t\t\t\t\t\t<p>Nuestro compromiso con la calidad se hace a\u00fan m\u00e1s evidente en nuestras instalaciones de sala limpia de grado diez mil. Esta instalaci\u00f3n se ha construido expresamente para mantener un entorno est\u00e9ril y controlado durante todo el <a href=\"https:\/\/www.lidercare.com\/es\/toothpaste-manufacturing-process-2\/\">proceso de fabricaci\u00f3n de la pasta de dientes<\/a>. Al minimizar el riesgo de contaminaci\u00f3n, garantizamos que nuestros productos cumplen las normas m\u00e1s estrictas de pureza y seguridad.  <\/p>\t\t\t\t\t\t\t\t<\/div>\n\t\t\t\t<\/div>\n\t\t\t\t\t<\/div>\n\t\t\t\t<\/div>\n\t\t<div class=\"elementor-element elementor-element-4ce9b4a e-flex e-con-boxed e-con e-child\" data-id=\"4ce9b4a\" data-element_type=\"container\" data-e-type=\"container\">\n\t\t\t\t\t<div class=\"e-con-inner\">\n\t\t\t\t<div class=\"elementor-element elementor-element-343daec elementor-widget elementor-widget-image\" data-id=\"343daec\" data-element_type=\"widget\" data-e-type=\"widget\" data-widget_type=\"image.default\">\n\t\t\t\t<div class=\"elementor-widget-container\">\n\t\t\t\t\t\t\t\t\t\t\t\t\t\t\t<img decoding=\"async\" width=\"774\" height=\"499\" src=\"https:\/\/www.lidercare.com\/wp-content\/uploads\/Setting-New-Standards.webp\" class=\"attachment-large size-large wp-image-12969\" alt=\"Setting New Standards\" srcset=\"https:\/\/www.lidercare.com\/wp-content\/uploads\/Setting-New-Standards.webp 774w, https:\/\/www.lidercare.com\/wp-content\/uploads\/Setting-New-Standards-600x387.webp 600w, https:\/\/www.lidercare.com\/wp-content\/uploads\/Setting-New-Standards-768x495.webp 768w\" sizes=\"(max-width: 774px) 100vw, 774px\" \/>\t\t\t\t\t\t\t\t\t\t\t\t\t\t\t<\/div>\n\t\t\t\t<\/div>\n\t\t\t\t\t<\/div>\n\t\t\t\t<\/div>\n\t\t\t\t\t<\/div>\n\t\t\t\t<\/div>\n\t\t<div class=\"elementor-element elementor-element-07559af e-flex e-con-boxed e-con e-child\" data-id=\"07559af\" data-element_type=\"container\" data-e-type=\"container\">\n\t\t\t\t\t<div class=\"e-con-inner\">\n\t\t<div class=\"elementor-element elementor-element-8d96ad7 e-flex e-con-boxed e-con e-child\" data-id=\"8d96ad7\" data-element_type=\"container\" data-e-type=\"container\">\n\t\t\t\t\t<div class=\"e-con-inner\">\n\t\t\t\t<div class=\"elementor-element elementor-element-3a1eab6 elementor-widget elementor-widget-image\" data-id=\"3a1eab6\" data-element_type=\"widget\" data-e-type=\"widget\" data-widget_type=\"image.default\">\n\t\t\t\t<div class=\"elementor-widget-container\">\n\t\t\t\t\t\t\t\t\t\t\t\t\t\t\t<img loading=\"lazy\" decoding=\"async\" width=\"612\" height=\"408\" src=\"https:\/\/www.lidercare.com\/wp-content\/uploads\/Stringent-Cleanroom-Protocols.jpg\" class=\"attachment-large size-large wp-image-12974\" alt=\"pharmaceutical factory equipment working with unrecognizable technician in blue\" srcset=\"https:\/\/www.lidercare.com\/wp-content\/uploads\/Stringent-Cleanroom-Protocols.jpg 612w, https:\/\/www.lidercare.com\/wp-content\/uploads\/Stringent-Cleanroom-Protocols-600x400.jpg 600w\" sizes=\"(max-width: 612px) 100vw, 612px\" \/>\t\t\t\t\t\t\t\t\t\t\t\t\t\t\t<\/div>\n\t\t\t\t<\/div>\n\t\t\t\t\t<\/div>\n\t\t\t\t<\/div>\n\t\t<div class=\"elementor-element elementor-element-9e40e45 e-flex e-con-boxed e-con e-child\" data-id=\"9e40e45\" data-element_type=\"container\" data-e-type=\"container\">\n\t\t\t\t\t<div class=\"e-con-inner\">\n\t\t\t\t<div class=\"elementor-element elementor-element-38c26f3 elementor-widget elementor-widget-heading\" data-id=\"38c26f3\" data-element_type=\"widget\" data-e-type=\"widget\" data-widget_type=\"heading.default\">\n\t\t\t\t<div class=\"elementor-widget-container\">\n\t\t\t\t\t<h3 class=\"elementor-heading-title elementor-size-default\">Protocolos estrictos para salas limpias<\/h3>\t\t\t\t<\/div>\n\t\t\t\t<\/div>\n\t\t\t\t<div class=\"elementor-element elementor-element-8e48e6f elementor-widget elementor-widget-text-editor\" data-id=\"8e48e6f\" data-element_type=\"widget\" data-e-type=\"widget\" data-widget_type=\"text-editor.default\">\n\t\t\t\t<div class=\"elementor-widget-container\">\n\t\t\t\t\t\t\t\t\t<p>Nuestra sala blanca sigue protocolos estrictos, como comprobaciones peri\u00f3dicas de la calidad del aire, procedimientos de uso de batas por parte de los empleados y esterilizaci\u00f3n rutinaria del equipo. Estas medidas, combinadas con un personal altamente formado, nos ayudan a mantener la m\u00e1xima higiene y consistencia en nuestros productos. <\/p>\t\t\t\t\t\t\t\t<\/div>\n\t\t\t\t<\/div>\n\t\t\t\t\t<\/div>\n\t\t\t\t<\/div>\n\t\t\t\t\t<\/div>\n\t\t\t\t<\/div>\n\t\t\t\t\t<\/div>\n\t\t\t\t<\/div>\n\t\t\t\t<\/div>\n\t\t","protected":false},"excerpt":{"rendered":"<p>Gesti\u00f3n de la calidad en la fabricaci\u00f3n de dent\u00edfricos Ofrecer productos de calidad no s\u00f3lo garantiza la satisfacci\u00f3n del cliente, sino que tambi\u00e9n impulsa el crecimiento de nuestro negocio. Home Departamento de Control de Calidad (CC) El Departamento de Control de Calidad es el guardi\u00e1n vigilante de nuestras normas. Mediante una inspecci\u00f3n meticulosa y pruebas [&hellip;]<\/p>\n","protected":false},"author":1,"featured_media":12964,"parent":0,"menu_order":0,"comment_status":"closed","ping_status":"closed","template":"elementor_theme","meta":{"_acf_changed":false,"footnotes":""},"class_list":["post-17234","page","type-page","status-publish","has-post-thumbnail","hentry"],"acf":[],"_links":{"self":[{"href":"https:\/\/www.lidercare.com\/es\/wp-json\/wp\/v2\/pages\/17234","targetHints":{"allow":["GET"]}}],"collection":[{"href":"https:\/\/www.lidercare.com\/es\/wp-json\/wp\/v2\/pages"}],"about":[{"href":"https:\/\/www.lidercare.com\/es\/wp-json\/wp\/v2\/types\/page"}],"author":[{"embeddable":true,"href":"https:\/\/www.lidercare.com\/es\/wp-json\/wp\/v2\/users\/1"}],"replies":[{"embeddable":true,"href":"https:\/\/www.lidercare.com\/es\/wp-json\/wp\/v2\/comments?post=17234"}],"version-history":[{"count":5,"href":"https:\/\/www.lidercare.com\/es\/wp-json\/wp\/v2\/pages\/17234\/revisions"}],"predecessor-version":[{"id":95667,"href":"https:\/\/www.lidercare.com\/es\/wp-json\/wp\/v2\/pages\/17234\/revisions\/95667"}],"wp:featuredmedia":[{"embeddable":true,"href":"https:\/\/www.lidercare.com\/es\/wp-json\/wp\/v2\/media\/12964"}],"wp:attachment":[{"href":"https:\/\/www.lidercare.com\/es\/wp-json\/wp\/v2\/media?parent=17234"}],"curies":[{"name":"wp","href":"https:\/\/api.w.org\/{rel}","templated":true}]}}