{"id":87017,"date":"2026-03-10T15:02:54","date_gmt":"2026-03-10T07:02:54","guid":{"rendered":"https:\/\/www.lidercare.com\/product\/mundspuelung-fuer-trockene-muender\/"},"modified":"2026-04-16T09:24:57","modified_gmt":"2026-04-16T01:24:57","slug":"mundspuelung-fuer-trockene-muender","status":"publish","type":"product","link":"https:\/\/www.lidercare.com\/de\/produkt\/mundspuelung-fuer-trockene-muender\/","title":{"rendered":"Mundsp\u00fclung f\u00fcr trockene M\u00fcnder"},"featured_media":33593,"template":"","meta":{"_acf_changed":false},"product-category":[377],"class_list":["post-87017","product","type-product","status-publish","has-post-thumbnail","hentry","product-category-mundspuelung"],"acf":[],"_links":{"self":[{"href":"https:\/\/www.lidercare.com\/de\/wp-json\/wp\/v2\/product\/87017","targetHints":{"allow":["GET"]}}],"collection":[{"href":"https:\/\/www.lidercare.com\/de\/wp-json\/wp\/v2\/product"}],"about":[{"href":"https:\/\/www.lidercare.com\/de\/wp-json\/wp\/v2\/types\/product"}],"wp:featuredmedia":[{"embeddable":true,"href":"https:\/\/www.lidercare.com\/de\/wp-json\/wp\/v2\/media\/33593"}],"wp:attachment":[{"href":"https:\/\/www.lidercare.com\/de\/wp-json\/wp\/v2\/media?parent=87017"}],"wp:term":[{"taxonomy":"product-category","embeddable":true,"href":"https:\/\/www.lidercare.com\/de\/wp-json\/wp\/v2\/product-category?post=87017"}],"curies":[{"name":"wp","href":"https:\/\/api.w.org\/{rel}","templated":true}]}}