{"id":68435,"date":"2023-06-25T11:55:23","date_gmt":"2023-06-25T03:55:23","guid":{"rendered":"https:\/\/www.lidercare.com\/datenschutzbestimmungen\/"},"modified":"2026-03-31T17:21:46","modified_gmt":"2026-03-31T09:21:46","slug":"datenschutzbestimmungen","status":"publish","type":"page","link":"https:\/\/www.lidercare.com\/de\/datenschutzbestimmungen\/","title":{"rendered":"Datenschutzbestimmungen"},"content":{"rendered":"\t\t<div data-elementor-type=\"wp-page\" data-elementor-id=\"68435\" class=\"elementor elementor-68435 elementor-840\" data-elementor-post-type=\"page\">\n\t\t\t\t<div class=\"elementor-element elementor-element-506b54d6 e-flex e-con-boxed e-con e-parent\" data-id=\"506b54d6\" data-element_type=\"container\" data-e-type=\"container\" data-settings=\"{&quot;background_background&quot;:&quot;gradient&quot;}\">\n\t\t\t\t\t<div class=\"e-con-inner\">\n\t\t\t\t<div class=\"elementor-element elementor-element-2a465801 elementor-widget elementor-widget-heading\" data-id=\"2a465801\" data-element_type=\"widget\" data-e-type=\"widget\" data-widget_type=\"heading.default\">\n\t\t\t\t<div class=\"elementor-widget-container\">\n\t\t\t\t\t<h1 class=\"elementor-heading-title elementor-size-default\">Datenschutzbestimmungen<\/h1>\t\t\t\t<\/div>\n\t\t\t\t<\/div>\n\t\t\t\t<div class=\"elementor-element elementor-element-2ab6c21 elementor-widget elementor-widget-text-editor\" data-id=\"2ab6c21\" data-element_type=\"widget\" data-e-type=\"widget\" data-widget_type=\"text-editor.default\">\n\t\t\t\t<div class=\"elementor-widget-container\">\n\t\t\t\t\t\t\t\t\t<p>Wir wissen, dass dies eine gro\u00dfe Verantwortung ist und arbeiten hart daran, Ihre Daten zu sch\u00fctzen und Ihnen die Kontrolle zu geben.<\/p>\t\t\t\t\t\t\t\t<\/div>\n\t\t\t\t<\/div>\n\t\t\t\t<div class=\"elementor-element elementor-element-9415e56 elementor-widget elementor-widget-breadcrumbs\" data-id=\"9415e56\" data-element_type=\"widget\" data-e-type=\"widget\" data-widget_type=\"breadcrumbs.default\">\n\t\t\t\t<div class=\"elementor-widget-container\">\n\t\t\t\t\t<nav><span class=\"last\">Startseite<\/span><\/nav>\t\t\t\t<\/div>\n\t\t\t\t<\/div>\n\t\t\t\t\t<\/div>\n\t\t\t\t<\/div>\n\t\t<div class=\"elementor-element elementor-element-bbcc8e2 e-flex e-con-boxed e-con e-parent\" data-id=\"bbcc8e2\" data-element_type=\"container\" data-e-type=\"container\">\n\t\t\t\t\t<div class=\"e-con-inner\">\n\t\t\t\t<div class=\"elementor-element elementor-element-6c08fee elementor-widget elementor-widget-heading\" data-id=\"6c08fee\" data-element_type=\"widget\" data-e-type=\"widget\" data-widget_type=\"heading.default\">\n\t\t\t\t<div class=\"elementor-widget-container\">\n\t\t\t\t\t<h2 class=\"elementor-heading-title elementor-size-default\">EINLEITUNG<\/h2>\t\t\t\t<\/div>\n\t\t\t\t<\/div>\n\t\t\t\t<div class=\"elementor-element elementor-element-078667d elementor-widget elementor-widget-text-editor\" data-id=\"078667d\" data-element_type=\"widget\" data-e-type=\"widget\" data-widget_type=\"text-editor.default\">\n\t\t\t\t<div class=\"elementor-widget-container\">\n\t\t\t\t\t\t\t\t\t<p>Lidercare respektiert die Privatsph\u00e4re seiner Nutzer. In dieser Datenschutzrichtlinie wird erl\u00e4utert, wie wir Ihre Daten erfassen, verwenden, offenlegen und sch\u00fctzen, wenn Sie unsere Website Lidercare.com besuchen, einschlie\u00dflich aller anderen Medienformen, Medienkan\u00e4le, mobilen Websites oder mobilen Anwendungen, die damit in Verbindung stehen oder damit verbunden sind (zusammenfassend die &#8222;Website&#8220;). Bitte lesen Sie diese Datenschutzrichtlinie sorgf\u00e4ltig durch. Wenn Sie mit den Bedingungen dieser Datenschutzrichtlinie nicht einverstanden sind, verzichten Sie bitte auf den Zugriff auf die Website.   <\/p><p>Wir behalten uns das Recht vor, diese Datenschutzrichtlinie jederzeit und aus beliebigen Gr\u00fcnden zu \u00e4ndern. Wir werden Sie \u00fcber alle \u00c4nderungen informieren, indem wir das Datum &#8222;Letzte Aktualisierung&#8220; dieser Datenschutzrichtlinie aktualisieren. Jegliche \u00c4nderungen oder Modifikationen werden sofort mit der Ver\u00f6ffentlichung der aktualisierten Datenschutzrichtlinie auf der Website wirksam, und Sie verzichten auf das Recht, \u00fcber jede derartige \u00c4nderung oder Modifikation gesondert informiert zu werden.  <br><br>Wir empfehlen Ihnen, diese Datenschutzrichtlinie regelm\u00e4\u00dfig zu \u00fcberpr\u00fcfen, um sich \u00fcber Aktualisierungen zu informieren. Es wird davon ausgegangen, dass Sie von den \u00c4nderungen in den \u00fcberarbeiteten Datenschutzrichtlinien Kenntnis genommen haben, dass Sie diesen unterliegen und dass Sie die \u00c4nderungen in den \u00fcberarbeiteten Datenschutzrichtlinien akzeptieren, wenn Sie die Website nach dem Datum, an dem die \u00fcberarbeiteten Datenschutzrichtlinien ver\u00f6ffentlicht wurden, weiterhin nutzen. <\/p>\t\t\t\t\t\t\t\t<\/div>\n\t\t\t\t<\/div>\n\t\t\t\t<div class=\"elementor-element elementor-element-bbf76e0 elementor-widget elementor-widget-heading\" data-id=\"bbf76e0\" data-element_type=\"widget\" data-e-type=\"widget\" data-widget_type=\"heading.default\">\n\t\t\t\t<div class=\"elementor-widget-container\">\n\t\t\t\t\t<h2 class=\"elementor-heading-title elementor-size-default\">ERFASSUNG IHRER INFORMATIONEN<\/h2>\t\t\t\t<\/div>\n\t\t\t\t<\/div>\n\t\t\t\t<div class=\"elementor-element elementor-element-e089e52 elementor-widget elementor-widget-text-editor\" data-id=\"e089e52\" data-element_type=\"widget\" data-e-type=\"widget\" data-widget_type=\"text-editor.default\">\n\t\t\t\t<div class=\"elementor-widget-container\">\n\t\t\t\t\t\t\t\t\t<p>Wir k\u00f6nnen auf verschiedene Weise Informationen \u00fcber Sie sammeln. Zu den Informationen, die wir auf der Website sammeln, geh\u00f6ren: <\/p>\t\t\t\t\t\t\t\t<\/div>\n\t\t\t\t<\/div>\n\t\t\t\t<div class=\"elementor-element elementor-element-788db5b elementor-widget elementor-widget-heading\" data-id=\"788db5b\" data-element_type=\"widget\" data-e-type=\"widget\" data-widget_type=\"heading.default\">\n\t\t\t\t<div class=\"elementor-widget-container\">\n\t\t\t\t\t<h3 class=\"elementor-heading-title elementor-size-default\">Per Gesetz oder zum Schutz von Rechten<\/h3>\t\t\t\t<\/div>\n\t\t\t\t<\/div>\n\t\t\t\t<div class=\"elementor-element elementor-element-5716796 elementor-widget elementor-widget-text-editor\" data-id=\"5716796\" data-element_type=\"widget\" data-e-type=\"widget\" data-widget_type=\"text-editor.default\">\n\t\t\t\t<div class=\"elementor-widget-container\">\n\t\t\t\t\t\t\t\t\t<p>Wenn wir der Meinung sind, dass die Weitergabe von Informationen \u00fcber Sie notwendig ist, um auf ein Gerichtsverfahren zu reagieren, um m\u00f6gliche Verst\u00f6\u00dfe gegen unsere Richtlinien zu untersuchen oder zu beheben oder um die Rechte, das Eigentum und die Sicherheit anderer zu sch\u00fctzen, k\u00f6nnen wir Ihre Informationen weitergeben, soweit dies nach geltendem Recht, Regeln oder Vorschriften zul\u00e4ssig oder erforderlich ist. Dazu geh\u00f6rt auch der Austausch von Informationen mit anderen Unternehmen zum Schutz vor Betrug und zur Reduzierung des Kreditrisikos. <\/p>\t\t\t\t\t\t\t\t<\/div>\n\t\t\t\t<\/div>\n\t\t\t\t<div class=\"elementor-element elementor-element-77f5b61 elementor-widget elementor-widget-heading\" data-id=\"77f5b61\" data-element_type=\"widget\" data-e-type=\"widget\" data-widget_type=\"heading.default\">\n\t\t\t\t<div class=\"elementor-widget-container\">\n\t\t\t\t\t<h3 class=\"elementor-heading-title elementor-size-default\">Drittanbieter von Dienstleistungen<\/h3>\t\t\t\t<\/div>\n\t\t\t\t<\/div>\n\t\t\t\t<div class=\"elementor-element elementor-element-0404d8f elementor-widget elementor-widget-text-editor\" data-id=\"0404d8f\" data-element_type=\"widget\" data-e-type=\"widget\" data-widget_type=\"text-editor.default\">\n\t\t\t\t<div class=\"elementor-widget-container\">\n\t\t\t\t\t\t\t\t\t<p>Wir k\u00f6nnen Ihre Daten an Dritte weitergeben, die Dienstleistungen f\u00fcr uns oder in unserem Namen erbringen, einschlie\u00dflich Datenanalyse und Versandservice.<\/p>\t\t\t\t\t\t\t\t<\/div>\n\t\t\t\t<\/div>\n\t\t\t\t<div class=\"elementor-element elementor-element-65c1398 elementor-widget elementor-widget-heading\" data-id=\"65c1398\" data-element_type=\"widget\" data-e-type=\"widget\" data-widget_type=\"heading.default\">\n\t\t\t\t<div class=\"elementor-widget-container\">\n\t\t\t\t\t<h3 class=\"elementor-heading-title elementor-size-default\">Gesch\u00e4ftspartner<\/h3>\t\t\t\t<\/div>\n\t\t\t\t<\/div>\n\t\t\t\t<div class=\"elementor-element elementor-element-3acac0e elementor-widget elementor-widget-text-editor\" data-id=\"3acac0e\" data-element_type=\"widget\" data-e-type=\"widget\" data-widget_type=\"text-editor.default\">\n\t\t\t\t<div class=\"elementor-widget-container\">\n\t\t\t\t\t\t\t\t\t<p>Wir k\u00f6nnen Ihre Daten an unsere Gesch\u00e4ftspartner weitergeben, um Ihnen bestimmte Produkte, Dienstleistungen oder Werbeaktionen anzubieten.<\/p>\t\t\t\t\t\t\t\t<\/div>\n\t\t\t\t<\/div>\n\t\t\t\t<div class=\"elementor-element elementor-element-7abf94d elementor-widget elementor-widget-heading\" data-id=\"7abf94d\" data-element_type=\"widget\" data-e-type=\"widget\" data-widget_type=\"heading.default\">\n\t\t\t\t<div class=\"elementor-widget-container\">\n\t\t\t\t\t<h3 class=\"elementor-heading-title elementor-size-default\">Andere Drittparteien<\/h3>\t\t\t\t<\/div>\n\t\t\t\t<\/div>\n\t\t\t\t<div class=\"elementor-element elementor-element-f38b610 elementor-widget elementor-widget-text-editor\" data-id=\"f38b610\" data-element_type=\"widget\" data-e-type=\"widget\" data-widget_type=\"text-editor.default\">\n\t\t\t\t<div class=\"elementor-widget-container\">\n\t\t\t\t\t\t\t\t\t<p>Wir k\u00f6nnen Ihre Daten an Werbekunden und Investoren weitergeben, um allgemeine Gesch\u00e4ftsanalysen durchzuf\u00fchren. Wir k\u00f6nnen Ihre Daten auch zu Marketingzwecken an solche Dritte weitergeben, soweit dies gesetzlich zul\u00e4ssig ist. <\/p>\t\t\t\t\t\t\t\t<\/div>\n\t\t\t\t<\/div>\n\t\t\t\t<div class=\"elementor-element elementor-element-c41dc54 elementor-widget elementor-widget-heading\" data-id=\"c41dc54\" data-element_type=\"widget\" data-e-type=\"widget\" data-widget_type=\"heading.default\">\n\t\t\t\t<div class=\"elementor-widget-container\">\n\t\t\t\t\t<h2 class=\"elementor-heading-title elementor-size-default\">TRACKING-TECHNOLOGIEN<\/h2>\t\t\t\t<\/div>\n\t\t\t\t<\/div>\n\t\t\t\t<div class=\"elementor-element elementor-element-176afb8 elementor-widget elementor-widget-heading\" data-id=\"176afb8\" data-element_type=\"widget\" data-e-type=\"widget\" data-widget_type=\"heading.default\">\n\t\t\t\t<div class=\"elementor-widget-container\">\n\t\t\t\t\t<h3 class=\"elementor-heading-title elementor-size-default\">Cookies und Web Beacons<\/h3>\t\t\t\t<\/div>\n\t\t\t\t<\/div>\n\t\t\t\t<div class=\"elementor-element elementor-element-f1b41cb elementor-widget elementor-widget-text-editor\" data-id=\"f1b41cb\" data-element_type=\"widget\" data-e-type=\"widget\" data-widget_type=\"text-editor.default\">\n\t\t\t\t<div class=\"elementor-widget-container\">\n\t\t\t\t\t\t\t\t\t<p>Wir k\u00f6nnen Cookies und andere Tracking-Technologien auf der Website verwenden, um die Website anzupassen und Ihr Erlebnis zu verbessern. Wenn Sie auf die Website zugreifen, werden Ihre pers\u00f6nlichen Daten nicht durch den Einsatz von Tracking-Technologien erfasst. Die meisten Browser sind so eingestellt, dass sie Cookies standardm\u00e4\u00dfig akzeptieren. Sie k\u00f6nnen Cookies entfernen oder ablehnen, sollten sich aber bewusst sein, dass dies die Verf\u00fcgbarkeit und Funktionalit\u00e4t der Website beeintr\u00e4chtigen kann. Sie k\u00f6nnen Web Beacons nicht ablehnen. Sie k\u00f6nnen sie jedoch unwirksam machen, indem Sie alle Cookies ablehnen oder die Einstellungen Ihres Webbrowsers so \u00e4ndern, dass Sie jedes Mal benachrichtigt werden, wenn ein Cookie angeboten wird, so dass Sie Cookies auf individueller Basis annehmen oder ablehnen k\u00f6nnen.     <\/p>\t\t\t\t\t\t\t\t<\/div>\n\t\t\t\t<\/div>\n\t\t\t\t<div class=\"elementor-element elementor-element-fb52908 elementor-widget elementor-widget-heading\" data-id=\"fb52908\" data-element_type=\"widget\" data-e-type=\"widget\" data-widget_type=\"heading.default\">\n\t\t\t\t<div class=\"elementor-widget-container\">\n\t\t\t\t\t<h3 class=\"elementor-heading-title elementor-size-default\">Website-Analytik<\/h3>\t\t\t\t<\/div>\n\t\t\t\t<\/div>\n\t\t\t\t<div class=\"elementor-element elementor-element-a802679 elementor-widget elementor-widget-text-editor\" data-id=\"a802679\" data-element_type=\"widget\" data-e-type=\"widget\" data-widget_type=\"text-editor.default\">\n\t\t\t\t<div class=\"elementor-widget-container\">\n\t\t\t\t\t\t\t\t\t<p>Wir k\u00f6nnen auch mit ausgew\u00e4hlten Drittanbietern wie Google Analytics zusammenarbeiten, um Tracking-Technologien und Remarketing-Dienste auf der Website durch die Verwendung von Cookies von Erstanbietern und Drittanbietern zu erm\u00f6glichen, um u.a. die Nutzung der Website durch die Benutzer zu analysieren und zu verfolgen, die Beliebtheit bestimmter Inhalte zu ermitteln und die Online-Aktivit\u00e4ten besser zu verstehen. Indem Sie auf die Website zugreifen, stimmen Sie der Erfassung und Verwendung Ihrer Daten durch diese Drittanbieter zu. Wir empfehlen Ihnen, deren Datenschutzrichtlinien zu lesen. Wir geben keine pers\u00f6nlichen Daten an diese Drittanbieter weiter.   <br><br>Sie sollten sich dar\u00fcber im Klaren sein, dass die Anschaffung eines neuen Computers, die Installation eines neuen Browsers, die Aktualisierung eines bestehenden Browsers oder das L\u00f6schen oder anderweitige \u00c4ndern der Cookies Ihres Browsers auch bestimmte Opt-Out-Cookies, Plug-ins oder Einstellungen l\u00f6schen kann.<\/p>\t\t\t\t\t\t\t\t<\/div>\n\t\t\t\t<\/div>\n\t\t\t\t<div class=\"elementor-element elementor-element-cfa8c11 elementor-widget elementor-widget-heading\" data-id=\"cfa8c11\" data-element_type=\"widget\" data-e-type=\"widget\" data-widget_type=\"heading.default\">\n\t\t\t\t<div class=\"elementor-widget-container\">\n\t\t\t\t\t<h2 class=\"elementor-heading-title elementor-size-default\">WEBSITES DRITTER<\/h2>\t\t\t\t<\/div>\n\t\t\t\t<\/div>\n\t\t\t\t<div class=\"elementor-element elementor-element-ca1e1d7 elementor-widget elementor-widget-text-editor\" data-id=\"ca1e1d7\" data-element_type=\"widget\" data-e-type=\"widget\" data-widget_type=\"text-editor.default\">\n\t\t\t\t<div class=\"elementor-widget-container\">\n\t\t\t\t\t\t\t\t\t<p>Die Website kann Links zu interessanten Websites und Anwendungen Dritter enthalten, einschlie\u00dflich Werbung und externer Dienste, die nicht mit uns verbunden sind. Sobald Sie diese Links benutzt haben, um die Website zu verlassen, fallen alle Informationen, die Sie diesen Dritten zur Verf\u00fcgung stellen, nicht unter diese Datenschutzrichtlinie, und wir k\u00f6nnen die Sicherheit und den Schutz Ihrer Daten nicht garantieren. Bevor Sie die Websites Dritter besuchen und ihnen Informationen zur Verf\u00fcgung stellen, sollten Sie sich \u00fcber die Datenschutzrichtlinien und -praktiken (falls vorhanden) des f\u00fcr diese Website verantwortlichen Dritten informieren und die notwendigen Schritte unternehmen, um nach Ihrem Ermessen den Schutz Ihrer Daten zu gew\u00e4hrleisten. Wir sind nicht verantwortlich f\u00fcr den Inhalt oder die Datenschutz- und Sicherheitspraktiken und -richtlinien von Dritten, einschlie\u00dflich anderer Websites, Dienste oder Anwendungen, die mit der Website verlinkt sind.   <\/p>\t\t\t\t\t\t\t\t<\/div>\n\t\t\t\t<\/div>\n\t\t\t\t<div class=\"elementor-element elementor-element-221811c elementor-widget elementor-widget-heading\" data-id=\"221811c\" data-element_type=\"widget\" data-e-type=\"widget\" data-widget_type=\"heading.default\">\n\t\t\t\t<div class=\"elementor-widget-container\">\n\t\t\t\t\t<h2 class=\"elementor-heading-title elementor-size-default\">SICHERHEIT IHRER INFORMATIONEN<\/h2>\t\t\t\t<\/div>\n\t\t\t\t<\/div>\n\t\t\t\t<div class=\"elementor-element elementor-element-e480f2d elementor-widget elementor-widget-text-editor\" data-id=\"e480f2d\" data-element_type=\"widget\" data-e-type=\"widget\" data-widget_type=\"text-editor.default\">\n\t\t\t\t<div class=\"elementor-widget-container\">\n\t\t\t\t\t\t\t\t\t<p>Wir setzen administrative, technische und physische Sicherheitsma\u00dfnahmen ein, um Ihre pers\u00f6nlichen Daten zu sch\u00fctzen. Auch wenn wir angemessene Schritte unternommen haben, um die uns von Ihnen zur Verf\u00fcgung gestellten pers\u00f6nlichen Daten zu sch\u00fctzen, sollten Sie sich dar\u00fcber im Klaren sein, dass trotz unserer Bem\u00fchungen keine Sicherheitsma\u00dfnahmen perfekt oder undurchdringlich sind und dass keine Methode der Daten\u00fcbertragung gegen ein Abfangen oder andere Arten des Missbrauchs garantiert werden kann. Alle Informationen, die online ver\u00f6ffentlicht werden, k\u00f6nnen von Unbefugten abgefangen und missbraucht werden. Daher k\u00f6nnen wir keine vollst\u00e4ndige Sicherheit garantieren, wenn Sie pers\u00f6nliche Informationen zur Verf\u00fcgung stellen.   <\/p>\t\t\t\t\t\t\t\t<\/div>\n\t\t\t\t<\/div>\n\t\t\t\t<div class=\"elementor-element elementor-element-df7934b elementor-widget elementor-widget-heading\" data-id=\"df7934b\" data-element_type=\"widget\" data-e-type=\"widget\" data-widget_type=\"heading.default\">\n\t\t\t\t<div class=\"elementor-widget-container\">\n\t\t\t\t\t<h3 class=\"elementor-heading-title elementor-size-default\">POLITIK F\u00dcR KINDER<\/h3>\t\t\t\t<\/div>\n\t\t\t\t<\/div>\n\t\t\t\t<div class=\"elementor-element elementor-element-f1e1e5d elementor-widget elementor-widget-text-editor\" data-id=\"f1e1e5d\" data-element_type=\"widget\" data-e-type=\"widget\" data-widget_type=\"text-editor.default\">\n\t\t\t\t<div class=\"elementor-widget-container\">\n\t\t\t\t\t\t\t\t\t<p>Wir bitten nicht wissentlich um Informationen von Kindern unter 13 Jahren und vermarkten diese auch nicht. Sollten Sie Kenntnis von Daten haben, die wir von Kindern unter 13 Jahren gesammelt haben, kontaktieren Sie uns bitte \u00fcber die unten angegebenen Kontaktinformationen. <\/p>\t\t\t\t\t\t\t\t<\/div>\n\t\t\t\t<\/div>\n\t\t\t\t<div class=\"elementor-element elementor-element-7c6f72a elementor-widget elementor-widget-heading\" data-id=\"7c6f72a\" data-element_type=\"widget\" data-e-type=\"widget\" data-widget_type=\"heading.default\">\n\t\t\t\t<div class=\"elementor-widget-container\">\n\t\t\t\t\t<h2 class=\"elementor-heading-title elementor-size-default\">STEUERELEMENTE F\u00dcR NICHT-VERFOLGEN-FUNKTIONEN<\/h2>\t\t\t\t<\/div>\n\t\t\t\t<\/div>\n\t\t\t\t<div class=\"elementor-element elementor-element-88f44a5 elementor-widget elementor-widget-text-editor\" data-id=\"88f44a5\" data-element_type=\"widget\" data-e-type=\"widget\" data-widget_type=\"text-editor.default\">\n\t\t\t\t<div class=\"elementor-widget-container\">\n\t\t\t\t\t\t\t\t\t<p>Die meisten Webbrowser und einige mobile Betriebssysteme enthalten eine &#8222;Do-Not-Track&#8220; (DNT)-Funktion oder -Einstellung, die Sie aktivieren k\u00f6nnen, um zu signalisieren, dass Sie keine Daten \u00fcber Ihre Online-Browsing-Aktivit\u00e4ten \u00fcberwachen und sammeln lassen m\u00f6chten. Es gibt noch keinen einheitlichen Technologiestandard f\u00fcr die Erkennung und Umsetzung von DNT-Signalen. Daher reagieren wir derzeit nicht auf DNT-Browsersignale oder andere Mechanismen, die automatisch mitteilen, dass Sie nicht online verfolgt werden m\u00f6chten. Sollte ein Standard f\u00fcr Online-Tracking verabschiedet werden, den wir in Zukunft befolgen m\u00fcssen, werden wir Sie in einer \u00fcberarbeiteten Version dieser Datenschutzrichtlinie \u00fcber diese Praxis informieren. Die meisten Webbrowser und einige mobile Betriebssysteme enthalten eine &#8222;Do-Not-Track&#8220;-Funktion oder -Einstellung, die Sie aktivieren k\u00f6nnen, um zu signalisieren, dass Sie nicht m\u00f6chten, dass Daten \u00fcber Ihre Online-Aktivit\u00e4ten \u00fcberwacht und gesammelt werden. Wenn Sie das DNT-Signal in Ihrem Browser aktivieren, werden wir auf solche DNT-Browser-Signale reagieren.     <\/p>\t\t\t\t\t\t\t\t<\/div>\n\t\t\t\t<\/div>\n\t\t\t\t<div class=\"elementor-element elementor-element-8f29d37 elementor-widget elementor-widget-heading\" data-id=\"8f29d37\" data-element_type=\"widget\" data-e-type=\"widget\" data-widget_type=\"heading.default\">\n\t\t\t\t<div class=\"elementor-widget-container\">\n\t\t\t\t\t<h2 class=\"elementor-heading-title elementor-size-default\">OPTIONEN BEZ\u00dcGLICH IHRER INFORMATIONEN<\/h2>\t\t\t\t<\/div>\n\t\t\t\t<\/div>\n\t\t\t\t<div class=\"elementor-element elementor-element-53b4952 elementor-widget elementor-widget-heading\" data-id=\"53b4952\" data-element_type=\"widget\" data-e-type=\"widget\" data-widget_type=\"heading.default\">\n\t\t\t\t<div class=\"elementor-widget-container\">\n\t\t\t\t\t<h3 class=\"elementor-heading-title elementor-size-default\">E-Mails und Kommunikation<\/h3>\t\t\t\t<\/div>\n\t\t\t\t<\/div>\n\t\t\t\t<div class=\"elementor-element elementor-element-25026ab elementor-widget elementor-widget-text-editor\" data-id=\"25026ab\" data-element_type=\"widget\" data-e-type=\"widget\" data-widget_type=\"text-editor.default\">\n\t\t\t\t<div class=\"elementor-widget-container\">\n\t\t\t\t\t\t\t\t\t<p>Wenn Sie keine Korrespondenz, E-Mails oder andere Mitteilungen mehr von uns erhalten m\u00f6chten, k\u00f6nnen Sie sich abmelden, indem Sie:<\/p><ul><li>Angabe Ihrer Pr\u00e4ferenzen bei der Registrierung Ihres Kontos auf der Website<\/li><li>Kontaktieren Sie uns \u00fcber die Kontaktinformationen<\/li><\/ul>\t\t\t\t\t\t\t\t<\/div>\n\t\t\t\t<\/div>\n\t\t\t\t<div class=\"elementor-element elementor-element-660e4ab elementor-widget elementor-widget-heading\" data-id=\"660e4ab\" data-element_type=\"widget\" data-e-type=\"widget\" data-widget_type=\"heading.default\">\n\t\t\t\t<div class=\"elementor-widget-container\">\n\t\t\t\t\t<h2 class=\"elementor-heading-title elementor-size-default\">KONTAKT US<\/h2>\t\t\t\t<\/div>\n\t\t\t\t<\/div>\n\t\t\t\t<div class=\"elementor-element elementor-element-ea1d9b2 elementor-widget elementor-widget-text-editor\" data-id=\"ea1d9b2\" data-element_type=\"widget\" data-e-type=\"widget\" data-widget_type=\"text-editor.default\">\n\t\t\t\t<div class=\"elementor-widget-container\">\n\t\t\t\t\t\t\t\t\t<p>Tel:+86 15986432834<\/p><p>ADD: Raum 221 No. 22, Jianpengroad, Helong Street, Guangzhou, Guangdong, China<\/p><p>lidercare@hotmail.com<\/p>\t\t\t\t\t\t\t\t<\/div>\n\t\t\t\t<\/div>\n\t\t\t\t\t<\/div>\n\t\t\t\t<\/div>\n\t\t\t\t<\/div>\n\t\t","protected":false},"excerpt":{"rendered":"<p>Datenschutzbestimmungen Wir wissen, dass dies eine gro\u00dfe Verantwortung ist und arbeiten hart daran, Ihre Daten zu sch\u00fctzen und Ihnen die Kontrolle zu geben. Home EINLEITUNG Lidercare respektiert die Privatsph\u00e4re seiner Nutzer. In dieser Datenschutzrichtlinie wird erl\u00e4utert, wie wir Ihre Daten erfassen, verwenden, offenlegen und sch\u00fctzen, wenn Sie unsere Website Lidercare.com besuchen, einschlie\u00dflich aller anderen Medienformen, [&hellip;]<\/p>\n","protected":false},"author":1,"featured_media":0,"parent":0,"menu_order":0,"comment_status":"closed","ping_status":"closed","template":"","meta":{"_acf_changed":false,"footnotes":""},"class_list":["post-68435","page","type-page","status-publish","hentry"],"acf":[],"_links":{"self":[{"href":"https:\/\/www.lidercare.com\/de\/wp-json\/wp\/v2\/pages\/68435","targetHints":{"allow":["GET"]}}],"collection":[{"href":"https:\/\/www.lidercare.com\/de\/wp-json\/wp\/v2\/pages"}],"about":[{"href":"https:\/\/www.lidercare.com\/de\/wp-json\/wp\/v2\/types\/page"}],"author":[{"embeddable":true,"href":"https:\/\/www.lidercare.com\/de\/wp-json\/wp\/v2\/users\/1"}],"replies":[{"embeddable":true,"href":"https:\/\/www.lidercare.com\/de\/wp-json\/wp\/v2\/comments?post=68435"}],"version-history":[{"count":9,"href":"https:\/\/www.lidercare.com\/de\/wp-json\/wp\/v2\/pages\/68435\/revisions"}],"predecessor-version":[{"id":95636,"href":"https:\/\/www.lidercare.com\/de\/wp-json\/wp\/v2\/pages\/68435\/revisions\/95636"}],"wp:attachment":[{"href":"https:\/\/www.lidercare.com\/de\/wp-json\/wp\/v2\/media?parent=68435"}],"curies":[{"name":"wp","href":"https:\/\/api.w.org\/{rel}","templated":true}]}}