{"id":35481,"date":"2023-06-28T13:34:24","date_gmt":"2023-06-28T05:34:24","guid":{"rendered":"https:\/\/www.lidercare.com\/fuehrungsqualitaeten\/"},"modified":"2026-03-31T17:12:09","modified_gmt":"2026-03-31T09:12:09","slug":"fuehrungsqualitaeten","status":"publish","type":"page","link":"https:\/\/www.lidercare.com\/de\/fuehrungsqualitaeten\/","title":{"rendered":"F\u00fchrungsqualit\u00e4ten"},"content":{"rendered":"\t\t<div data-elementor-type=\"wp-page\" data-elementor-id=\"35481\" class=\"elementor elementor-35481 elementor-1181\" data-elementor-post-type=\"page\">\n\t\t\t\t<div class=\"elementor-element elementor-element-281ed5c6 e-flex e-con-boxed e-con e-parent\" data-id=\"281ed5c6\" data-element_type=\"container\" data-e-type=\"container\" data-settings=\"{&quot;background_background&quot;:&quot;gradient&quot;}\">\n\t\t\t\t\t<div class=\"e-con-inner\">\n\t\t\t\t<div class=\"elementor-element elementor-element-47d54f5a elementor-widget elementor-widget-heading\" data-id=\"47d54f5a\" data-element_type=\"widget\" data-e-type=\"widget\" data-widget_type=\"heading.default\">\n\t\t\t\t<div class=\"elementor-widget-container\">\n\t\t\t\t\t<h1 class=\"elementor-heading-title elementor-size-default\">Lidercare F\u00fchrung<\/h1>\t\t\t\t<\/div>\n\t\t\t\t<\/div>\n\t\t\t\t<div class=\"elementor-element elementor-element-42ad5da elementor-widget elementor-widget-text-editor\" data-id=\"42ad5da\" data-element_type=\"widget\" data-e-type=\"widget\" data-widget_type=\"text-editor.default\">\n\t\t\t\t<div class=\"elementor-widget-container\">\n\t\t\t\t\t\t\t\t\t<p>Die F\u00fchrungskr\u00e4fte von Lidercare gehen mit gutem Beispiel voran, indem sie ihren Mitarbeitern Integrit\u00e4t, Fachwissen und Engagement f\u00fcr den Service vorleben.<\/p>\t\t\t\t\t\t\t\t<\/div>\n\t\t\t\t<\/div>\n\t\t\t\t<div class=\"elementor-element elementor-element-1950c57 elementor-widget elementor-widget-breadcrumbs\" data-id=\"1950c57\" data-element_type=\"widget\" data-e-type=\"widget\" data-widget_type=\"breadcrumbs.default\">\n\t\t\t\t<div class=\"elementor-widget-container\">\n\t\t\t\t\t<nav><span class=\"last\">Startseite<\/span><\/nav>\t\t\t\t<\/div>\n\t\t\t\t<\/div>\n\t\t\t\t\t<\/div>\n\t\t\t\t<\/div>\n\t\t<div class=\"elementor-element elementor-element-e798203 e-flex e-con-boxed e-con e-parent\" data-id=\"e798203\" data-element_type=\"container\" data-e-type=\"container\">\n\t\t\t\t\t<div class=\"e-con-inner\">\n\t\t<div class=\"elementor-element elementor-element-7b49e09 e-con-full e-flex e-con e-child\" data-id=\"7b49e09\" data-element_type=\"container\" data-e-type=\"container\">\n\t\t\t\t<div class=\"elementor-element elementor-element-394e761 elementor-widget elementor-widget-image\" data-id=\"394e761\" data-element_type=\"widget\" data-e-type=\"widget\" data-widget_type=\"image.default\">\n\t\t\t\t<div class=\"elementor-widget-container\">\n\t\t\t\t\t\t\t\t\t\t\t\t\t\t\t<img fetchpriority=\"high\" decoding=\"async\" width=\"800\" height=\"800\" src=\"https:\/\/www.lidercare.com\/wp-content\/uploads\/sophia-li.webp\" class=\"attachment-large size-large wp-image-35484\" alt=\"\" srcset=\"https:\/\/www.lidercare.com\/wp-content\/uploads\/sophia-li.webp 800w, https:\/\/www.lidercare.com\/wp-content\/uploads\/sophia-li-300x300.webp 300w, https:\/\/www.lidercare.com\/wp-content\/uploads\/sophia-li-100x100.webp 100w, https:\/\/www.lidercare.com\/wp-content\/uploads\/sophia-li-600x600.webp 600w, https:\/\/www.lidercare.com\/wp-content\/uploads\/sophia-li-500x500.webp 500w, https:\/\/www.lidercare.com\/wp-content\/uploads\/sophia-li-768x768.webp 768w\" sizes=\"(max-width: 800px) 100vw, 800px\">\t\t\t\t\t\t\t\t\t\t\t\t\t\t\t<\/div>\n\t\t\t\t<\/div>\n\t\t\t\t<\/div>\n\t\t<div class=\"elementor-element elementor-element-08adc52 e-con-full e-flex e-con e-child\" data-id=\"08adc52\" data-element_type=\"container\" data-e-type=\"container\">\n\t\t\t\t<div class=\"elementor-element elementor-element-9f113d9 elementor-widget elementor-widget-heading\" data-id=\"9f113d9\" data-element_type=\"widget\" data-e-type=\"widget\" data-widget_type=\"heading.default\">\n\t\t\t\t<div class=\"elementor-widget-container\">\n\t\t\t\t\t<h2 class=\"elementor-heading-title elementor-size-default\">Sophia Li<\/h2>\t\t\t\t<\/div>\n\t\t\t\t<\/div>\n\t\t\t\t<div class=\"elementor-element elementor-element-ff0a844 elementor-widget elementor-widget-heading\" data-id=\"ff0a844\" data-element_type=\"widget\" data-e-type=\"widget\" data-widget_type=\"heading.default\">\n\t\t\t\t<div class=\"elementor-widget-container\">\n\t\t\t\t\t<h3 class=\"elementor-heading-title elementor-size-default\">Vorsitzender<\/h3>\t\t\t\t<\/div>\n\t\t\t\t<\/div>\n\t\t\t\t<div class=\"elementor-element elementor-element-60fce70 elementor-view-default elementor-widget elementor-widget-icon\" data-id=\"60fce70\" data-element_type=\"widget\" data-e-type=\"widget\" data-widget_type=\"icon.default\">\n\t\t\t\t<div class=\"elementor-widget-container\">\n\t\t\t\t\t\t\t<div class=\"elementor-icon-wrapper\">\n\t\t\t<div class=\"elementor-icon\">\n\t\t\t<svg aria-hidden=\"true\" class=\"e-font-icon-svg e-fas-quote-left\" viewBox=\"0 0 512 512\" xmlns=\"http:\/\/www.w3.org\/2000\/svg\"><path d=\"M464 256h-80v-64c0-35.3 28.7-64 64-64h8c13.3 0 24-10.7 24-24V56c0-13.3-10.7-24-24-24h-8c-88.4 0-160 71.6-160 160v240c0 26.5 21.5 48 48 48h128c26.5 0 48-21.5 48-48V304c0-26.5-21.5-48-48-48zm-288 0H96v-64c0-35.3 28.7-64 64-64h8c13.3 0 24-10.7 24-24V56c0-13.3-10.7-24-24-24h-8C71.6 32 0 103.6 0 192v240c0 26.5 21.5 48 48 48h128c26.5 0 48-21.5 48-48V304c0-26.5-21.5-48-48-48z\"><\/path><\/svg>\t\t\t<\/div>\n\t\t<\/div>\n\t\t\t\t\t\t<\/div>\n\t\t\t\t<\/div>\n\t\t\t\t<div class=\"elementor-element elementor-element-62c42d3 elementor-widget elementor-widget-heading\" data-id=\"62c42d3\" data-element_type=\"widget\" data-e-type=\"widget\" data-widget_type=\"heading.default\">\n\t\t\t\t<div class=\"elementor-widget-container\">\n\t\t\t\t\t<h3 class=\"elementor-heading-title elementor-size-default\">Die wichtigste Aufgabe eines gro\u00dfen Teams ist es, dass seine gew\u00f6hnlichen Spieler au\u00dfergew\u00f6hnliche Ergebnisse erzielen.<\/h3>\t\t\t\t<\/div>\n\t\t\t\t<\/div>\n\t\t\t\t<div class=\"elementor-element elementor-element-980d3fd elementor-widget elementor-widget-text-editor\" data-id=\"980d3fd\" data-element_type=\"widget\" data-e-type=\"widget\" data-widget_type=\"text-editor.default\">\n\t\t\t\t<div class=\"elementor-widget-container\">\n\t\t\t\t\t\t\t\t\t<p>Als CEO ist es Sophias Hauptaufgabe, die Leistung des Gesch\u00e4fts mit personalisierter Zahnpasta zu verbessern, um eine Win-Win-Situation f\u00fcr Kunden, Mitarbeiter und die Gemeinschaft zu erreichen. Sie glaubt fest an die Nachhaltigkeit der Zahnpastaproduktion und setzt sich f\u00fcr die Verbesserung der Verpackungen ein. Seit sie 2013 die Rolle des COO \u00fcbernommen hat, spielt sie eine f\u00fchrende Rolle im Eigenmarken-Zahnpastagesch\u00e4ft von Lidercare in Guangzhou, Guangdong, China.  <br><br>Sie war eine engagierte F\u00fchrungskraft und Mentorin f\u00fcr alle Mitarbeiter von Lidercare. Heute ist sie verantwortlich f\u00fcr die Entwicklung neuer Zahnpasta-Designs und Verpackungsm\u00f6glichkeiten, den Aufbau der Lieferkette, um die Kunden besser zu bedienen, und die F\u00fchrung der lokalen Wirtschaft zu einem bedeutenden organischen und M&amp;A-Wachstum. <\/p>\t\t\t\t\t\t\t\t<\/div>\n\t\t\t\t<\/div>\n\t\t\t\t<\/div>\n\t\t\t\t\t<\/div>\n\t\t\t\t<\/div>\n\t\t<div class=\"elementor-element elementor-element-9924ed7 e-flex e-con-boxed e-con e-parent\" data-id=\"9924ed7\" data-element_type=\"container\" data-e-type=\"container\">\n\t\t\t\t\t<div class=\"e-con-inner\">\n\t\t<div class=\"elementor-element elementor-element-0d3ace8 e-con-full e-flex e-con e-child\" data-id=\"0d3ace8\" data-element_type=\"container\" data-e-type=\"container\">\n\t\t\t\t<div class=\"elementor-element elementor-element-6b7f07f elementor-widget elementor-widget-image\" data-id=\"6b7f07f\" data-element_type=\"widget\" data-e-type=\"widget\" data-widget_type=\"image.default\">\n\t\t\t\t<div class=\"elementor-widget-container\">\n\t\t\t\t\t\t\t\t\t\t\t\t\t\t\t<img decoding=\"async\" width=\"800\" height=\"800\" src=\"https:\/\/www.lidercare.com\/wp-content\/uploads\/David-Shi.webp\" class=\"attachment-large size-large wp-image-35483\" alt=\"\" srcset=\"https:\/\/www.lidercare.com\/wp-content\/uploads\/David-Shi.webp 800w, https:\/\/www.lidercare.com\/wp-content\/uploads\/David-Shi-300x300.webp 300w, https:\/\/www.lidercare.com\/wp-content\/uploads\/David-Shi-100x100.webp 100w, https:\/\/www.lidercare.com\/wp-content\/uploads\/David-Shi-600x600.webp 600w, https:\/\/www.lidercare.com\/wp-content\/uploads\/David-Shi-500x500.webp 500w, https:\/\/www.lidercare.com\/wp-content\/uploads\/David-Shi-768x768.webp 768w\" sizes=\"(max-width: 800px) 100vw, 800px\">\t\t\t\t\t\t\t\t\t\t\t\t\t\t\t<\/div>\n\t\t\t\t<\/div>\n\t\t\t\t<\/div>\n\t\t<div class=\"elementor-element elementor-element-5543026 e-con-full e-flex e-con e-child\" data-id=\"5543026\" data-element_type=\"container\" data-e-type=\"container\">\n\t\t\t\t<div class=\"elementor-element elementor-element-3027881 elementor-widget elementor-widget-heading\" data-id=\"3027881\" data-element_type=\"widget\" data-e-type=\"widget\" data-widget_type=\"heading.default\">\n\t\t\t\t<div class=\"elementor-widget-container\">\n\t\t\t\t\t<h2 class=\"elementor-heading-title elementor-size-default\">David Shi<\/h2>\t\t\t\t<\/div>\n\t\t\t\t<\/div>\n\t\t\t\t<div class=\"elementor-element elementor-element-5923527 elementor-widget elementor-widget-heading\" data-id=\"5923527\" data-element_type=\"widget\" data-e-type=\"widget\" data-widget_type=\"heading.default\">\n\t\t\t\t<div class=\"elementor-widget-container\">\n\t\t\t\t\t<h3 class=\"elementor-heading-title elementor-size-default\">Vorstandsvorsitzender<\/h3>\t\t\t\t<\/div>\n\t\t\t\t<\/div>\n\t\t\t\t<div class=\"elementor-element elementor-element-3f8680a elementor-view-default elementor-widget elementor-widget-icon\" data-id=\"3f8680a\" data-element_type=\"widget\" data-e-type=\"widget\" data-widget_type=\"icon.default\">\n\t\t\t\t<div class=\"elementor-widget-container\">\n\t\t\t\t\t\t\t<div class=\"elementor-icon-wrapper\">\n\t\t\t<div class=\"elementor-icon\">\n\t\t\t<svg aria-hidden=\"true\" class=\"e-font-icon-svg e-fas-quote-left\" viewBox=\"0 0 512 512\" xmlns=\"http:\/\/www.w3.org\/2000\/svg\"><path d=\"M464 256h-80v-64c0-35.3 28.7-64 64-64h8c13.3 0 24-10.7 24-24V56c0-13.3-10.7-24-24-24h-8c-88.4 0-160 71.6-160 160v240c0 26.5 21.5 48 48 48h128c26.5 0 48-21.5 48-48V304c0-26.5-21.5-48-48-48zm-288 0H96v-64c0-35.3 28.7-64 64-64h8c13.3 0 24-10.7 24-24V56c0-13.3-10.7-24-24-24h-8C71.6 32 0 103.6 0 192v240c0 26.5 21.5 48 48 48h128c26.5 0 48-21.5 48-48V304c0-26.5-21.5-48-48-48z\"><\/path><\/svg>\t\t\t<\/div>\n\t\t<\/div>\n\t\t\t\t\t\t<\/div>\n\t\t\t\t<\/div>\n\t\t\t\t<div class=\"elementor-element elementor-element-cbc4975 elementor-widget elementor-widget-heading\" data-id=\"cbc4975\" data-element_type=\"widget\" data-e-type=\"widget\" data-widget_type=\"heading.default\">\n\t\t\t\t<div class=\"elementor-widget-container\">\n\t\t\t\t\t<h3 class=\"elementor-heading-title elementor-size-default\">Wenn man sich darauf beschr\u00e4nkt, die Situation im Unternehmen zu verstehen, kann der Betreiber leicht in einen Zustand blinder Ruhe verfallen.<\/h3>\t\t\t\t<\/div>\n\t\t\t\t<\/div>\n\t\t\t\t<div class=\"elementor-element elementor-element-8503ac2 elementor-widget elementor-widget-text-editor\" data-id=\"8503ac2\" data-element_type=\"widget\" data-e-type=\"widget\" data-widget_type=\"text-editor.default\">\n\t\t\t\t<div class=\"elementor-widget-container\">\n\t\t\t\t\t\t\t\t\t<p>David Shi kam 2018 als CEO zu Lidercare. Er bringt \u00fcber 10 Jahre Erfahrung in der Lieferkette der Mundpflegeindustrie mit. Als Leiter von Produktionsunternehmen in mehreren Sektoren sieht David Shi die Zukunft der Verpackung und des Brandings voraus, insbesondere die sich schnell \u00e4ndernden Bed\u00fcrfnisse unserer Kunden.  <br><br>Seit er zu Lidercare gekommen ist, hat David Shi eine komplette Lieferkette f\u00fcr Zahnpasta aufgebaut und strenge Managementpraktiken eingef\u00fchrt, die auf eine schnellere Produktverf\u00fcgbarkeit ausgerichtet sind. Er unterstreicht unsere Mission, globale Marken mit den hochwertigsten Mundpflegeprodukten zu versorgen und nichts unversucht zu lassen, um ihren Markenwert zu steigern. <\/p>\t\t\t\t\t\t\t\t<\/div>\n\t\t\t\t<\/div>\n\t\t\t\t<\/div>\n\t\t\t\t\t<\/div>\n\t\t\t\t<\/div>\n\t\t<div class=\"elementor-element elementor-element-950e4b0 e-flex e-con-boxed e-con e-parent\" data-id=\"950e4b0\" data-element_type=\"container\" data-e-type=\"container\">\n\t\t\t\t\t<div class=\"e-con-inner\">\n\t\t<div class=\"elementor-element elementor-element-df07afa e-con-full e-flex e-con e-child\" data-id=\"df07afa\" data-element_type=\"container\" data-e-type=\"container\">\n\t\t\t\t<div class=\"elementor-element elementor-element-d56d8d3 elementor-widget elementor-widget-image\" data-id=\"d56d8d3\" data-element_type=\"widget\" data-e-type=\"widget\" data-widget_type=\"image.default\">\n\t\t\t\t<div class=\"elementor-widget-container\">\n\t\t\t\t\t\t\t\t\t\t\t\t\t\t\t<img decoding=\"async\" width=\"800\" height=\"800\" src=\"https:\/\/www.lidercare.com\/wp-content\/uploads\/Cindy-Chen.webp\" class=\"attachment-large size-large wp-image-35482\" alt=\"\" srcset=\"https:\/\/www.lidercare.com\/wp-content\/uploads\/Cindy-Chen.webp 800w, https:\/\/www.lidercare.com\/wp-content\/uploads\/Cindy-Chen-300x300.webp 300w, https:\/\/www.lidercare.com\/wp-content\/uploads\/Cindy-Chen-100x100.webp 100w, https:\/\/www.lidercare.com\/wp-content\/uploads\/Cindy-Chen-600x600.webp 600w, https:\/\/www.lidercare.com\/wp-content\/uploads\/Cindy-Chen-500x500.webp 500w, https:\/\/www.lidercare.com\/wp-content\/uploads\/Cindy-Chen-768x768.webp 768w\" sizes=\"(max-width: 800px) 100vw, 800px\">\t\t\t\t\t\t\t\t\t\t\t\t\t\t\t<\/div>\n\t\t\t\t<\/div>\n\t\t\t\t<\/div>\n\t\t<div class=\"elementor-element elementor-element-598480a e-con-full e-flex e-con e-child\" data-id=\"598480a\" data-element_type=\"container\" data-e-type=\"container\">\n\t\t\t\t<div class=\"elementor-element elementor-element-ca080e8 elementor-widget elementor-widget-heading\" data-id=\"ca080e8\" data-element_type=\"widget\" data-e-type=\"widget\" data-widget_type=\"heading.default\">\n\t\t\t\t<div class=\"elementor-widget-container\">\n\t\t\t\t\t<h2 class=\"elementor-heading-title elementor-size-default\">Cindy Chen<\/h2>\t\t\t\t<\/div>\n\t\t\t\t<\/div>\n\t\t\t\t<div class=\"elementor-element elementor-element-6c7453f elementor-widget elementor-widget-heading\" data-id=\"6c7453f\" data-element_type=\"widget\" data-e-type=\"widget\" data-widget_type=\"heading.default\">\n\t\t\t\t<div class=\"elementor-widget-container\">\n\t\t\t\t\t<h3 class=\"elementor-heading-title elementor-size-default\">Generaldirektor<\/h3>\t\t\t\t<\/div>\n\t\t\t\t<\/div>\n\t\t\t\t<div class=\"elementor-element elementor-element-fcaa00b elementor-view-default elementor-widget elementor-widget-icon\" data-id=\"fcaa00b\" data-element_type=\"widget\" data-e-type=\"widget\" data-widget_type=\"icon.default\">\n\t\t\t\t<div class=\"elementor-widget-container\">\n\t\t\t\t\t\t\t<div class=\"elementor-icon-wrapper\">\n\t\t\t<div class=\"elementor-icon\">\n\t\t\t<svg aria-hidden=\"true\" class=\"e-font-icon-svg e-fas-quote-left\" viewBox=\"0 0 512 512\" xmlns=\"http:\/\/www.w3.org\/2000\/svg\"><path d=\"M464 256h-80v-64c0-35.3 28.7-64 64-64h8c13.3 0 24-10.7 24-24V56c0-13.3-10.7-24-24-24h-8c-88.4 0-160 71.6-160 160v240c0 26.5 21.5 48 48 48h128c26.5 0 48-21.5 48-48V304c0-26.5-21.5-48-48-48zm-288 0H96v-64c0-35.3 28.7-64 64-64h8c13.3 0 24-10.7 24-24V56c0-13.3-10.7-24-24-24h-8C71.6 32 0 103.6 0 192v240c0 26.5 21.5 48 48 48h128c26.5 0 48-21.5 48-48V304c0-26.5-21.5-48-48-48z\"><\/path><\/svg>\t\t\t<\/div>\n\t\t<\/div>\n\t\t\t\t\t\t<\/div>\n\t\t\t\t<\/div>\n\t\t\t\t<div class=\"elementor-element elementor-element-383b875 elementor-widget elementor-widget-heading\" data-id=\"383b875\" data-element_type=\"widget\" data-e-type=\"widget\" data-widget_type=\"heading.default\">\n\t\t\t\t<div class=\"elementor-widget-container\">\n\t\t\t\t\t<h3 class=\"elementor-heading-title elementor-size-default\">Ein zufriedener Kunde ist die beste Gesch\u00e4ftsstrategie von allen.<\/h3>\t\t\t\t<\/div>\n\t\t\t\t<\/div>\n\t\t\t\t<div class=\"elementor-element elementor-element-9ce1819 elementor-widget elementor-widget-text-editor\" data-id=\"9ce1819\" data-element_type=\"widget\" data-e-type=\"widget\" data-widget_type=\"text-editor.default\">\n\t\t\t\t<div class=\"elementor-widget-container\">\n\t\t\t\t\t\t\t\t\t<p>Cindy ist seit 2019 Gesch\u00e4ftsf\u00fchrerin von Lidercare und verantwortlich f\u00fcr den Gesamtbetrieb des Unternehmens, einschlie\u00dflich der Verbesserung der Effizienz und der Steigerung der Gewinne. Au\u00dferdem ist sie f\u00fcr den weltweiten Vertrieb verantwortlich. <\/p><p>Cindy ist eine Veteranin der Mundpflegeindustrie und hat ihr Team zu einem nachhaltigen und skalierbaren Umsatzwachstum gef\u00fchrt. Sie treibt die Zusammenarbeit und die Ausrichtung des Lidercare-Teams voran, indem sie strategisches Denken und ein Value Selling Framework einsetzt. Mit ihrem Fokus auf Service zieht ihr Team st\u00e4ndig neue Kunden an und liefert au\u00dfergew\u00f6hnlichen Service.  <\/p>\t\t\t\t\t\t\t\t<\/div>\n\t\t\t\t<\/div>\n\t\t\t\t<\/div>\n\t\t\t\t\t<\/div>\n\t\t\t\t<\/div>\n\t\t\t\t<\/div>\n\t\t","protected":false},"excerpt":{"rendered":"<p>Lidercare F\u00fchrung Die F\u00fchrungskr\u00e4fte von Lidercare gehen mit gutem Beispiel voran, indem sie ihren Mitarbeitern Integrit\u00e4t, Fachwissen und Engagement f\u00fcr den Service vorleben. Home Sophia Li Vorsitzender Die wichtigste Aufgabe eines gro\u00dfen Teams ist es, dass seine gew\u00f6hnlichen Spieler au\u00dfergew\u00f6hnliche Ergebnisse erzielen. Als CEO ist es Sophias Hauptaufgabe, die Leistung des Gesch\u00e4fts mit personalisierter Zahnpasta [&hellip;]<\/p>\n","protected":false},"author":1,"featured_media":35484,"parent":0,"menu_order":0,"comment_status":"closed","ping_status":"closed","template":"","meta":{"_acf_changed":false,"footnotes":""},"class_list":["post-35481","page","type-page","status-publish","has-post-thumbnail","hentry"],"acf":[],"_links":{"self":[{"href":"https:\/\/www.lidercare.com\/de\/wp-json\/wp\/v2\/pages\/35481","targetHints":{"allow":["GET"]}}],"collection":[{"href":"https:\/\/www.lidercare.com\/de\/wp-json\/wp\/v2\/pages"}],"about":[{"href":"https:\/\/www.lidercare.com\/de\/wp-json\/wp\/v2\/types\/page"}],"author":[{"embeddable":true,"href":"https:\/\/www.lidercare.com\/de\/wp-json\/wp\/v2\/users\/1"}],"replies":[{"embeddable":true,"href":"https:\/\/www.lidercare.com\/de\/wp-json\/wp\/v2\/comments?post=35481"}],"version-history":[{"count":6,"href":"https:\/\/www.lidercare.com\/de\/wp-json\/wp\/v2\/pages\/35481\/revisions"}],"predecessor-version":[{"id":95590,"href":"https:\/\/www.lidercare.com\/de\/wp-json\/wp\/v2\/pages\/35481\/revisions\/95590"}],"wp:featuredmedia":[{"embeddable":true,"href":"https:\/\/www.lidercare.com\/de\/wp-json\/wp\/v2\/media\/35484"}],"wp:attachment":[{"href":"https:\/\/www.lidercare.com\/de\/wp-json\/wp\/v2\/media?parent=35481"}],"curies":[{"name":"wp","href":"https:\/\/api.w.org\/{rel}","templated":true}]}}