{"id":35311,"date":"2023-06-27T09:21:27","date_gmt":"2023-06-27T01:21:27","guid":{"rendered":"https:\/\/www.lidercare.com\/zertifizierte-fabrik\/"},"modified":"2026-03-31T15:49:14","modified_gmt":"2026-03-31T07:49:14","slug":"zertifizierte-fabrik","status":"publish","type":"page","link":"https:\/\/www.lidercare.com\/de\/zertifizierte-fabrik\/","title":{"rendered":"Zertifizierte Fabrik"},"content":{"rendered":"\t\t<div data-elementor-type=\"wp-page\" data-elementor-id=\"35311\" class=\"elementor elementor-35311 elementor-1037\" data-elementor-post-type=\"page\">\n\t\t\t\t<div class=\"elementor-element elementor-element-5ee96bfa e-flex e-con-boxed e-con e-parent\" data-id=\"5ee96bfa\" data-element_type=\"container\" data-e-type=\"container\" data-settings=\"{&quot;background_background&quot;:&quot;gradient&quot;}\">\n\t\t\t\t\t<div class=\"e-con-inner\">\n\t\t\t\t<div class=\"elementor-element elementor-element-9021f00 elementor-widget elementor-widget-heading\" data-id=\"9021f00\" data-element_type=\"widget\" data-e-type=\"widget\" data-widget_type=\"heading.default\">\n\t\t\t\t<div class=\"elementor-widget-container\">\n\t\t\t\t\t<h1 class=\"elementor-heading-title elementor-size-default\">Lidercare Zertifizierungen<\/h1>\t\t\t\t<\/div>\n\t\t\t\t<\/div>\n\t\t\t\t<div class=\"elementor-element elementor-element-77c0284 elementor-widget elementor-widget-text-editor\" data-id=\"77c0284\" data-element_type=\"widget\" data-e-type=\"widget\" data-widget_type=\"text-editor.default\">\n\t\t\t\t<div class=\"elementor-widget-container\">\n\t\t\t\t\t\t\t\t\t<p>Wir haben uns der Sicherheit und den h\u00f6chsten Qualit\u00e4tsstandards verschrieben.<\/p>\t\t\t\t\t\t\t\t<\/div>\n\t\t\t\t<\/div>\n\t\t\t\t<div class=\"elementor-element elementor-element-24bfef3 elementor-widget elementor-widget-breadcrumbs\" data-id=\"24bfef3\" data-element_type=\"widget\" data-e-type=\"widget\" data-widget_type=\"breadcrumbs.default\">\n\t\t\t\t<div class=\"elementor-widget-container\">\n\t\t\t\t\t<nav><span class=\"last\">Startseite<\/span><\/nav>\t\t\t\t<\/div>\n\t\t\t\t<\/div>\n\t\t\t\t\t<\/div>\n\t\t\t\t<\/div>\n\t\t<div class=\"elementor-element elementor-element-ce32426 e-flex e-con-boxed e-con e-parent\" data-id=\"ce32426\" data-element_type=\"container\" data-e-type=\"container\">\n\t\t\t\t\t<div class=\"e-con-inner\">\n\t\t\t\t<div class=\"elementor-element elementor-element-1663d40 elementor-widget elementor-widget-heading\" data-id=\"1663d40\" data-element_type=\"widget\" data-e-type=\"widget\" data-widget_type=\"heading.default\">\n\t\t\t\t<div class=\"elementor-widget-container\">\n\t\t\t\t\t<h2 class=\"elementor-heading-title elementor-size-default\">Patente, Zertifizierungen, Auszeichnungen<\/h2>\t\t\t\t<\/div>\n\t\t\t\t<\/div>\n\t\t\t\t<div class=\"elementor-element elementor-element-5407e83 elementor-widget elementor-widget-text-editor\" data-id=\"5407e83\" data-element_type=\"widget\" data-e-type=\"widget\" data-widget_type=\"text-editor.default\">\n\t\t\t\t<div class=\"elementor-widget-container\">\n\t\t\t\t\t\t\t\t\t<p>Mundpflege- und Zahnaufhellungsprodukte gelten im Allgemeinen als sicher und werden in der Welt als kosmetische Produkte eingestuft.<\/p><p>Wie bei allen Produkten, die mit dem menschlichen K\u00f6rper in Ber\u00fchrung kommen und eingenommen werden k\u00f6nnen, h\u00e4ngt die Sicherheit von der Zuverl\u00e4ssigkeit der Quelle des Produkts ab. Lidercare ist stolz darauf, alle unsere Zahnaufhellungsprodukte in China unter strenger Aufsicht und nach strengen Testprotokollen herzustellen, um ein H\u00f6chstma\u00df an Produktsicherheit und Wirksamkeit zu gew\u00e4hrleisten. <br><br>Zahnaufhellungs- und Mundpflegeprodukte k\u00f6nnen in bestimmten Regionen weltweit staatlichen Vorschriften unterliegen. Unser Werk ist nach ISO 22716\/cGMP-Standards zertifiziert; wir stellen Ihnen die entsprechenden Unterlagen wie SDS, COA und Stabilit\u00e4tsberichte zur Verf\u00fcgung. <\/p>\t\t\t\t\t\t\t\t<\/div>\n\t\t\t\t<\/div>\n\t\t<div class=\"elementor-element elementor-element-3357bd9 e-flex e-con-boxed e-con e-child\" data-id=\"3357bd9\" data-element_type=\"container\" data-e-type=\"container\">\n\t\t\t\t\t<div class=\"e-con-inner\">\n\t\t<div class=\"elementor-element elementor-element-e12062e e-con-full e-flex e-con e-child\" data-id=\"e12062e\" data-element_type=\"container\" data-e-type=\"container\">\n\t\t\t\t<div class=\"elementor-element elementor-element-740edc5 elementor-widget elementor-widget-image\" data-id=\"740edc5\" data-element_type=\"widget\" data-e-type=\"widget\" data-widget_type=\"image.default\">\n\t\t\t\t<div class=\"elementor-widget-container\">\n\t\t\t\t\t\t\t\t\t\t\t\t\t\t\t<img fetchpriority=\"high\" decoding=\"async\" width=\"280\" height=\"396\" src=\"https:\/\/www.lidercare.com\/wp-content\/uploads\/FDA.webp\" class=\"attachment-large size-large wp-image-35319\" alt=\"\">\t\t\t\t\t\t\t\t\t\t\t\t\t\t\t<\/div>\n\t\t\t\t<\/div>\n\t\t\t\t<div class=\"elementor-element elementor-element-3fd9201 elementor-widget elementor-widget-heading\" data-id=\"3fd9201\" data-element_type=\"widget\" data-e-type=\"widget\" data-widget_type=\"heading.default\">\n\t\t\t\t<div class=\"elementor-widget-container\">\n\t\t\t\t\t<h6 class=\"elementor-heading-title elementor-size-default\">FDA<\/h6>\t\t\t\t<\/div>\n\t\t\t\t<\/div>\n\t\t\t\t<\/div>\n\t\t<div class=\"elementor-element elementor-element-4e666dc e-con-full e-flex e-con e-child\" data-id=\"4e666dc\" data-element_type=\"container\" data-e-type=\"container\">\n\t\t\t\t<div class=\"elementor-element elementor-element-ccf046b elementor-widget elementor-widget-image\" data-id=\"ccf046b\" data-element_type=\"widget\" data-e-type=\"widget\" data-widget_type=\"image.default\">\n\t\t\t\t<div class=\"elementor-widget-container\">\n\t\t\t\t\t\t\t\t\t\t\t\t\t\t\t<img decoding=\"async\" width=\"280\" height=\"396\" src=\"https:\/\/www.lidercare.com\/wp-content\/uploads\/CE-certification-mouthguard.webp\" class=\"attachment-large size-large wp-image-35314\" alt=\"\">\t\t\t\t\t\t\t\t\t\t\t\t\t\t\t<\/div>\n\t\t\t\t<\/div>\n\t\t\t\t<div class=\"elementor-element elementor-element-37b73f6 elementor-widget elementor-widget-heading\" data-id=\"37b73f6\" data-element_type=\"widget\" data-e-type=\"widget\" data-widget_type=\"heading.default\">\n\t\t\t\t<div class=\"elementor-widget-container\">\n\t\t\t\t\t<h6 class=\"elementor-heading-title elementor-size-default\">Mundschutz mit CE-Zertifizierung<\/h6>\t\t\t\t<\/div>\n\t\t\t\t<\/div>\n\t\t\t\t<\/div>\n\t\t<div class=\"elementor-element elementor-element-c7e0910 e-con-full e-flex e-con e-child\" data-id=\"c7e0910\" data-element_type=\"container\" data-e-type=\"container\">\n\t\t\t\t<div class=\"elementor-element elementor-element-684ce64 elementor-widget elementor-widget-image\" data-id=\"684ce64\" data-element_type=\"widget\" data-e-type=\"widget\" data-widget_type=\"image.default\">\n\t\t\t\t<div class=\"elementor-widget-container\">\n\t\t\t\t\t\t\t\t\t\t\t\t\t\t\t<img decoding=\"async\" width=\"280\" height=\"396\" src=\"https:\/\/www.lidercare.com\/wp-content\/uploads\/PPE-certification-sports-mouthguard.webp\" class=\"attachment-large size-large wp-image-35321\" alt=\"\">\t\t\t\t\t\t\t\t\t\t\t\t\t\t\t<\/div>\n\t\t\t\t<\/div>\n\t\t\t\t<div class=\"elementor-element elementor-element-e25f589 elementor-widget elementor-widget-heading\" data-id=\"e25f589\" data-element_type=\"widget\" data-e-type=\"widget\" data-widget_type=\"heading.default\">\n\t\t\t\t<div class=\"elementor-widget-container\">\n\t\t\t\t\t<h6 class=\"elementor-heading-title elementor-size-default\">PPE-Zertifizierung Sportmundschutz<\/h6>\t\t\t\t<\/div>\n\t\t\t\t<\/div>\n\t\t\t\t<\/div>\n\t\t<div class=\"elementor-element elementor-element-45ddbc8 e-con-full e-flex e-con e-child\" data-id=\"45ddbc8\" data-element_type=\"container\" data-e-type=\"container\">\n\t\t\t\t<div class=\"elementor-element elementor-element-9de8084 elementor-widget elementor-widget-image\" data-id=\"9de8084\" data-element_type=\"widget\" data-e-type=\"widget\" data-widget_type=\"image.default\">\n\t\t\t\t<div class=\"elementor-widget-container\">\n\t\t\t\t\t\t\t\t\t\t\t\t\t\t\t<img loading=\"lazy\" decoding=\"async\" width=\"280\" height=\"396\" src=\"https:\/\/www.lidercare.com\/wp-content\/uploads\/CE.ATEX-BCT12JC-1921S.webp\" class=\"attachment-large size-large wp-image-35313\" alt=\"\">\t\t\t\t\t\t\t\t\t\t\t\t\t\t\t<\/div>\n\t\t\t\t<\/div>\n\t\t\t\t<div class=\"elementor-element elementor-element-a518e8f elementor-widget elementor-widget-heading\" data-id=\"a518e8f\" data-element_type=\"widget\" data-e-type=\"widget\" data-widget_type=\"heading.default\">\n\t\t\t\t<div class=\"elementor-widget-container\">\n\t\t\t\t\t<h6 class=\"elementor-heading-title elementor-size-default\">CE ATEX BCT12JC 1921S<\/h6>\t\t\t\t<\/div>\n\t\t\t\t<\/div>\n\t\t\t\t<\/div>\n\t\t\t\t\t<\/div>\n\t\t\t\t<\/div>\n\t\t<div class=\"elementor-element elementor-element-e07d780 e-flex e-con-boxed e-con e-child\" data-id=\"e07d780\" data-element_type=\"container\" data-e-type=\"container\">\n\t\t\t\t\t<div class=\"e-con-inner\">\n\t\t<div class=\"elementor-element elementor-element-329469d e-con-full e-flex e-con e-child\" data-id=\"329469d\" data-element_type=\"container\" data-e-type=\"container\">\n\t\t\t\t<div class=\"elementor-element elementor-element-4ccdbf3 elementor-widget elementor-widget-image\" data-id=\"4ccdbf3\" data-element_type=\"widget\" data-e-type=\"widget\" data-widget_type=\"image.default\">\n\t\t\t\t<div class=\"elementor-widget-container\">\n\t\t\t\t\t\t\t\t\t\t\t\t\t\t\t<img loading=\"lazy\" decoding=\"async\" width=\"280\" height=\"396\" src=\"https:\/\/www.lidercare.com\/wp-content\/uploads\/CE-Medical.webp\" class=\"attachment-large size-large wp-image-35315\" alt=\"\">\t\t\t\t\t\t\t\t\t\t\t\t\t\t\t<\/div>\n\t\t\t\t<\/div>\n\t\t\t\t<div class=\"elementor-element elementor-element-24dbbcb elementor-widget elementor-widget-heading\" data-id=\"24dbbcb\" data-element_type=\"widget\" data-e-type=\"widget\" data-widget_type=\"heading.default\">\n\t\t\t\t<div class=\"elementor-widget-container\">\n\t\t\t\t\t<h6 class=\"elementor-heading-title elementor-size-default\">CE Medizinisch<\/h6>\t\t\t\t<\/div>\n\t\t\t\t<\/div>\n\t\t\t\t<\/div>\n\t\t<div class=\"elementor-element elementor-element-7604303 e-con-full e-flex e-con e-child\" data-id=\"7604303\" data-element_type=\"container\" data-e-type=\"container\">\n\t\t\t\t<div class=\"elementor-element elementor-element-aa8dcff elementor-widget elementor-widget-image\" data-id=\"aa8dcff\" data-element_type=\"widget\" data-e-type=\"widget\" data-widget_type=\"image.default\">\n\t\t\t\t<div class=\"elementor-widget-container\">\n\t\t\t\t\t\t\t\t\t\t\t\t\t\t\t<img loading=\"lazy\" decoding=\"async\" width=\"280\" height=\"396\" src=\"https:\/\/www.lidercare.com\/wp-content\/uploads\/CHINA-Patent-teeth-whitening-light.webp\" class=\"attachment-large size-large wp-image-35316\" alt=\"\">\t\t\t\t\t\t\t\t\t\t\t\t\t\t\t<\/div>\n\t\t\t\t<\/div>\n\t\t\t\t<div class=\"elementor-element elementor-element-71d0ad5 elementor-widget elementor-widget-heading\" data-id=\"71d0ad5\" data-element_type=\"widget\" data-e-type=\"widget\" data-widget_type=\"heading.default\">\n\t\t\t\t<div class=\"elementor-widget-container\">\n\t\t\t\t\t<h6 class=\"elementor-heading-title elementor-size-default\">CHINA Patent Zahnaufhellungslampe<\/h6>\t\t\t\t<\/div>\n\t\t\t\t<\/div>\n\t\t\t\t<\/div>\n\t\t<div class=\"elementor-element elementor-element-e7e28a7 e-con-full e-flex e-con e-child\" data-id=\"e7e28a7\" data-element_type=\"container\" data-e-type=\"container\">\n\t\t\t\t<div class=\"elementor-element elementor-element-9cbfc41 elementor-widget elementor-widget-image\" data-id=\"9cbfc41\" data-element_type=\"widget\" data-e-type=\"widget\" data-widget_type=\"image.default\">\n\t\t\t\t<div class=\"elementor-widget-container\">\n\t\t\t\t\t\t\t\t\t\t\t\t\t\t\t<img loading=\"lazy\" decoding=\"async\" width=\"280\" height=\"396\" src=\"https:\/\/www.lidercare.com\/wp-content\/uploads\/patent-1.webp\" class=\"attachment-large size-large wp-image-35320\" alt=\"\">\t\t\t\t\t\t\t\t\t\t\t\t\t\t\t<\/div>\n\t\t\t\t<\/div>\n\t\t\t\t<div class=\"elementor-element elementor-element-cd7f9f6 elementor-widget elementor-widget-heading\" data-id=\"cd7f9f6\" data-element_type=\"widget\" data-e-type=\"widget\" data-widget_type=\"heading.default\">\n\t\t\t\t<div class=\"elementor-widget-container\">\n\t\t\t\t\t<h6 class=\"elementor-heading-title elementor-size-default\">Patent<\/h6>\t\t\t\t<\/div>\n\t\t\t\t<\/div>\n\t\t\t\t<\/div>\n\t\t<div class=\"elementor-element elementor-element-7ad8ae5 e-con-full e-flex e-con e-child\" data-id=\"7ad8ae5\" data-element_type=\"container\" data-e-type=\"container\">\n\t\t\t\t<div class=\"elementor-element elementor-element-7d46f39 elementor-widget elementor-widget-image\" data-id=\"7d46f39\" data-element_type=\"widget\" data-e-type=\"widget\" data-widget_type=\"image.default\">\n\t\t\t\t<div class=\"elementor-widget-container\">\n\t\t\t\t\t\t\t\t\t\t\t\t\t\t\t<img loading=\"lazy\" decoding=\"async\" width=\"280\" height=\"396\" src=\"https:\/\/www.lidercare.com\/wp-content\/uploads\/teeth-whitening-gel-MSDS.webp\" class=\"attachment-large size-large wp-image-35322\" alt=\"\">\t\t\t\t\t\t\t\t\t\t\t\t\t\t\t<\/div>\n\t\t\t\t<\/div>\n\t\t\t\t<div class=\"elementor-element elementor-element-09dd401 elementor-widget elementor-widget-heading\" data-id=\"09dd401\" data-element_type=\"widget\" data-e-type=\"widget\" data-widget_type=\"heading.default\">\n\t\t\t\t<div class=\"elementor-widget-container\">\n\t\t\t\t\t<h6 class=\"elementor-heading-title elementor-size-default\">Zahnaufhellungsgel MSDS<\/h6>\t\t\t\t<\/div>\n\t\t\t\t<\/div>\n\t\t\t\t<\/div>\n\t\t\t\t\t<\/div>\n\t\t\t\t<\/div>\n\t\t\t\t\t<\/div>\n\t\t\t\t<\/div>\n\t\t<div class=\"elementor-element elementor-element-a31e144 e-flex e-con-boxed e-con e-parent\" data-id=\"a31e144\" data-element_type=\"container\" data-e-type=\"container\">\n\t\t\t\t\t<div class=\"e-con-inner\">\n\t\t\t\t<div class=\"elementor-element elementor-element-bf66aea elementor-widget elementor-widget-heading\" data-id=\"bf66aea\" data-element_type=\"widget\" data-e-type=\"widget\" data-widget_type=\"heading.default\">\n\t\t\t\t<div class=\"elementor-widget-container\">\n\t\t\t\t\t<h2 class=\"elementor-heading-title elementor-size-default\">Berichte \u00fcber PAP+ Zahnaufhellungsgel<\/h2>\t\t\t\t<\/div>\n\t\t\t\t<\/div>\n\t\t<div class=\"elementor-element elementor-element-855fe92 e-flex e-con-boxed e-con e-child\" data-id=\"855fe92\" data-element_type=\"container\" data-e-type=\"container\">\n\t\t\t\t\t<div class=\"e-con-inner\">\n\t\t<div class=\"elementor-element elementor-element-c7322e8 e-con-full e-flex e-con e-child\" data-id=\"c7322e8\" data-element_type=\"container\" data-e-type=\"container\">\n\t\t\t\t<div class=\"elementor-element elementor-element-bfcf25f elementor-widget elementor-widget-image\" data-id=\"bfcf25f\" data-element_type=\"widget\" data-e-type=\"widget\" data-widget_type=\"image.default\">\n\t\t\t\t<div class=\"elementor-widget-container\">\n\t\t\t\t\t\t\t\t\t\t\t\t\t\t\t<img loading=\"lazy\" decoding=\"async\" width=\"280\" height=\"396\" src=\"https:\/\/www.lidercare.com\/wp-content\/uploads\/TRA-of-Australia-1.webp\" class=\"attachment-large size-large wp-image-35323\" alt=\"\">\t\t\t\t\t\t\t\t\t\t\t\t\t\t\t<\/div>\n\t\t\t\t<\/div>\n\t\t\t\t<div class=\"elementor-element elementor-element-e622bb3 elementor-widget elementor-widget-heading\" data-id=\"e622bb3\" data-element_type=\"widget\" data-e-type=\"widget\" data-widget_type=\"heading.default\">\n\t\t\t\t<div class=\"elementor-widget-container\">\n\t\t\t\t\t<h6 class=\"elementor-heading-title elementor-size-default\">TRA von Australien<\/h6>\t\t\t\t<\/div>\n\t\t\t\t<\/div>\n\t\t\t\t<\/div>\n\t\t<div class=\"elementor-element elementor-element-7817e84 e-con-full e-flex e-con e-child\" data-id=\"7817e84\" data-element_type=\"container\" data-e-type=\"container\">\n\t\t\t\t<div class=\"elementor-element elementor-element-5623299 elementor-widget elementor-widget-image\" data-id=\"5623299\" data-element_type=\"widget\" data-e-type=\"widget\" data-widget_type=\"image.default\">\n\t\t\t\t<div class=\"elementor-widget-container\">\n\t\t\t\t\t\t\t\t\t\t\t\t\t\t\t<img loading=\"lazy\" decoding=\"async\" width=\"280\" height=\"396\" src=\"https:\/\/www.lidercare.com\/wp-content\/uploads\/TRA-of-US-1.webp\" class=\"attachment-large size-large wp-image-35324\" alt=\"\">\t\t\t\t\t\t\t\t\t\t\t\t\t\t\t<\/div>\n\t\t\t\t<\/div>\n\t\t\t\t<div class=\"elementor-element elementor-element-8e1d2b4 elementor-widget elementor-widget-heading\" data-id=\"8e1d2b4\" data-element_type=\"widget\" data-e-type=\"widget\" data-widget_type=\"heading.default\">\n\t\t\t\t<div class=\"elementor-widget-container\">\n\t\t\t\t\t<h6 class=\"elementor-heading-title elementor-size-default\">TRA von US<\/h6>\t\t\t\t<\/div>\n\t\t\t\t<\/div>\n\t\t\t\t<\/div>\n\t\t<div class=\"elementor-element elementor-element-b8eb78c e-con-full e-flex e-con e-child\" data-id=\"b8eb78c\" data-element_type=\"container\" data-e-type=\"container\">\n\t\t\t\t<div class=\"elementor-element elementor-element-94f5b94 elementor-widget elementor-widget-image\" data-id=\"94f5b94\" data-element_type=\"widget\" data-e-type=\"widget\" data-widget_type=\"image.default\">\n\t\t\t\t<div class=\"elementor-widget-container\">\n\t\t\t\t\t\t\t\t\t\t\t\t\t\t\t<img loading=\"lazy\" decoding=\"async\" width=\"280\" height=\"396\" src=\"https:\/\/www.lidercare.com\/wp-content\/uploads\/CPSR-of-EU-1.webp\" class=\"attachment-large size-large wp-image-35317\" alt=\"\">\t\t\t\t\t\t\t\t\t\t\t\t\t\t\t<\/div>\n\t\t\t\t<\/div>\n\t\t\t\t<div class=\"elementor-element elementor-element-4e0f6cc elementor-widget elementor-widget-heading\" data-id=\"4e0f6cc\" data-element_type=\"widget\" data-e-type=\"widget\" data-widget_type=\"heading.default\">\n\t\t\t\t<div class=\"elementor-widget-container\">\n\t\t\t\t\t<h6 class=\"elementor-heading-title elementor-size-default\">CPSR der EU<\/h6>\t\t\t\t<\/div>\n\t\t\t\t<\/div>\n\t\t\t\t<\/div>\n\t\t<div class=\"elementor-element elementor-element-c33e643 e-con-full e-flex e-con e-child\" data-id=\"c33e643\" data-element_type=\"container\" data-e-type=\"container\">\n\t\t\t\t<div class=\"elementor-element elementor-element-c2f2b29 elementor-widget elementor-widget-image\" data-id=\"c2f2b29\" data-element_type=\"widget\" data-e-type=\"widget\" data-widget_type=\"image.default\">\n\t\t\t\t<div class=\"elementor-widget-container\">\n\t\t\t\t\t\t\t\t\t\t\t\t\t\t\t<img loading=\"lazy\" decoding=\"async\" width=\"280\" height=\"396\" src=\"https:\/\/www.lidercare.com\/wp-content\/uploads\/CPSR-of-UK-1.webp\" class=\"attachment-large size-large wp-image-35318\" alt=\"\">\t\t\t\t\t\t\t\t\t\t\t\t\t\t\t<\/div>\n\t\t\t\t<\/div>\n\t\t\t\t<div class=\"elementor-element elementor-element-40f9fe8 elementor-widget elementor-widget-heading\" data-id=\"40f9fe8\" data-element_type=\"widget\" data-e-type=\"widget\" data-widget_type=\"heading.default\">\n\t\t\t\t<div class=\"elementor-widget-container\">\n\t\t\t\t\t<h6 class=\"elementor-heading-title elementor-size-default\">CPSR von UK<\/h6>\t\t\t\t<\/div>\n\t\t\t\t<\/div>\n\t\t\t\t<\/div>\n\t\t\t\t\t<\/div>\n\t\t\t\t<\/div>\n\t\t\t\t\t<\/div>\n\t\t\t\t<\/div>\n\t\t<div class=\"elementor-element elementor-element-6701719a e-flex e-con-boxed e-con e-parent\" data-id=\"6701719a\" data-element_type=\"container\" data-e-type=\"container\">\n\t\t\t\t\t<div class=\"e-con-inner\">\n\t\t<div class=\"elementor-element elementor-element-e001b98 e-con-full e-flex e-con e-child\" data-id=\"e001b98\" data-element_type=\"container\" data-e-type=\"container\">\n\t\t\t\t<div class=\"elementor-element elementor-element-44292eec elementor-widget elementor-widget-heading\" data-id=\"44292eec\" data-element_type=\"widget\" data-e-type=\"widget\" data-widget_type=\"heading.default\">\n\t\t\t\t<div class=\"elementor-widget-container\">\n\t\t\t\t\t<h2 class=\"elementor-heading-title elementor-size-default\">Muster vor Gro\u00dfbestellung<\/h2>\t\t\t\t<\/div>\n\t\t\t\t<\/div>\n\t\t\t\t<div class=\"elementor-element elementor-element-c712d3f elementor-widget elementor-widget-text-editor\" data-id=\"c712d3f\" data-element_type=\"widget\" data-e-type=\"widget\" data-widget_type=\"text-editor.default\">\n\t\t\t\t<div class=\"elementor-widget-container\">\n\t\t\t\t\t\t\t\t\t<p>Wir haben eine gro\u00dfe Auswahl an oralen Produktmustern, die Ihnen helfen, die Vorteile einer Partnerschaft mit Lidercare zu unterstreichen - wir laden Sie ein, unsere Muster anzufordern, um sie Ihnen in der Praxis zu demonstrieren.<br><br>Kontaktieren Sie unser Vertriebsteam direkt und wir werden uns innerhalb weniger Minuten bei Ihnen melden!<\/p>\t\t\t\t\t\t\t\t<\/div>\n\t\t\t\t<\/div>\n\t\t\t\t<div class=\"elementor-element elementor-element-4806b3d0 elementor-widget elementor-widget-button\" data-id=\"4806b3d0\" data-element_type=\"widget\" data-e-type=\"widget\" data-widget_type=\"button.default\">\n\t\t\t\t<div class=\"elementor-widget-container\">\n\t\t\t\t\t\t\t\t\t<div class=\"elementor-button-wrapper\">\n\t\t\t\t\t<a class=\"elementor-button elementor-button-link elementor-size-sm\" href=\"#elementor-action%3Aaction%3Dpopup%3Aopen%26settings%3DeyJpZCI6NzM5ODksInRvZ2dsZSI6ZmFsc2V9\">\n\t\t\t\t\t\t<span class=\"elementor-button-content-wrapper\">\n\t\t\t\t\t\t\t\t\t<span class=\"elementor-button-text\">Muster anfordern<\/span>\n\t\t\t\t\t<\/span>\n\t\t\t\t\t<\/a>\n\t\t\t\t<\/div>\n\t\t\t\t\t\t\t\t<\/div>\n\t\t\t\t<\/div>\n\t\t\t\t<\/div>\n\t\t<div class=\"elementor-element elementor-element-1aa15798 e-con-full e-flex e-con e-child\" data-id=\"1aa15798\" data-element_type=\"container\" data-e-type=\"container\">\n\t\t\t\t<div class=\"elementor-element elementor-element-2ef26f64 elementor-widget elementor-widget-image\" data-id=\"2ef26f64\" data-element_type=\"widget\" data-e-type=\"widget\" data-widget_type=\"image.default\">\n\t\t\t\t<div class=\"elementor-widget-container\">\n\t\t\t\t\t\t\t\t\t\t\t\t\t\t\t<img loading=\"lazy\" decoding=\"async\" width=\"800\" height=\"800\" src=\"https:\/\/www.lidercare.com\/wp-content\/uploads\/Multifunctional-Toothpaste-Set-1.webp\" class=\"attachment-large size-large wp-image-30221\" alt=\"\" srcset=\"https:\/\/www.lidercare.com\/wp-content\/uploads\/Multifunctional-Toothpaste-Set-1.webp 800w, https:\/\/www.lidercare.com\/wp-content\/uploads\/Multifunctional-Toothpaste-Set-1-300x300.webp 300w, https:\/\/www.lidercare.com\/wp-content\/uploads\/Multifunctional-Toothpaste-Set-1-100x100.webp 100w, https:\/\/www.lidercare.com\/wp-content\/uploads\/Multifunctional-Toothpaste-Set-1-600x600.webp 600w, https:\/\/www.lidercare.com\/wp-content\/uploads\/Multifunctional-Toothpaste-Set-1-500x500.webp 500w, https:\/\/www.lidercare.com\/wp-content\/uploads\/Multifunctional-Toothpaste-Set-1-768x768.webp 768w\" sizes=\"(max-width: 800px) 100vw, 800px\">\t\t\t\t\t\t\t\t\t\t\t\t\t\t\t<\/div>\n\t\t\t\t<\/div>\n\t\t\t\t<\/div>\n\t\t\t\t\t<\/div>\n\t\t\t\t<\/div>\n\t\t\t\t<\/div>\n\t\t","protected":false},"excerpt":{"rendered":"<p>Lidercare Zertifizierungen Wir haben uns der Sicherheit und den h\u00f6chsten Qualit\u00e4tsstandards verschrieben. Home Patente, Zertifizierungen, Auszeichnungen Mundpflege- und Zahnaufhellungsprodukte gelten im Allgemeinen als sicher und werden in der Welt als kosmetische Produkte eingestuft. Wie bei allen Produkten, die mit dem menschlichen K\u00f6rper in Ber\u00fchrung kommen und eingenommen werden k\u00f6nnen, h\u00e4ngt die Sicherheit von der Zuverl\u00e4ssigkeit [&hellip;]<\/p>\n","protected":false},"author":1,"featured_media":33368,"parent":0,"menu_order":0,"comment_status":"closed","ping_status":"closed","template":"","meta":{"_acf_changed":false,"footnotes":""},"class_list":["post-35311","page","type-page","status-publish","has-post-thumbnail","hentry"],"acf":[],"_links":{"self":[{"href":"https:\/\/www.lidercare.com\/de\/wp-json\/wp\/v2\/pages\/35311","targetHints":{"allow":["GET"]}}],"collection":[{"href":"https:\/\/www.lidercare.com\/de\/wp-json\/wp\/v2\/pages"}],"about":[{"href":"https:\/\/www.lidercare.com\/de\/wp-json\/wp\/v2\/types\/page"}],"author":[{"embeddable":true,"href":"https:\/\/www.lidercare.com\/de\/wp-json\/wp\/v2\/users\/1"}],"replies":[{"embeddable":true,"href":"https:\/\/www.lidercare.com\/de\/wp-json\/wp\/v2\/comments?post=35311"}],"version-history":[{"count":12,"href":"https:\/\/www.lidercare.com\/de\/wp-json\/wp\/v2\/pages\/35311\/revisions"}],"predecessor-version":[{"id":91722,"href":"https:\/\/www.lidercare.com\/de\/wp-json\/wp\/v2\/pages\/35311\/revisions\/91722"}],"wp:featuredmedia":[{"embeddable":true,"href":"https:\/\/www.lidercare.com\/de\/wp-json\/wp\/v2\/media\/33368"}],"wp:attachment":[{"href":"https:\/\/www.lidercare.com\/de\/wp-json\/wp\/v2\/media?parent=35311"}],"curies":[{"name":"wp","href":"https:\/\/api.w.org\/{rel}","templated":true}]}}