{"id":32916,"date":"2023-09-06T15:01:29","date_gmt":"2023-09-06T07:01:29","guid":{"rendered":"https:\/\/www.lidercare.com\/qualitaetsmanagement\/"},"modified":"2026-03-31T17:30:13","modified_gmt":"2026-03-31T09:30:13","slug":"qualitaetsmanagement","status":"publish","type":"page","link":"https:\/\/www.lidercare.com\/de\/qualitaetsmanagement\/","title":{"rendered":"Qualit\u00e4tsmanagement"},"content":{"rendered":"\t\t<div data-elementor-type=\"wp-page\" data-elementor-id=\"32916\" class=\"elementor elementor-32916 elementor-4983\" data-elementor-post-type=\"page\">\n\t\t\t\t<div class=\"elementor-element elementor-element-3827361f e-flex e-con-boxed e-con e-parent\" data-id=\"3827361f\" data-element_type=\"container\" data-e-type=\"container\" data-settings=\"{&quot;background_background&quot;:&quot;gradient&quot;}\">\n\t\t\t\t\t<div class=\"e-con-inner\">\n\t\t\t\t<div class=\"elementor-element elementor-element-84469c0 elementor-widget elementor-widget-heading\" data-id=\"84469c0\" data-element_type=\"widget\" data-e-type=\"widget\" data-widget_type=\"heading.default\">\n\t\t\t\t<div class=\"elementor-widget-container\">\n\t\t\t\t\t<h1 class=\"elementor-heading-title elementor-size-default\">Qualit\u00e4tsmanagement bei der Herstellung von Zahnpasta<\/h1>\t\t\t\t<\/div>\n\t\t\t\t<\/div>\n\t\t\t\t<div class=\"elementor-element elementor-element-2af4f6de elementor-widget elementor-widget-heading\" data-id=\"2af4f6de\" data-element_type=\"widget\" data-e-type=\"widget\" data-widget_type=\"heading.default\">\n\t\t\t\t<div class=\"elementor-widget-container\">\n\t\t\t\t\t<p class=\"elementor-heading-title elementor-size-default\">Die Lieferung von Qualit\u00e4tsprodukten stellt nicht nur die Zufriedenheit unserer Kunden sicher, sondern f\u00f6rdert auch unser Gesch\u00e4ftswachstum!<\/p>\t\t\t\t<\/div>\n\t\t\t\t<\/div>\n\t\t\t\t<div class=\"elementor-element elementor-element-53c2ca5 elementor-widget elementor-widget-breadcrumbs\" data-id=\"53c2ca5\" data-element_type=\"widget\" data-e-type=\"widget\" data-widget_type=\"breadcrumbs.default\">\n\t\t\t\t<div class=\"elementor-widget-container\">\n\t\t\t\t\t<nav><span class=\"last\">Startseite<\/span><\/nav>\t\t\t\t<\/div>\n\t\t\t\t<\/div>\n\t\t\t\t\t<\/div>\n\t\t\t\t<\/div>\n\t\t<div class=\"elementor-element elementor-element-27b9db8 e-flex e-con-boxed e-con e-parent\" data-id=\"27b9db8\" data-element_type=\"container\" data-e-type=\"container\">\n\t\t\t\t\t<div class=\"e-con-inner\">\n\t\t\t\t<div class=\"elementor-element elementor-element-d22205c elementor-widget elementor-widget-heading\" data-id=\"d22205c\" data-element_type=\"widget\" data-e-type=\"widget\" data-widget_type=\"heading.default\">\n\t\t\t\t<div class=\"elementor-widget-container\">\n\t\t\t\t\t<h2 class=\"elementor-heading-title elementor-size-default\">Abteilung Qualit\u00e4tskontrolle (QC)<\/h2>\t\t\t\t<\/div>\n\t\t\t\t<\/div>\n\t\t\t\t<div class=\"elementor-element elementor-element-d4778d6 elementor-widget elementor-widget-text-editor\" data-id=\"d4778d6\" data-element_type=\"widget\" data-e-type=\"widget\" data-widget_type=\"text-editor.default\">\n\t\t\t\t<div class=\"elementor-widget-container\">\n\t\t\t\t\t\t\t\t\t<p>Die QC-Abteilung ist die wachsame H\u00fcterin unserer Standards. Durch sorgf\u00e4ltige Inspektionen und strenge Tests stellen sie sicher, dass jedes Zahnpastaprodukt den h\u00f6chsten Qualit\u00e4tsma\u00dfst\u00e4ben gerecht wird. <\/p>\t\t\t\t\t\t\t\t<\/div>\n\t\t\t\t<\/div>\n\t\t<div class=\"elementor-element elementor-element-78871cf e-flex e-con-boxed e-con e-child\" data-id=\"78871cf\" data-element_type=\"container\" data-e-type=\"container\">\n\t\t\t\t\t<div class=\"e-con-inner\">\n\t\t<div class=\"elementor-element elementor-element-2130ee7 e-flex e-con-boxed e-con e-child\" data-id=\"2130ee7\" data-element_type=\"container\" data-e-type=\"container\">\n\t\t\t\t\t<div class=\"e-con-inner\">\n\t\t\t\t<div class=\"elementor-element elementor-element-7479582 elementor-widget elementor-widget-heading\" data-id=\"7479582\" data-element_type=\"widget\" data-e-type=\"widget\" data-widget_type=\"heading.default\">\n\t\t\t\t<div class=\"elementor-widget-container\">\n\t\t\t\t\t<h3 class=\"elementor-heading-title elementor-size-default\">H\u00fcter der Qualit\u00e4t<\/h3>\t\t\t\t<\/div>\n\t\t\t\t<\/div>\n\t\t\t\t<div class=\"elementor-element elementor-element-e5f7825 elementor-widget elementor-widget-text-editor\" data-id=\"e5f7825\" data-element_type=\"widget\" data-e-type=\"widget\" data-widget_type=\"text-editor.default\">\n\t\t\t\t<div class=\"elementor-widget-container\">\n\t\t\t\t\t\t\t\t\t<p>Unsere QC-Abteilung ist die H\u00fcterin der Qualit\u00e4t in jeder Phase des Produktionsprozesses. Akribisch ausgebildete QC-Experten inspizieren rigoros die Rohstoffe, \u00fcberwachen die Produktionsprozesse und beurteilen die fertigen Produkte. Ihr Ziel ist es, alle Abweichungen von unseren strengen Qualit\u00e4tsstandards zu erkennen und zu korrigieren, um sicherzustellen, dass nur die beste Zahnpasta unsere Kunden erreicht.  <\/p>\t\t\t\t\t\t\t\t<\/div>\n\t\t\t\t<\/div>\n\t\t\t\t\t<\/div>\n\t\t\t\t<\/div>\n\t\t<div class=\"elementor-element elementor-element-af6ec10 e-flex e-con-boxed e-con e-child\" data-id=\"af6ec10\" data-element_type=\"container\" data-e-type=\"container\">\n\t\t\t\t\t<div class=\"e-con-inner\">\n\t\t\t\t<div class=\"elementor-element elementor-element-7576123 elementor-widget elementor-widget-image\" data-id=\"7576123\" data-element_type=\"widget\" data-e-type=\"widget\" data-widget_type=\"image.default\">\n\t\t\t\t<div class=\"elementor-widget-container\">\n\t\t\t\t\t\t\t\t\t\t\t\t\t\t\t<img fetchpriority=\"high\" decoding=\"async\" width=\"800\" height=\"533\" src=\"https:\/\/www.lidercare.com\/wp-content\/uploads\/Guardians-of-Quality.webp\" class=\"attachment-large size-large wp-image-32918\" alt=\"\" srcset=\"https:\/\/www.lidercare.com\/wp-content\/uploads\/Guardians-of-Quality.webp 800w, https:\/\/www.lidercare.com\/wp-content\/uploads\/Guardians-of-Quality-600x400.webp 600w, https:\/\/www.lidercare.com\/wp-content\/uploads\/Guardians-of-Quality-768x512.webp 768w\" sizes=\"(max-width: 800px) 100vw, 800px\">\t\t\t\t\t\t\t\t\t\t\t\t\t\t\t<\/div>\n\t\t\t\t<\/div>\n\t\t\t\t\t<\/div>\n\t\t\t\t<\/div>\n\t\t\t\t\t<\/div>\n\t\t\t\t<\/div>\n\t\t<div class=\"elementor-element elementor-element-b2b608d e-flex e-con-boxed e-con e-child\" data-id=\"b2b608d\" data-element_type=\"container\" data-e-type=\"container\">\n\t\t\t\t\t<div class=\"e-con-inner\">\n\t\t<div class=\"elementor-element elementor-element-39371ca e-flex e-con-boxed e-con e-child\" data-id=\"39371ca\" data-element_type=\"container\" data-e-type=\"container\">\n\t\t\t\t\t<div class=\"e-con-inner\">\n\t\t\t\t<div class=\"elementor-element elementor-element-3ef319a elementor-widget elementor-widget-image\" data-id=\"3ef319a\" data-element_type=\"widget\" data-e-type=\"widget\" data-widget_type=\"image.default\">\n\t\t\t\t<div class=\"elementor-widget-container\">\n\t\t\t\t\t\t\t\t\t\t\t\t\t\t\t<img decoding=\"async\" width=\"1024\" height=\"576\" src=\"https:\/\/www.lidercare.com\/wp-content\/uploads\/Advanced-Testing-Facilities.jpg\" class=\"attachment-large size-large wp-image-32921\" alt=\"Advanced Testing Facilities\" srcset=\"https:\/\/www.lidercare.com\/wp-content\/uploads\/Advanced-Testing-Facilities.jpg 1024w, https:\/\/www.lidercare.com\/wp-content\/uploads\/Advanced-Testing-Facilities-600x338.jpg 600w, https:\/\/www.lidercare.com\/wp-content\/uploads\/Advanced-Testing-Facilities-768x432.jpg 768w\" sizes=\"(max-width: 1024px) 100vw, 1024px\" \/>\t\t\t\t\t\t\t\t\t\t\t\t\t\t\t<\/div>\n\t\t\t\t<\/div>\n\t\t\t\t\t<\/div>\n\t\t\t\t<\/div>\n\t\t<div class=\"elementor-element elementor-element-5b622e4 e-flex e-con-boxed e-con e-child\" data-id=\"5b622e4\" data-element_type=\"container\" data-e-type=\"container\">\n\t\t\t\t\t<div class=\"e-con-inner\">\n\t\t\t\t<div class=\"elementor-element elementor-element-bcd994a elementor-widget elementor-widget-heading\" data-id=\"bcd994a\" data-element_type=\"widget\" data-e-type=\"widget\" data-widget_type=\"heading.default\">\n\t\t\t\t<div class=\"elementor-widget-container\">\n\t\t\t\t\t<h3 class=\"elementor-heading-title elementor-size-default\">Erweiterte Testeinrichtungen<\/h3>\t\t\t\t<\/div>\n\t\t\t\t<\/div>\n\t\t\t\t<div class=\"elementor-element elementor-element-d747099 elementor-widget elementor-widget-text-editor\" data-id=\"d747099\" data-element_type=\"widget\" data-e-type=\"widget\" data-widget_type=\"text-editor.default\">\n\t\t\t\t<div class=\"elementor-widget-container\">\n\t\t\t\t\t\t\t\t\t<p>Um unseren guten Ruf aufrechtzuerhalten, setzt unsere QC-Abteilung modernste Testger\u00e4te ein. Dazu geh\u00f6ren hochmoderne Spektrometer, Chromatographen und mikrobiologische Analyseger\u00e4te. Diese fortschrittlichen Technologien erm\u00f6glichen es uns, umfassende Tests durchzuf\u00fchren, von der Analyse der chemischen Zusammensetzung bis hin zur mikrobiologischen Sicherheitsbewertung.  <\/p>\t\t\t\t\t\t\t\t<\/div>\n\t\t\t\t<\/div>\n\t\t\t\t\t<\/div>\n\t\t\t\t<\/div>\n\t\t\t\t\t<\/div>\n\t\t\t\t<\/div>\n\t\t\t\t\t<\/div>\n\t\t\t\t<\/div>\n\t\t<div class=\"elementor-element elementor-element-e986a6c e-flex e-con-boxed e-con e-parent\" data-id=\"e986a6c\" data-element_type=\"container\" data-e-type=\"container\" data-settings=\"{&quot;background_background&quot;:&quot;classic&quot;}\">\n\t\t\t\t\t<div class=\"e-con-inner\">\n\t\t\t\t<div class=\"elementor-element elementor-element-be8a12f elementor-widget elementor-widget-heading\" data-id=\"be8a12f\" data-element_type=\"widget\" data-e-type=\"widget\" data-widget_type=\"heading.default\">\n\t\t\t\t<div class=\"elementor-widget-container\">\n\t\t\t\t\t<h2 class=\"elementor-heading-title elementor-size-default\">Reinraumeinrichtungen der Klasse 100.000<\/h2>\t\t\t\t<\/div>\n\t\t\t\t<\/div>\n\t\t\t\t<div class=\"elementor-element elementor-element-72dfc44 elementor-widget elementor-widget-text-editor\" data-id=\"72dfc44\" data-element_type=\"widget\" data-e-type=\"widget\" data-widget_type=\"text-editor.default\">\n\t\t\t\t<div class=\"elementor-widget-container\">\n\t\t\t\t\t\t\t\t\t<p>Unsere Zehntausend-Grad-Reinraumanlage ist ein technisches Wunderwerk, das sorgf\u00e4ltig entworfen wurde, um eine Umgebung frei von Verunreinigungen zu schaffen.<\/p>\t\t\t\t\t\t\t\t<\/div>\n\t\t\t\t<\/div>\n\t\t<div class=\"elementor-element elementor-element-f68fab6 e-flex e-con-boxed e-con e-child\" data-id=\"f68fab6\" data-element_type=\"container\" data-e-type=\"container\">\n\t\t\t\t\t<div class=\"e-con-inner\">\n\t\t<div class=\"elementor-element elementor-element-dcb987a e-flex e-con-boxed e-con e-child\" data-id=\"dcb987a\" data-element_type=\"container\" data-e-type=\"container\">\n\t\t\t\t\t<div class=\"e-con-inner\">\n\t\t\t\t<div class=\"elementor-element elementor-element-02e1025 elementor-widget elementor-widget-heading\" data-id=\"02e1025\" data-element_type=\"widget\" data-e-type=\"widget\" data-widget_type=\"heading.default\">\n\t\t\t\t<div class=\"elementor-widget-container\">\n\t\t\t\t\t<h3 class=\"elementor-heading-title elementor-size-default\">Neue Standards setzen<\/h3>\t\t\t\t<\/div>\n\t\t\t\t<\/div>\n\t\t\t\t<div class=\"elementor-element elementor-element-122c37f elementor-widget elementor-widget-text-editor\" data-id=\"122c37f\" data-element_type=\"widget\" data-e-type=\"widget\" data-widget_type=\"text-editor.default\">\n\t\t\t\t<div class=\"elementor-widget-container\">\n\t\t\t\t\t\t\t\t\t<p>Unser Engagement f\u00fcr Qualit\u00e4t zeigt sich auch in unserer Zehntausend-Grad-Reinraumanlage. Diese Anlage wurde eigens gebaut, um w\u00e4hrend des gesamten <a href=\"https:\/\/www.lidercare.com\/de\/toothpaste-manufacturing-process-2\/\">Herstellungsprozesses der Zahnpasta<\/a> eine sterile und kontrollierte Umgebung zu gew\u00e4hrleisten. Indem wir das Kontaminationsrisiko minimieren, stellen wir sicher, dass unsere Produkte die h\u00f6chsten Reinheits- und Sicherheitsstandards erf\u00fcllen.  <\/p>\t\t\t\t\t\t\t\t<\/div>\n\t\t\t\t<\/div>\n\t\t\t\t\t<\/div>\n\t\t\t\t<\/div>\n\t\t<div class=\"elementor-element elementor-element-4ce9b4a e-flex e-con-boxed e-con e-child\" data-id=\"4ce9b4a\" data-element_type=\"container\" data-e-type=\"container\">\n\t\t\t\t\t<div class=\"e-con-inner\">\n\t\t\t\t<div class=\"elementor-element elementor-element-343daec elementor-widget elementor-widget-image\" data-id=\"343daec\" data-element_type=\"widget\" data-e-type=\"widget\" data-widget_type=\"image.default\">\n\t\t\t\t<div class=\"elementor-widget-container\">\n\t\t\t\t\t\t\t\t\t\t\t\t\t\t\t<img decoding=\"async\" width=\"774\" height=\"499\" src=\"https:\/\/www.lidercare.com\/wp-content\/uploads\/Setting-New-Standards.webp\" class=\"attachment-large size-large wp-image-32919\" alt=\"\" srcset=\"https:\/\/www.lidercare.com\/wp-content\/uploads\/Setting-New-Standards.webp 774w, https:\/\/www.lidercare.com\/wp-content\/uploads\/Setting-New-Standards-600x387.webp 600w, https:\/\/www.lidercare.com\/wp-content\/uploads\/Setting-New-Standards-768x495.webp 768w\" sizes=\"(max-width: 774px) 100vw, 774px\">\t\t\t\t\t\t\t\t\t\t\t\t\t\t\t<\/div>\n\t\t\t\t<\/div>\n\t\t\t\t\t<\/div>\n\t\t\t\t<\/div>\n\t\t\t\t\t<\/div>\n\t\t\t\t<\/div>\n\t\t<div class=\"elementor-element elementor-element-07559af e-flex e-con-boxed e-con e-child\" data-id=\"07559af\" data-element_type=\"container\" data-e-type=\"container\">\n\t\t\t\t\t<div class=\"e-con-inner\">\n\t\t<div class=\"elementor-element elementor-element-8d96ad7 e-flex e-con-boxed e-con e-child\" data-id=\"8d96ad7\" data-element_type=\"container\" data-e-type=\"container\">\n\t\t\t\t\t<div class=\"e-con-inner\">\n\t\t\t\t<div class=\"elementor-element elementor-element-3a1eab6 elementor-widget elementor-widget-image\" data-id=\"3a1eab6\" data-element_type=\"widget\" data-e-type=\"widget\" data-widget_type=\"image.default\">\n\t\t\t\t<div class=\"elementor-widget-container\">\n\t\t\t\t\t\t\t\t\t\t\t\t\t\t\t<img loading=\"lazy\" decoding=\"async\" width=\"612\" height=\"408\" src=\"https:\/\/www.lidercare.com\/wp-content\/uploads\/Stringent-Cleanroom-Protocols.jpg\" class=\"attachment-large size-large wp-image-32920\" alt=\"\" srcset=\"https:\/\/www.lidercare.com\/wp-content\/uploads\/Stringent-Cleanroom-Protocols.jpg 612w, https:\/\/www.lidercare.com\/wp-content\/uploads\/Stringent-Cleanroom-Protocols-600x400.jpg 600w\" sizes=\"(max-width: 612px) 100vw, 612px\">\t\t\t\t\t\t\t\t\t\t\t\t\t\t\t<\/div>\n\t\t\t\t<\/div>\n\t\t\t\t\t<\/div>\n\t\t\t\t<\/div>\n\t\t<div class=\"elementor-element elementor-element-9e40e45 e-flex e-con-boxed e-con e-child\" data-id=\"9e40e45\" data-element_type=\"container\" data-e-type=\"container\">\n\t\t\t\t\t<div class=\"e-con-inner\">\n\t\t\t\t<div class=\"elementor-element elementor-element-38c26f3 elementor-widget elementor-widget-heading\" data-id=\"38c26f3\" data-element_type=\"widget\" data-e-type=\"widget\" data-widget_type=\"heading.default\">\n\t\t\t\t<div class=\"elementor-widget-container\">\n\t\t\t\t\t<h3 class=\"elementor-heading-title elementor-size-default\">Strenge Reinraum-Protokolle<\/h3>\t\t\t\t<\/div>\n\t\t\t\t<\/div>\n\t\t\t\t<div class=\"elementor-element elementor-element-8e48e6f elementor-widget elementor-widget-text-editor\" data-id=\"8e48e6f\" data-element_type=\"widget\" data-e-type=\"widget\" data-widget_type=\"text-editor.default\">\n\t\t\t\t<div class=\"elementor-widget-container\">\n\t\t\t\t\t\t\t\t\t<p>Unser Reinraum unterliegt strengen Protokollen, einschlie\u00dflich regelm\u00e4\u00dfiger Luftqualit\u00e4tskontrollen, Umkleideverfahren f\u00fcr die Mitarbeiter und routinem\u00e4\u00dfiger Sterilisierung der Ger\u00e4te. Diese Ma\u00dfnahmen in Kombination mit unseren hochqualifizierten Mitarbeitern helfen uns, ein H\u00f6chstma\u00df an Hygiene und Konsistenz bei unseren Produkten zu gew\u00e4hrleisten. <\/p>\t\t\t\t\t\t\t\t<\/div>\n\t\t\t\t<\/div>\n\t\t\t\t\t<\/div>\n\t\t\t\t<\/div>\n\t\t\t\t\t<\/div>\n\t\t\t\t<\/div>\n\t\t\t\t\t<\/div>\n\t\t\t\t<\/div>\n\t\t\t\t<\/div>\n\t\t","protected":false},"excerpt":{"rendered":"<p>Qualit\u00e4tsmanagement bei der Herstellung von Zahnpasta Die Lieferung von Qualit\u00e4tsprodukten stellt nicht nur die Zufriedenheit unserer Kunden sicher, sondern f\u00f6rdert auch unser Gesch\u00e4ftswachstum! Home Abteilung Qualit\u00e4tskontrolle (QC) Die QC-Abteilung ist die wachsame H\u00fcterin unserer Standards. Durch sorgf\u00e4ltige Inspektionen und strenge Tests stellen sie sicher, dass jedes Zahnpastaprodukt den h\u00f6chsten Qualit\u00e4tsma\u00dfst\u00e4ben gerecht wird. H\u00fcter der Qualit\u00e4t [&hellip;]<\/p>\n","protected":false},"author":1,"featured_media":32918,"parent":0,"menu_order":0,"comment_status":"closed","ping_status":"closed","template":"elementor_theme","meta":{"_acf_changed":false,"footnotes":""},"class_list":["post-32916","page","type-page","status-publish","has-post-thumbnail","hentry"],"acf":[],"_links":{"self":[{"href":"https:\/\/www.lidercare.com\/de\/wp-json\/wp\/v2\/pages\/32916","targetHints":{"allow":["GET"]}}],"collection":[{"href":"https:\/\/www.lidercare.com\/de\/wp-json\/wp\/v2\/pages"}],"about":[{"href":"https:\/\/www.lidercare.com\/de\/wp-json\/wp\/v2\/types\/page"}],"author":[{"embeddable":true,"href":"https:\/\/www.lidercare.com\/de\/wp-json\/wp\/v2\/users\/1"}],"replies":[{"embeddable":true,"href":"https:\/\/www.lidercare.com\/de\/wp-json\/wp\/v2\/comments?post=32916"}],"version-history":[{"count":5,"href":"https:\/\/www.lidercare.com\/de\/wp-json\/wp\/v2\/pages\/32916\/revisions"}],"predecessor-version":[{"id":95666,"href":"https:\/\/www.lidercare.com\/de\/wp-json\/wp\/v2\/pages\/32916\/revisions\/95666"}],"wp:featuredmedia":[{"embeddable":true,"href":"https:\/\/www.lidercare.com\/de\/wp-json\/wp\/v2\/media\/32918"}],"wp:attachment":[{"href":"https:\/\/www.lidercare.com\/de\/wp-json\/wp\/v2\/media?parent=32916"}],"curies":[{"name":"wp","href":"https:\/\/api.w.org\/{rel}","templated":true}]}}