{"id":32872,"date":"2023-09-05T16:57:02","date_gmt":"2023-09-05T08:57:02","guid":{"rendered":"https:\/\/www.lidercare.com\/nachhaltigkeit\/"},"modified":"2026-03-31T17:40:57","modified_gmt":"2026-03-31T09:40:57","slug":"nachhaltigkeit","status":"publish","type":"page","link":"https:\/\/www.lidercare.com\/de\/nachhaltigkeit\/","title":{"rendered":"Nachhaltigkeit"},"content":{"rendered":"\t\t<div data-elementor-type=\"wp-page\" data-elementor-id=\"32872\" class=\"elementor elementor-32872 elementor-4860\" data-elementor-post-type=\"page\">\n\t\t\t\t<div class=\"elementor-element elementor-element-3ec8080c e-flex e-con-boxed e-con e-parent\" data-id=\"3ec8080c\" data-element_type=\"container\" data-e-type=\"container\" data-settings=\"{&quot;background_background&quot;:&quot;gradient&quot;}\">\n\t\t\t\t\t<div class=\"e-con-inner\">\n\t\t\t\t<div class=\"elementor-element elementor-element-3ba6b50e elementor-widget elementor-widget-heading\" data-id=\"3ba6b50e\" data-element_type=\"widget\" data-e-type=\"widget\" data-widget_type=\"heading.default\">\n\t\t\t\t<div class=\"elementor-widget-container\">\n\t\t\t\t\t<h1 class=\"elementor-heading-title elementor-size-default\">Nachhaltigkeit in allen Bereichen<\/h1>\t\t\t\t<\/div>\n\t\t\t\t<\/div>\n\t\t\t\t<div class=\"elementor-element elementor-element-4b2f41c elementor-widget elementor-widget-text-editor\" data-id=\"4b2f41c\" data-element_type=\"widget\" data-e-type=\"widget\" data-widget_type=\"text-editor.default\">\n\t\t\t\t<div class=\"elementor-widget-container\">\n\t\t\t\t\t\t\t\t\t<p>Arbeiten Sie zusammen, um mehr f\u00fcr die Umwelt zu tun!<\/p>\t\t\t\t\t\t\t\t<\/div>\n\t\t\t\t<\/div>\n\t\t\t\t<div class=\"elementor-element elementor-element-1b8010a elementor-mobile-align-left elementor-widget elementor-widget-breadcrumbs\" data-id=\"1b8010a\" data-element_type=\"widget\" data-e-type=\"widget\" data-widget_type=\"breadcrumbs.default\">\n\t\t\t\t<div class=\"elementor-widget-container\">\n\t\t\t\t\t<nav><span class=\"last\">Startseite<\/span><\/nav>\t\t\t\t<\/div>\n\t\t\t\t<\/div>\n\t\t\t\t\t<\/div>\n\t\t\t\t<\/div>\n\t\t<div class=\"elementor-element elementor-element-23d9256 e-flex e-con-boxed e-con e-parent\" data-id=\"23d9256\" data-element_type=\"container\" data-e-type=\"container\">\n\t\t\t\t\t<div class=\"e-con-inner\">\n\t\t<div class=\"elementor-element elementor-element-8979832 e-flex e-con-boxed e-con e-child\" data-id=\"8979832\" data-element_type=\"container\" data-e-type=\"container\">\n\t\t\t\t\t<div class=\"e-con-inner\">\n\t\t<div class=\"elementor-element elementor-element-8df8778 e-flex e-con-boxed e-con e-child\" data-id=\"8df8778\" data-element_type=\"container\" data-e-type=\"container\">\n\t\t\t\t\t<div class=\"e-con-inner\">\n\t\t\t\t<div class=\"elementor-element elementor-element-6559394 elementor-view-default elementor-widget elementor-widget-icon\" data-id=\"6559394\" data-element_type=\"widget\" data-e-type=\"widget\" data-widget_type=\"icon.default\">\n\t\t\t\t<div class=\"elementor-widget-container\">\n\t\t\t\t\t\t\t<div class=\"elementor-icon-wrapper\">\n\t\t\t<div class=\"elementor-icon\">\n\t\t\t<svg aria-hidden=\"true\" class=\"e-font-icon-svg e-fas-quote-left\" viewBox=\"0 0 512 512\" xmlns=\"http:\/\/www.w3.org\/2000\/svg\"><path d=\"M464 256h-80v-64c0-35.3 28.7-64 64-64h8c13.3 0 24-10.7 24-24V56c0-13.3-10.7-24-24-24h-8c-88.4 0-160 71.6-160 160v240c0 26.5 21.5 48 48 48h128c26.5 0 48-21.5 48-48V304c0-26.5-21.5-48-48-48zm-288 0H96v-64c0-35.3 28.7-64 64-64h8c13.3 0 24-10.7 24-24V56c0-13.3-10.7-24-24-24h-8C71.6 32 0 103.6 0 192v240c0 26.5 21.5 48 48 48h128c26.5 0 48-21.5 48-48V304c0-26.5-21.5-48-48-48z\"><\/path><\/svg>\t\t\t<\/div>\n\t\t<\/div>\n\t\t\t\t\t\t<\/div>\n\t\t\t\t<\/div>\n\t\t\t\t<div class=\"elementor-element elementor-element-c26fb40 elementor-widget elementor-widget-text-editor\" data-id=\"c26fb40\" data-element_type=\"widget\" data-e-type=\"widget\" data-widget_type=\"text-editor.default\">\n\t\t\t\t<div class=\"elementor-widget-container\">\n\t\t\t\t\t\t\t\t\t<p>Lidercare hat sich verpflichtet, bei der Herstellung, der Vermarktung unserer Produkte und dem Betrieb unserer Anlagen alle geltenden Umweltvorschriften und -bestimmungen einzuhalten. Wir halten nicht nur die Mindeststandards ein, sondern streben danach, sie zu \u00fcbertreffen. Lidercare hat strenge Standards f\u00fcr die Umweltleistung und alle unsere Einrichtungen verf\u00fcgen \u00fcber vollst\u00e4ndig implementierte Umweltmanagementsysteme, die eine breite Palette von Kategorien wie Energieeffizienz, Klima, Wassermanagement und Abfallmanagement abdecken. <\/p>\t\t\t\t\t\t\t\t<\/div>\n\t\t\t\t<\/div>\n\t\t\t\t<div class=\"elementor-element elementor-element-52505c4 elementor-view-default elementor-widget elementor-widget-icon\" data-id=\"52505c4\" data-element_type=\"widget\" data-e-type=\"widget\" data-widget_type=\"icon.default\">\n\t\t\t\t<div class=\"elementor-widget-container\">\n\t\t\t\t\t\t\t<div class=\"elementor-icon-wrapper\">\n\t\t\t<div class=\"elementor-icon\">\n\t\t\t<svg aria-hidden=\"true\" class=\"e-font-icon-svg e-fas-quote-right\" viewBox=\"0 0 512 512\" xmlns=\"http:\/\/www.w3.org\/2000\/svg\"><path d=\"M464 32H336c-26.5 0-48 21.5-48 48v128c0 26.5 21.5 48 48 48h80v64c0 35.3-28.7 64-64 64h-8c-13.3 0-24 10.7-24 24v48c0 13.3 10.7 24 24 24h8c88.4 0 160-71.6 160-160V80c0-26.5-21.5-48-48-48zm-288 0H48C21.5 32 0 53.5 0 80v128c0 26.5 21.5 48 48 48h80v64c0 35.3-28.7 64-64 64h-8c-13.3 0-24 10.7-24 24v48c0 13.3 10.7 24 24 24h8c88.4 0 160-71.6 160-160V80c0-26.5-21.5-48-48-48z\"><\/path><\/svg>\t\t\t<\/div>\n\t\t<\/div>\n\t\t\t\t\t\t<\/div>\n\t\t\t\t<\/div>\n\t\t\t\t\t<\/div>\n\t\t\t\t<\/div>\n\t\t<div class=\"elementor-element elementor-element-c33f9a6 e-flex e-con-boxed e-con e-child\" data-id=\"c33f9a6\" data-element_type=\"container\" data-e-type=\"container\">\n\t\t\t\t\t<div class=\"e-con-inner\">\n\t\t\t\t<div class=\"elementor-element elementor-element-959fa38 elementor-widget elementor-widget-image\" data-id=\"959fa38\" data-element_type=\"widget\" data-e-type=\"widget\" data-widget_type=\"image.default\">\n\t\t\t\t<div class=\"elementor-widget-container\">\n\t\t\t\t\t\t\t\t\t\t\t\t\t\t\t<img fetchpriority=\"high\" decoding=\"async\" width=\"768\" height=\"512\" src=\"https:\/\/www.lidercare.com\/wp-content\/uploads\/Sustainability-768x512.webp\" class=\"attachment-medium_large size-medium_large wp-image-32879\" alt=\"\" srcset=\"https:\/\/www.lidercare.com\/wp-content\/uploads\/Sustainability-768x512.webp 768w, https:\/\/www.lidercare.com\/wp-content\/uploads\/Sustainability-600x400.webp 600w, https:\/\/www.lidercare.com\/wp-content\/uploads\/Sustainability.webp 800w\" sizes=\"(max-width: 768px) 100vw, 768px\">\t\t\t\t\t\t\t\t\t\t\t\t\t\t\t<\/div>\n\t\t\t\t<\/div>\n\t\t\t\t\t<\/div>\n\t\t\t\t<\/div>\n\t\t\t\t\t<\/div>\n\t\t\t\t<\/div>\n\t\t\t\t\t<\/div>\n\t\t\t\t<\/div>\n\t\t<div class=\"elementor-element elementor-element-655c600 e-flex e-con-boxed e-con e-parent\" data-id=\"655c600\" data-element_type=\"container\" data-e-type=\"container\">\n\t\t\t\t\t<div class=\"e-con-inner\">\n\t\t\t\t<div class=\"elementor-element elementor-element-22ad5bf elementor-widget elementor-widget-heading\" data-id=\"22ad5bf\" data-element_type=\"widget\" data-e-type=\"widget\" data-widget_type=\"heading.default\">\n\t\t\t\t<div class=\"elementor-widget-container\">\n\t\t\t\t\t<h2 class=\"elementor-heading-title elementor-size-default\">Geringere Umweltbelastung<\/h2>\t\t\t\t<\/div>\n\t\t\t\t<\/div>\n\t\t\t\t<div class=\"elementor-element elementor-element-ba506b2 elementor-widget elementor-widget-text-editor\" data-id=\"ba506b2\" data-element_type=\"widget\" data-e-type=\"widget\" data-widget_type=\"text-editor.default\">\n\t\t\t\t<div class=\"elementor-widget-container\">\n\t\t\t\t\t\t\t\t\t<p>Wir sind uns unseres Einflusses auf die Umwelt bewusst und verstehen die Notwendigkeit, sie zu sch\u00fctzen. Wir setzen uns daf\u00fcr ein, den Planeten zu einem gl\u00fccklicheren Ort zu machen und tragen unseren Teil dazu bei. <\/p>\t\t\t\t\t\t\t\t<\/div>\n\t\t\t\t<\/div>\n\t\t<div class=\"elementor-element elementor-element-05ea64e e-grid e-con-full e-con e-child\" data-id=\"05ea64e\" data-element_type=\"container\" data-e-type=\"container\">\n\t\t<div class=\"elementor-element elementor-element-ec4c003 e-con-full e-flex e-con e-child\" data-id=\"ec4c003\" data-element_type=\"container\" data-e-type=\"container\">\n\t\t\t\t<div class=\"elementor-element elementor-element-bc91deb elementor-widget elementor-widget-image\" data-id=\"bc91deb\" data-element_type=\"widget\" data-e-type=\"widget\" data-widget_type=\"image.default\">\n\t\t\t\t<div class=\"elementor-widget-container\">\n\t\t\t\t\t\t\t\t\t\t\t\t\t\t\t<img decoding=\"async\" src=\"https:\/\/www.lidercare.com\/wp-content\/uploads\/elementor\/thumbs\/organic-icon-qfo1yn24sbu3r0fsi7v8jllyqhmxqx1kb33072zluk.webp\" title=\"organic icon\" alt=\"organic icon\" loading=\"lazy\" \/>\t\t\t\t\t\t\t\t\t\t\t\t\t\t\t<\/div>\n\t\t\t\t<\/div>\n\t\t\t\t<div class=\"elementor-element elementor-element-182ce62 elementor-widget elementor-widget-heading\" data-id=\"182ce62\" data-element_type=\"widget\" data-e-type=\"widget\" data-widget_type=\"heading.default\">\n\t\t\t\t<div class=\"elementor-widget-container\">\n\t\t\t\t\t<h3 class=\"elementor-heading-title elementor-size-default\">vegan<\/h3>\t\t\t\t<\/div>\n\t\t\t\t<\/div>\n\t\t\t\t<div class=\"elementor-element elementor-element-7ef6024 elementor-widget elementor-widget-text-editor\" data-id=\"7ef6024\" data-element_type=\"widget\" data-e-type=\"widget\" data-widget_type=\"text-editor.default\">\n\t\t\t\t<div class=\"elementor-widget-container\">\n\t\t\t\t\t\t\t\t\t<p>Viele unserer Produkte sind vegan und enthalten keine tierischen Inhaltsstoffe, tierischen Nebenprodukte oder Zusatzstoffe.<\/p>\t\t\t\t\t\t\t\t<\/div>\n\t\t\t\t<\/div>\n\t\t\t\t<\/div>\n\t\t<div class=\"elementor-element elementor-element-32cf705 e-con-full e-flex e-con e-child\" data-id=\"32cf705\" data-element_type=\"container\" data-e-type=\"container\">\n\t\t\t\t<div class=\"elementor-element elementor-element-769bf4a elementor-widget elementor-widget-image\" data-id=\"769bf4a\" data-element_type=\"widget\" data-e-type=\"widget\" data-widget_type=\"image.default\">\n\t\t\t\t<div class=\"elementor-widget-container\">\n\t\t\t\t\t\t\t\t\t\t\t\t\t\t\t<img decoding=\"async\" src=\"https:\/\/www.lidercare.com\/wp-content\/uploads\/elementor\/thumbs\/Gluten-free-qfo1yk8m7tq8s6jvyoncu4bkyc0u3tqdap4jr93sd8.webp\" title=\"Gluten-free\" alt=\"Gluten-free\" loading=\"lazy\" \/>\t\t\t\t\t\t\t\t\t\t\t\t\t\t\t<\/div>\n\t\t\t\t<\/div>\n\t\t\t\t<div class=\"elementor-element elementor-element-b63db3e elementor-widget elementor-widget-heading\" data-id=\"b63db3e\" data-element_type=\"widget\" data-e-type=\"widget\" data-widget_type=\"heading.default\">\n\t\t\t\t<div class=\"elementor-widget-container\">\n\t\t\t\t\t<h3 class=\"elementor-heading-title elementor-size-default\">Glutenfrei<\/h3>\t\t\t\t<\/div>\n\t\t\t\t<\/div>\n\t\t\t\t<div class=\"elementor-element elementor-element-58444e4 elementor-widget elementor-widget-text-editor\" data-id=\"58444e4\" data-element_type=\"widget\" data-e-type=\"widget\" data-widget_type=\"text-editor.default\">\n\t\t\t\t<div class=\"elementor-widget-container\">\n\t\t\t\t\t\t\t\t\t<p>Unsere Produkte sind frei von Gluten, das in Weizen, Roggen und Gerste vorkommt.<\/p>\t\t\t\t\t\t\t\t<\/div>\n\t\t\t\t<\/div>\n\t\t\t\t<\/div>\n\t\t<div class=\"elementor-element elementor-element-b4c9086 e-con-full e-flex e-con e-child\" data-id=\"b4c9086\" data-element_type=\"container\" data-e-type=\"container\">\n\t\t\t\t<div class=\"elementor-element elementor-element-6309bf3 elementor-widget elementor-widget-image\" data-id=\"6309bf3\" data-element_type=\"widget\" data-e-type=\"widget\" data-widget_type=\"image.default\">\n\t\t\t\t<div class=\"elementor-widget-container\">\n\t\t\t\t\t\t\t\t\t\t\t\t\t\t\t<img decoding=\"async\" src=\"https:\/\/www.lidercare.com\/wp-content\/uploads\/elementor\/thumbs\/Sugar-free-qfo1ynzyz5ve2mefcq9v43dfbviaym5an7qhocy7oc.webp\" title=\"Sugar free\" alt=\"Sugar free\" loading=\"lazy\" \/>\t\t\t\t\t\t\t\t\t\t\t\t\t\t\t<\/div>\n\t\t\t\t<\/div>\n\t\t\t\t<div class=\"elementor-element elementor-element-08297bb elementor-widget elementor-widget-heading\" data-id=\"08297bb\" data-element_type=\"widget\" data-e-type=\"widget\" data-widget_type=\"heading.default\">\n\t\t\t\t<div class=\"elementor-widget-container\">\n\t\t\t\t\t<h3 class=\"elementor-heading-title elementor-size-default\">Zuckerfrei<\/h3>\t\t\t\t<\/div>\n\t\t\t\t<\/div>\n\t\t\t\t<div class=\"elementor-element elementor-element-07114c9 elementor-widget elementor-widget-text-editor\" data-id=\"07114c9\" data-element_type=\"widget\" data-e-type=\"widget\" data-widget_type=\"text-editor.default\">\n\t\t\t\t<div class=\"elementor-widget-container\">\n\t\t\t\t\t\t\t\t\t<p>Wir f\u00fcgen unseren Produkten keinen Zucker zu, sondern verwenden Zuckerersatzstoffe oder k\u00fcnstliche und nat\u00fcrliche S\u00fc\u00dfstoffe zur Verbesserung des Geschmacks.<\/p>\t\t\t\t\t\t\t\t<\/div>\n\t\t\t\t<\/div>\n\t\t\t\t<\/div>\n\t\t<div class=\"elementor-element elementor-element-d4859b6 e-con-full e-flex e-con e-child\" data-id=\"d4859b6\" data-element_type=\"container\" data-e-type=\"container\">\n\t\t\t\t<div class=\"elementor-element elementor-element-28d1075 elementor-widget elementor-widget-image\" data-id=\"28d1075\" data-element_type=\"widget\" data-e-type=\"widget\" data-widget_type=\"image.default\">\n\t\t\t\t<div class=\"elementor-widget-container\">\n\t\t\t\t\t\t\t\t\t\t\t\t\t\t\t<img decoding=\"async\" width=\"128\" height=\"96\" src=\"https:\/\/www.lidercare.com\/wp-content\/uploads\/CrueltyFreeLogo_jpg.webp\" class=\"attachment-thumbnail size-thumbnail wp-image-32874\" alt=\"\">\t\t\t\t\t\t\t\t\t\t\t\t\t\t\t<\/div>\n\t\t\t\t<\/div>\n\t\t\t\t<div class=\"elementor-element elementor-element-6989552 elementor-widget elementor-widget-heading\" data-id=\"6989552\" data-element_type=\"widget\" data-e-type=\"widget\" data-widget_type=\"heading.default\">\n\t\t\t\t<div class=\"elementor-widget-container\">\n\t\t\t\t\t<h3 class=\"elementor-heading-title elementor-size-default\">Keine Tierversuche<\/h3>\t\t\t\t<\/div>\n\t\t\t\t<\/div>\n\t\t\t\t<div class=\"elementor-element elementor-element-4f3fbec elementor-widget elementor-widget-text-editor\" data-id=\"4f3fbec\" data-element_type=\"widget\" data-e-type=\"widget\" data-widget_type=\"text-editor.default\">\n\t\t\t\t<div class=\"elementor-widget-container\">\n\t\t\t\t\t\t\t\t\t<p>Wir unterst\u00fctzen aktiv die internationalen Vorschriften und Richtlinien f\u00fcr tierversuchsfreie Produkte und halten diese ein, um sicherzustellen, dass unsere Produkte weltweit frei von Grausamkeiten sind!<\/p>\t\t\t\t\t\t\t\t<\/div>\n\t\t\t\t<\/div>\n\t\t\t\t<\/div>\n\t\t\t\t<\/div>\n\t\t\t\t\t<\/div>\n\t\t\t\t<\/div>\n\t\t<div class=\"elementor-element elementor-element-7c29da6 e-flex e-con-boxed e-con e-parent\" data-id=\"7c29da6\" data-element_type=\"container\" data-e-type=\"container\">\n\t\t\t\t\t<div class=\"e-con-inner\">\n\t\t\t\t<div class=\"elementor-element elementor-element-4a4369b elementor-widget elementor-widget-heading\" data-id=\"4a4369b\" data-element_type=\"widget\" data-e-type=\"widget\" data-widget_type=\"heading.default\">\n\t\t\t\t<div class=\"elementor-widget-container\">\n\t\t\t\t\t<h2 class=\"elementor-heading-title elementor-size-default\">Wir produzieren verantwortungsvoll<\/h2>\t\t\t\t<\/div>\n\t\t\t\t<\/div>\n\t\t\t\t<div class=\"elementor-element elementor-element-b6a591a elementor-widget elementor-widget-text-editor\" data-id=\"b6a591a\" data-element_type=\"widget\" data-e-type=\"widget\" data-widget_type=\"text-editor.default\">\n\t\t\t\t<div class=\"elementor-widget-container\">\n\t\t\t\t\t\t\t\t\t<p>Unsere Produktionsst\u00e4tten sind sichere Arbeitsumgebungen f\u00fcr unsere Teams. Auf dem Weg zu unserem Ziel, ein abfallfreies Unternehmen zu werden, haben wir erhebliche Fortschritte bei der Energie- und Wassereffizienz gemacht. <\/p>\t\t\t\t\t\t\t\t<\/div>\n\t\t\t\t<\/div>\n\t\t<div class=\"elementor-element elementor-element-0eb82df e-grid e-con-full e-con e-child\" data-id=\"0eb82df\" data-element_type=\"container\" data-e-type=\"container\">\n\t\t<div class=\"elementor-element elementor-element-4f14b4f e-con-full e-flex e-con e-child\" data-id=\"4f14b4f\" data-element_type=\"container\" data-e-type=\"container\">\n\t\t\t\t<div class=\"elementor-element elementor-element-fbf861f elementor-widget elementor-widget-image\" data-id=\"fbf861f\" data-element_type=\"widget\" data-e-type=\"widget\" data-widget_type=\"image.default\">\n\t\t\t\t<div class=\"elementor-widget-container\">\n\t\t\t\t\t\t\t\t\t\t\t\t\t\t\t<img decoding=\"async\" width=\"150\" height=\"150\" src=\"https:\/\/www.lidercare.com\/wp-content\/uploads\/New-Recyclable-Tubes.webp\" class=\"attachment-large size-large wp-image-32876\" alt=\"\" srcset=\"https:\/\/www.lidercare.com\/wp-content\/uploads\/New-Recyclable-Tubes.webp 150w, https:\/\/www.lidercare.com\/wp-content\/uploads\/New-Recyclable-Tubes-100x100.webp 100w\" sizes=\"(max-width: 150px) 100vw, 150px\">\t\t\t\t\t\t\t\t\t\t\t\t\t\t\t<\/div>\n\t\t\t\t<\/div>\n\t\t\t\t<div class=\"elementor-element elementor-element-9171da4 elementor-widget elementor-widget-heading\" data-id=\"9171da4\" data-element_type=\"widget\" data-e-type=\"widget\" data-widget_type=\"heading.default\">\n\t\t\t\t<div class=\"elementor-widget-container\">\n\t\t\t\t\t<h3 class=\"elementor-heading-title elementor-size-default\">Neue wiederverwertbare Tuben<\/h3>\t\t\t\t<\/div>\n\t\t\t\t<\/div>\n\t\t\t\t<div class=\"elementor-element elementor-element-9fa0f87 elementor-widget elementor-widget-text-editor\" data-id=\"9fa0f87\" data-element_type=\"widget\" data-e-type=\"widget\" data-widget_type=\"text-editor.default\">\n\t\t\t\t<div class=\"elementor-widget-container\">\n\t\t\t\t\t\t\t\t\t<p>Der Schlauch besteht haupts\u00e4chlich aus HDPE (High Density Polyethylene), einem recycelbaren Kunststoff der Nr. 2, und die Kappe ist aus PP (Polypropylen), einem recycelbaren Kunststoff der Nr. 5, hergestellt. Nach dem Recycling werden die Schl\u00e4uche zur Sortierung an einen Abfallverwerter und anschlie\u00dfend an eine Verarbeitungsanlage geschickt, wo die HDPE-Materialien wie Plastikflaschen in kleine Pellets umgewandelt werden, die zu neuen Produkten und Verpackungen verarbeitet werden k\u00f6nnen. <\/p>\t\t\t\t\t\t\t\t<\/div>\n\t\t\t\t<\/div>\n\t\t\t\t<\/div>\n\t\t<div class=\"elementor-element elementor-element-9459aeb e-con-full e-flex e-con e-child\" data-id=\"9459aeb\" data-element_type=\"container\" data-e-type=\"container\">\n\t\t\t\t<div class=\"elementor-element elementor-element-238307d elementor-widget elementor-widget-image\" data-id=\"238307d\" data-element_type=\"widget\" data-e-type=\"widget\" data-widget_type=\"image.default\">\n\t\t\t\t<div class=\"elementor-widget-container\">\n\t\t\t\t\t\t\t\t\t\t\t\t\t\t\t<img loading=\"lazy\" decoding=\"async\" width=\"254\" height=\"150\" src=\"https:\/\/www.lidercare.com\/wp-content\/uploads\/Water-conservation.webp\" class=\"attachment-large size-large wp-image-32881\" alt=\"\">\t\t\t\t\t\t\t\t\t\t\t\t\t\t\t<\/div>\n\t\t\t\t<\/div>\n\t\t\t\t<div class=\"elementor-element elementor-element-1cd6ad5 elementor-widget elementor-widget-heading\" data-id=\"1cd6ad5\" data-element_type=\"widget\" data-e-type=\"widget\" data-widget_type=\"heading.default\">\n\t\t\t\t<div class=\"elementor-widget-container\">\n\t\t\t\t\t<h3 class=\"elementor-heading-title elementor-size-default\">Wasserschutz<\/h3>\t\t\t\t<\/div>\n\t\t\t\t<\/div>\n\t\t\t\t<div class=\"elementor-element elementor-element-4ad300d elementor-widget elementor-widget-text-editor\" data-id=\"4ad300d\" data-element_type=\"widget\" data-e-type=\"widget\" data-widget_type=\"text-editor.default\">\n\t\t\t\t<div class=\"elementor-widget-container\">\n\t\t\t\t\t\t\t\t\t<p>Wir werden unsere Produktionsprozesse weiter verbessern, um die Wassereffizienz bis 2030 um 35% zu steigern. Wenn wir jedoch zusammenarbeiten, k\u00f6nnen wir den Wasserverbrauch sogar noch st\u00e4rker beeinflussen. Wenn Sie beim Z\u00e4hneputzen einfach den Wasserhahn zudrehen, k\u00f6nnen Sie bis zu acht Gallonen Wasser pro Tag sparen!  <\/p>\t\t\t\t\t\t\t\t<\/div>\n\t\t\t\t<\/div>\n\t\t\t\t<\/div>\n\t\t<div class=\"elementor-element elementor-element-27d06b4 e-con-full e-flex e-con e-child\" data-id=\"27d06b4\" data-element_type=\"container\" data-e-type=\"container\">\n\t\t\t\t<div class=\"elementor-element elementor-element-0995756 elementor-widget elementor-widget-image\" data-id=\"0995756\" data-element_type=\"widget\" data-e-type=\"widget\" data-widget_type=\"image.default\">\n\t\t\t\t<div class=\"elementor-widget-container\">\n\t\t\t\t\t\t\t\t\t\t\t\t\t\t\t<img loading=\"lazy\" decoding=\"async\" width=\"264\" height=\"150\" src=\"https:\/\/www.lidercare.com\/wp-content\/uploads\/Use-of-clean-energy.webp\" class=\"attachment-large size-large wp-image-32880\" alt=\"\">\t\t\t\t\t\t\t\t\t\t\t\t\t\t\t<\/div>\n\t\t\t\t<\/div>\n\t\t\t\t<div class=\"elementor-element elementor-element-7d9720a elementor-widget elementor-widget-heading\" data-id=\"7d9720a\" data-element_type=\"widget\" data-e-type=\"widget\" data-widget_type=\"heading.default\">\n\t\t\t\t<div class=\"elementor-widget-container\">\n\t\t\t\t\t<h3 class=\"elementor-heading-title elementor-size-default\">Einsatz von sauberer Energie<\/h3>\t\t\t\t<\/div>\n\t\t\t\t<\/div>\n\t\t\t\t<div class=\"elementor-element elementor-element-a7e83c5 elementor-widget elementor-widget-text-editor\" data-id=\"a7e83c5\" data-element_type=\"widget\" data-e-type=\"widget\" data-widget_type=\"text-editor.default\">\n\t\t\t\t<div class=\"elementor-widget-container\">\n\t\t\t\t\t\t\t\t\t<p>Unsere Produktionsst\u00e4tten werden bei der Herstellung von Zahnpasta und Zahnb\u00fcrsten mit 100 % erneuerbarer Energie betrieben. Das reduziert die Treibhausgasemissionen in einer Gr\u00f6\u00dfenordnung, die der Menge an Treibhausgasen entspricht, die 10.000 Autos im Laufe eines Jahres aussto\u00dfen!<\/p>\t\t\t\t\t\t\t\t<\/div>\n\t\t\t\t<\/div>\n\t\t\t\t<\/div>\n\t\t\t\t<\/div>\n\t\t\t\t\t<\/div>\n\t\t\t\t<\/div>\n\t\t\t\t<\/div>\n\t\t","protected":false},"excerpt":{"rendered":"<p>Nachhaltigkeit in allen Bereichen Arbeiten Sie zusammen, um mehr f\u00fcr die Umwelt zu tun! Home Lidercare hat sich verpflichtet, bei der Herstellung, der Vermarktung unserer Produkte und dem Betrieb unserer Anlagen alle geltenden Umweltvorschriften und -bestimmungen einzuhalten. Wir halten nicht nur die Mindeststandards ein, sondern streben danach, sie zu \u00fcbertreffen. Lidercare hat strenge Standards f\u00fcr [&hellip;]<\/p>\n","protected":false},"author":1,"featured_media":32879,"parent":0,"menu_order":0,"comment_status":"closed","ping_status":"closed","template":"elementor_theme","meta":{"_acf_changed":false,"footnotes":""},"class_list":["post-32872","page","type-page","status-publish","has-post-thumbnail","hentry"],"acf":[],"_links":{"self":[{"href":"https:\/\/www.lidercare.com\/de\/wp-json\/wp\/v2\/pages\/32872","targetHints":{"allow":["GET"]}}],"collection":[{"href":"https:\/\/www.lidercare.com\/de\/wp-json\/wp\/v2\/pages"}],"about":[{"href":"https:\/\/www.lidercare.com\/de\/wp-json\/wp\/v2\/types\/page"}],"author":[{"embeddable":true,"href":"https:\/\/www.lidercare.com\/de\/wp-json\/wp\/v2\/users\/1"}],"replies":[{"embeddable":true,"href":"https:\/\/www.lidercare.com\/de\/wp-json\/wp\/v2\/comments?post=32872"}],"version-history":[{"count":4,"href":"https:\/\/www.lidercare.com\/de\/wp-json\/wp\/v2\/pages\/32872\/revisions"}],"predecessor-version":[{"id":95711,"href":"https:\/\/www.lidercare.com\/de\/wp-json\/wp\/v2\/pages\/32872\/revisions\/95711"}],"wp:featuredmedia":[{"embeddable":true,"href":"https:\/\/www.lidercare.com\/de\/wp-json\/wp\/v2\/media\/32879"}],"wp:attachment":[{"href":"https:\/\/www.lidercare.com\/de\/wp-json\/wp\/v2\/media?parent=32872"}],"curies":[{"name":"wp","href":"https:\/\/api.w.org\/{rel}","templated":true}]}}